{"id":593390,"date":"2022-08-16T16:40:49","date_gmt":"2022-08-16T16:40:49","guid":{"rendered":"https:\/\/aukinkochile.com\/web\/producto\/juego-de-mesa-dog-kids-2\/"},"modified":"2024-08-06T19:37:57","modified_gmt":"2024-08-06T19:37:57","slug":"juego-de-mesa-dog-kids-2","status":"publish","type":"product","link":"https:\/\/aukinkochile.com\/web\/producto\/juego-de-mesa-dog-kids-2\/","title":{"rendered":"Juego de Mesa Dog Kids"},"content":{"rendered":"<p>Parece un Ludo, pero es Dog, ahora en la versi\u00f3n para los m\u00e1s peque\u00f1os de la casa. Dos personas siempre juegan juntas formando un equipo. Todos los jugadores intentan mover sus propias piezas desde la casa hasta el \u00e1rea objetivo lo m\u00e1s r\u00e1pido posible. Las piezas se mueven mediante cartas, no es posible ganar solo; habr\u00e1 que ayudarse dentro del equipo para ser el ganador del juego. El equipo que haya colocado primero todas sus 8 piezas en el \u00e1rea objetivo gana. Para pasar horas de diversi\u00f3n.<\/p>\n<p><p><strong>Material : <\/strong> Cart\u00f3n Grueso<\/p>\n<p><strong>C\u00f3digo Aukinko : <\/strong> 13-240554<\/p>\n<p><strong>C\u00f3digo Convenio Marco : <\/strong> x<\/p>\n","protected":false},"excerpt":{"rendered":"<p>Parece un Ludo, pero es Dog, ahora en la versi\u00f3n para los m\u00e1s peque\u00f1os de la casa. Dos personas siempre juegan juntas formando un equipo. Todos los jugadores intentan mover sus propias piezas desde la casa hasta el \u00e1rea objetivo lo m\u00e1s r\u00e1pido posible. Las piezas se mueven mediante cartas, no es posible ganar solo; [&hellip;]<\/p>\n","protected":false},"featured_media":627159,"comment_status":"open","ping_status":"closed","template":"","meta":{"_et_pb_use_builder":"","_et_pb_old_content":"","_et_gb_content_width":""},"product_brand":[],"product_cat":[149],"product_tag":[],"class_list":{"0":"post-593390","1":"product","2":"type-product","3":"status-publish","4":"has-post-thumbnail","6":"product_cat-juegos-de-mesa","7":"pa_edad-10-anos","8":"pa_edad-8-a-10-anos","9":"pa_marca-schmidt","10":"pa_medidas-19-x-27","11":"pa_medidas-50-x-6","12":"pa_medidas-70-cm","14":"first","15":"instock","16":"shipping-taxable","17":"purchasable","18":"product-type-simple"},"aioseo_notices":[],"_links":{"self":[{"href":"https:\/\/aukinkochile.com\/web\/wp-json\/wp\/v2\/product\/593390","targetHints":{"allow":["GET"]}}],"collection":[{"href":"https:\/\/aukinkochile.com\/web\/wp-json\/wp\/v2\/product"}],"about":[{"href":"https:\/\/aukinkochile.com\/web\/wp-json\/wp\/v2\/types\/product"}],"replies":[{"embeddable":true,"href":"https:\/\/aukinkochile.com\/web\/wp-json\/wp\/v2\/comments?post=593390"}],"wp:featuredmedia":[{"embeddable":true,"href":"https:\/\/aukinkochile.com\/web\/wp-json\/wp\/v2\/media\/627159"}],"wp:attachment":[{"href":"https:\/\/aukinkochile.com\/web\/wp-json\/wp\/v2\/media?parent=593390"}],"wp:term":[{"taxonomy":"product_brand","embeddable":true,"href":"https:\/\/aukinkochile.com\/web\/wp-json\/wp\/v2\/product_brand?post=593390"},{"taxonomy":"product_cat","embeddable":true,"href":"https:\/\/aukinkochile.com\/web\/wp-json\/wp\/v2\/product_cat?post=593390"},{"taxonomy":"product_tag","embeddable":true,"href":"https:\/\/aukinkochile.com\/web\/wp-json\/wp\/v2\/product_tag?post=593390"}],"curies":[{"name":"wp","href":"https:\/\/api.w.org\/{rel}","templated":true}]}}