{"id":593384,"date":"2022-08-16T16:40:47","date_gmt":"2022-08-16T16:40:47","guid":{"rendered":"https:\/\/aukinkochile.com\/web\/producto\/instrumento-doble-tone-block-madera\/"},"modified":"2025-11-26T21:59:00","modified_gmt":"2025-11-26T21:59:00","slug":"instrumento-doble-tone-block-madera","status":"publish","type":"product","link":"https:\/\/aukinkochile.com\/web\/producto\/instrumento-doble-tone-block-madera\/","title":{"rendered":"Instrumento Doble Tone Block Madera"},"content":{"rendered":"<p>Doble tono de madera, f\u00e1cil de tocar. De hermoso sonido. Todos los productos Halilit cumplen con los m\u00e1s altos est\u00e1ndares de seguridad, y no hay mejor manera de fomentar el desarrollo de un ni\u00f1o que a trav\u00e9s de aut\u00e9nticos instrumentos musicales. Los instrumentos son ideales para acercar a los ni\u00f1os y ni\u00f1as a la m\u00fasica y as\u00ed desarrollar sus sensibilidad y creatividad. Fabricado en pl\u00e1stico, de material suave y resistente y colores vivos.<\/p>\n<p><p><strong>Material : <\/strong> Madera<\/p>\n<p><strong>C\u00f3digo Aukinko : <\/strong> 12-631201<\/p>\n<p><strong>C\u00f3digo Convenio Marco : <\/strong> x<\/p>\n","protected":false},"excerpt":{"rendered":"<p>Doble tono de madera, f\u00e1cil de tocar. De hermoso sonido. Todos los productos Halilit cumplen con los m\u00e1s altos est\u00e1ndares de seguridad, y no hay mejor manera de fomentar el desarrollo de un ni\u00f1o que a trav\u00e9s de aut\u00e9nticos instrumentos musicales. Los instrumentos son ideales para acercar a los ni\u00f1os y ni\u00f1as a la m\u00fasica [&hellip;]<\/p>\n","protected":false},"featured_media":627444,"comment_status":"open","ping_status":"closed","template":"","meta":{"_et_pb_use_builder":"","_et_pb_old_content":"","_et_gb_content_width":""},"product_brand":[],"product_cat":[91,7385,392],"product_tag":[],"class_list":{"0":"post-593384","1":"product","2":"type-product","3":"status-publish","4":"has-post-thumbnail","6":"product_cat-accesorios-sala","7":"product_cat-estimulacion-cognitiva-y-motora-para-adultos-mayores","8":"product_cat-musica","9":"pa_edad-10-anos","10":"pa_edad-3-a-4-anos","11":"pa_edad-4-a-5-anos","12":"pa_edad-5-a-6-anos","13":"pa_edad-6-a-8-anos","14":"pa_edad-8-a-10-anos","15":"pa_marca-halilit","16":"pa_medidas-4453","17":"pa_medidas-4469","18":"pa_medidas-5-x-4-x-21","20":"first","21":"instock","22":"shipping-taxable","23":"purchasable","24":"product-type-simple"},"aioseo_notices":[],"_links":{"self":[{"href":"https:\/\/aukinkochile.com\/web\/wp-json\/wp\/v2\/product\/593384","targetHints":{"allow":["GET"]}}],"collection":[{"href":"https:\/\/aukinkochile.com\/web\/wp-json\/wp\/v2\/product"}],"about":[{"href":"https:\/\/aukinkochile.com\/web\/wp-json\/wp\/v2\/types\/product"}],"replies":[{"embeddable":true,"href":"https:\/\/aukinkochile.com\/web\/wp-json\/wp\/v2\/comments?post=593384"}],"wp:featuredmedia":[{"embeddable":true,"href":"https:\/\/aukinkochile.com\/web\/wp-json\/wp\/v2\/media\/627444"}],"wp:attachment":[{"href":"https:\/\/aukinkochile.com\/web\/wp-json\/wp\/v2\/media?parent=593384"}],"wp:term":[{"taxonomy":"product_brand","embeddable":true,"href":"https:\/\/aukinkochile.com\/web\/wp-json\/wp\/v2\/product_brand?post=593384"},{"taxonomy":"product_cat","embeddable":true,"href":"https:\/\/aukinkochile.com\/web\/wp-json\/wp\/v2\/product_cat?post=593384"},{"taxonomy":"product_tag","embeddable":true,"href":"https:\/\/aukinkochile.com\/web\/wp-json\/wp\/v2\/product_tag?post=593384"}],"curies":[{"name":"wp","href":"https:\/\/api.w.org\/{rel}","templated":true}]}}