{"id":593371,"date":"2022-08-16T16:40:39","date_gmt":"2022-08-16T16:40:39","guid":{"rendered":"https:\/\/aukinkochile.com\/web\/producto\/pelota-deporte-mini-13-cm-c-u\/"},"modified":"2024-05-02T18:25:45","modified_gmt":"2024-05-02T18:25:45","slug":"pelota-deporte-mini-13-cm-c-u","status":"publish","type":"product","link":"https:\/\/aukinkochile.com\/web\/producto\/pelota-deporte-mini-13-cm-c-u\/","title":{"rendered":"Pelota Deporte Mini 13 cm c\/u"},"content":{"rendered":"<p>Divertidas pelotas mini suaves de 13 cent\u00edmetros de di\u00e1metro. Para pasar horas de diversi\u00f3n. De material suave y resistente. Modelos surtidos. Precio por unidad.<\/p>\n<p><p><strong>Material : <\/strong> Goma<\/p>\n<p><strong>C\u00f3digo Aukinko : <\/strong> 08-858100<\/p>\n<p><strong>C\u00f3digo Convenio Marco : <\/strong> x<\/p>\n","protected":false},"excerpt":{"rendered":"<p>Divertidas pelotas mini suaves de 13 cent\u00edmetros de di\u00e1metro. Para pasar horas de diversi\u00f3n. De material suave y resistente. Modelos surtidos. Precio por unidad. Material : Goma C\u00f3digo Aukinko : 08-858100 C\u00f3digo Convenio Marco : x<\/p>\n","protected":false},"featured_media":624812,"comment_status":"open","ping_status":"closed","template":"","meta":{"_et_pb_use_builder":"","_et_pb_old_content":"","_et_gb_content_width":""},"product_brand":[],"product_cat":[1005,148,18],"product_tag":[],"class_list":{"0":"post-593371","1":"product","2":"type-product","3":"status-publish","4":"has-post-thumbnail","6":"product_cat-accesorios-patio","7":"product_cat-deportes","8":"product_cat-motricidad-gruesa","9":"pa_edad-1-a-2-anos","10":"pa_edad-10-anos","11":"pa_edad-2-a-3-anos","12":"pa_edad-3-a-4-anos","13":"pa_edad-4-a-5-anos","14":"pa_edad-5-a-6-anos","15":"pa_edad-6-a-8-anos","16":"pa_edad-8-a-10-anos","17":"pa_marca-john","18":"pa_medidas-13-cm-diametro","20":"first","21":"instock","22":"shipping-taxable","23":"purchasable","24":"product-type-simple"},"aioseo_notices":[],"_links":{"self":[{"href":"https:\/\/aukinkochile.com\/web\/wp-json\/wp\/v2\/product\/593371","targetHints":{"allow":["GET"]}}],"collection":[{"href":"https:\/\/aukinkochile.com\/web\/wp-json\/wp\/v2\/product"}],"about":[{"href":"https:\/\/aukinkochile.com\/web\/wp-json\/wp\/v2\/types\/product"}],"replies":[{"embeddable":true,"href":"https:\/\/aukinkochile.com\/web\/wp-json\/wp\/v2\/comments?post=593371"}],"wp:featuredmedia":[{"embeddable":true,"href":"https:\/\/aukinkochile.com\/web\/wp-json\/wp\/v2\/media\/624812"}],"wp:attachment":[{"href":"https:\/\/aukinkochile.com\/web\/wp-json\/wp\/v2\/media?parent=593371"}],"wp:term":[{"taxonomy":"product_brand","embeddable":true,"href":"https:\/\/aukinkochile.com\/web\/wp-json\/wp\/v2\/product_brand?post=593371"},{"taxonomy":"product_cat","embeddable":true,"href":"https:\/\/aukinkochile.com\/web\/wp-json\/wp\/v2\/product_cat?post=593371"},{"taxonomy":"product_tag","embeddable":true,"href":"https:\/\/aukinkochile.com\/web\/wp-json\/wp\/v2\/product_tag?post=593371"}],"curies":[{"name":"wp","href":"https:\/\/api.w.org\/{rel}","templated":true}]}}