{"id":593347,"date":"2022-08-16T16:40:28","date_gmt":"2022-08-16T16:40:28","guid":{"rendered":"https:\/\/aukinkochile.com\/web\/producto\/juego-golf-escalera\/"},"modified":"2024-05-02T18:25:40","modified_gmt":"2024-05-02T18:25:40","slug":"juego-golf-escalera","status":"publish","type":"product","link":"https:\/\/aukinkochile.com\/web\/producto\/juego-golf-escalera\/","title":{"rendered":"Juego Golf Escalera"},"content":{"rendered":"<p>Este divertido juego es la diversi\u00f3n asegurada al aire libre. Un divertido juego de lanzamiento y punter\u00eda para dos o m\u00e1s jugadores. Estimula el desarrollo de la coordinaci\u00f3n mano ojo y la motricidad gruesa de una forma muy divertida. De material suave y resistente.<\/p>\n<p><p><strong>Material : <\/strong> Madera<\/p>\n<p><strong>C\u00f3digo Aukinko : <\/strong> 08-841411<\/p>\n<p><strong>C\u00f3digo Convenio Marco : <\/strong> x<\/p>\n","protected":false},"excerpt":{"rendered":"<p>Este divertido juego es la diversi\u00f3n asegurada al aire libre. Un divertido juego de lanzamiento y punter\u00eda para dos o m\u00e1s jugadores. Estimula el desarrollo de la coordinaci\u00f3n mano ojo y la motricidad gruesa de una forma muy divertida. De material suave y resistente. Material : Madera C\u00f3digo Aukinko : 08-841411 C\u00f3digo Convenio Marco : [&hellip;]<\/p>\n","protected":false},"featured_media":624804,"comment_status":"open","ping_status":"closed","template":"","meta":{"_et_pb_use_builder":"","_et_pb_old_content":"","_et_gb_content_width":""},"product_brand":[],"product_cat":[1005,18],"product_tag":[],"class_list":{"0":"post-593347","1":"product","2":"type-product","3":"status-publish","4":"has-post-thumbnail","6":"product_cat-accesorios-patio","7":"product_cat-motricidad-gruesa","8":"pa_edad-10-anos","9":"pa_edad-6-a-8-anos","10":"pa_edad-8-a-10-anos","11":"pa_marca-john","12":"pa_medidas-60-x-75-x-55-cm","14":"first","15":"instock","16":"shipping-taxable","17":"purchasable","18":"product-type-simple"},"aioseo_notices":[],"_links":{"self":[{"href":"https:\/\/aukinkochile.com\/web\/wp-json\/wp\/v2\/product\/593347","targetHints":{"allow":["GET"]}}],"collection":[{"href":"https:\/\/aukinkochile.com\/web\/wp-json\/wp\/v2\/product"}],"about":[{"href":"https:\/\/aukinkochile.com\/web\/wp-json\/wp\/v2\/types\/product"}],"replies":[{"embeddable":true,"href":"https:\/\/aukinkochile.com\/web\/wp-json\/wp\/v2\/comments?post=593347"}],"wp:featuredmedia":[{"embeddable":true,"href":"https:\/\/aukinkochile.com\/web\/wp-json\/wp\/v2\/media\/624804"}],"wp:attachment":[{"href":"https:\/\/aukinkochile.com\/web\/wp-json\/wp\/v2\/media?parent=593347"}],"wp:term":[{"taxonomy":"product_brand","embeddable":true,"href":"https:\/\/aukinkochile.com\/web\/wp-json\/wp\/v2\/product_brand?post=593347"},{"taxonomy":"product_cat","embeddable":true,"href":"https:\/\/aukinkochile.com\/web\/wp-json\/wp\/v2\/product_cat?post=593347"},{"taxonomy":"product_tag","embeddable":true,"href":"https:\/\/aukinkochile.com\/web\/wp-json\/wp\/v2\/product_tag?post=593347"}],"curies":[{"name":"wp","href":"https:\/\/api.w.org\/{rel}","templated":true}]}}