{"id":593341,"date":"2022-08-16T16:40:26","date_gmt":"2022-08-16T16:40:26","guid":{"rendered":"https:\/\/aukinkochile.com\/web\/producto\/columpio-plastico-verde\/"},"modified":"2026-03-27T16:54:22","modified_gmt":"2026-03-27T16:54:22","slug":"columpio-plastico-verde","status":"publish","type":"product","link":"https:\/\/aukinkochile.com\/web\/producto\/columpio-plastico-verde\/","title":{"rendered":"Escalera Colgante c\/u"},"content":{"rendered":"<p>Escalera colgante con cuerdas pl\u00e1sticas resistentes de 10 mm. 5 pelda\u00f1os de pl\u00e1stico de alta calidad. Antideslizantes gracias a ranuras, de unos 30 cm de largo. capacidad de carga 100 kg. Colores surtidos. Embalado en bolsa pl\u00e1stica. Precio por unidad. <\/p>\n<p><p><strong>Material : <\/strong> Pl\u00e1stico<\/p>\n<p><strong>C\u00f3digo Aukinko : <\/strong> 08-841407<\/p>\n<p><strong>C\u00f3digo Convenio Marco : <\/strong> x<\/p>\n","protected":false},"excerpt":{"rendered":"<p>Escalera colgante con cuerdas pl\u00e1sticas resistentes de 10 mm. 5 pelda\u00f1os de pl\u00e1stico de alta calidad. Antideslizantes gracias a ranuras, de unos 30 cm de largo. capacidad de carga 100 kg. Colores surtidos. Embalado en bolsa pl\u00e1stica. Precio por unidad. Material : Pl\u00e1stico C\u00f3digo Aukinko : 08-841407 C\u00f3digo Convenio Marco : x<\/p>\n","protected":false},"featured_media":624801,"comment_status":"open","ping_status":"closed","template":"","meta":{"_et_pb_use_builder":"","_et_pb_old_content":"","_et_gb_content_width":""},"product_brand":[],"product_cat":[1005,18],"product_tag":[],"class_list":{"0":"post-593341","1":"product","2":"type-product","3":"status-publish","4":"has-post-thumbnail","6":"product_cat-accesorios-patio","7":"product_cat-motricidad-gruesa","8":"pa_edad-10-anos","9":"pa_edad-3-a-4-anos","10":"pa_edad-4-a-5-anos","11":"pa_edad-5-a-6-anos","12":"pa_edad-6-a-8-anos","13":"pa_edad-8-a-10-anos","14":"pa_marca-john","15":"pa_medidas-3-x-33-x-180-cm","17":"first","18":"instock","19":"shipping-taxable","20":"purchasable","21":"product-type-simple"},"aioseo_notices":[],"_links":{"self":[{"href":"https:\/\/aukinkochile.com\/web\/wp-json\/wp\/v2\/product\/593341","targetHints":{"allow":["GET"]}}],"collection":[{"href":"https:\/\/aukinkochile.com\/web\/wp-json\/wp\/v2\/product"}],"about":[{"href":"https:\/\/aukinkochile.com\/web\/wp-json\/wp\/v2\/types\/product"}],"replies":[{"embeddable":true,"href":"https:\/\/aukinkochile.com\/web\/wp-json\/wp\/v2\/comments?post=593341"}],"wp:featuredmedia":[{"embeddable":true,"href":"https:\/\/aukinkochile.com\/web\/wp-json\/wp\/v2\/media\/624801"}],"wp:attachment":[{"href":"https:\/\/aukinkochile.com\/web\/wp-json\/wp\/v2\/media?parent=593341"}],"wp:term":[{"taxonomy":"product_brand","embeddable":true,"href":"https:\/\/aukinkochile.com\/web\/wp-json\/wp\/v2\/product_brand?post=593341"},{"taxonomy":"product_cat","embeddable":true,"href":"https:\/\/aukinkochile.com\/web\/wp-json\/wp\/v2\/product_cat?post=593341"},{"taxonomy":"product_tag","embeddable":true,"href":"https:\/\/aukinkochile.com\/web\/wp-json\/wp\/v2\/product_tag?post=593341"}],"curies":[{"name":"wp","href":"https:\/\/api.w.org\/{rel}","templated":true}]}}