{"id":593306,"date":"2022-08-16T16:40:08","date_gmt":"2022-08-16T16:40:08","guid":{"rendered":"https:\/\/aukinkochile.com\/web\/producto\/pelota-gimnasia-donut-45-cm\/"},"modified":"2025-06-26T16:14:18","modified_gmt":"2025-06-26T16:14:18","slug":"pelota-gimnasia-donut-45-cm","status":"publish","type":"product","link":"https:\/\/aukinkochile.com\/web\/producto\/pelota-gimnasia-donut-45-cm\/","title":{"rendered":"Pelota Gimnasia Donut 45 cm"},"content":{"rendered":"<p>Pelota de gimnasia Donut fabricada en pl\u00e1stico el\u00e1stico para ejercicios variados para fortalecer los m\u00fasculos. Incluye instrucciones de ejercicio. Peso m\u00e1ximo 120 kg.<\/p>\n<p><p><strong>Material : <\/strong> Goma<\/p>\n<p><strong>C\u00f3digo Aukinko : <\/strong> 08-832391<\/p>\n<p><strong>C\u00f3digo Convenio Marco : <\/strong> x<\/p>\n","protected":false},"excerpt":{"rendered":"<p>Pelota de gimnasia Donut fabricada en pl\u00e1stico el\u00e1stico para ejercicios variados para fortalecer los m\u00fasculos. Incluye instrucciones de ejercicio. Peso m\u00e1ximo 120 kg. Material : Goma C\u00f3digo Aukinko : 08-832391 C\u00f3digo Convenio Marco : x<\/p>\n","protected":false},"featured_media":624789,"comment_status":"open","ping_status":"closed","template":"","meta":{"_et_pb_use_builder":"","_et_pb_old_content":"","_et_gb_content_width":""},"product_brand":[],"product_cat":[148,7385,18],"product_tag":[],"class_list":{"0":"post-593306","1":"product","2":"type-product","3":"status-publish","4":"has-post-thumbnail","6":"product_cat-deportes","7":"product_cat-estimulacion-cognitiva-y-motora-para-adultos-mayores","8":"product_cat-motricidad-gruesa","9":"pa_edad-10-anos","10":"pa_edad-6-a-8-anos","11":"pa_edad-8-a-10-anos","12":"pa_marca-john","13":"pa_medidas-45-x-45-x-90-cm","15":"first","16":"instock","17":"shipping-taxable","18":"purchasable","19":"product-type-simple"},"aioseo_notices":[],"_links":{"self":[{"href":"https:\/\/aukinkochile.com\/web\/wp-json\/wp\/v2\/product\/593306","targetHints":{"allow":["GET"]}}],"collection":[{"href":"https:\/\/aukinkochile.com\/web\/wp-json\/wp\/v2\/product"}],"about":[{"href":"https:\/\/aukinkochile.com\/web\/wp-json\/wp\/v2\/types\/product"}],"replies":[{"embeddable":true,"href":"https:\/\/aukinkochile.com\/web\/wp-json\/wp\/v2\/comments?post=593306"}],"wp:featuredmedia":[{"embeddable":true,"href":"https:\/\/aukinkochile.com\/web\/wp-json\/wp\/v2\/media\/624789"}],"wp:attachment":[{"href":"https:\/\/aukinkochile.com\/web\/wp-json\/wp\/v2\/media?parent=593306"}],"wp:term":[{"taxonomy":"product_brand","embeddable":true,"href":"https:\/\/aukinkochile.com\/web\/wp-json\/wp\/v2\/product_brand?post=593306"},{"taxonomy":"product_cat","embeddable":true,"href":"https:\/\/aukinkochile.com\/web\/wp-json\/wp\/v2\/product_cat?post=593306"},{"taxonomy":"product_tag","embeddable":true,"href":"https:\/\/aukinkochile.com\/web\/wp-json\/wp\/v2\/product_tag?post=593306"}],"curies":[{"name":"wp","href":"https:\/\/api.w.org\/{rel}","templated":true}]}}