{"id":590650,"date":"2022-07-18T16:06:27","date_gmt":"2022-07-18T16:06:27","guid":{"rendered":"https:\/\/aukinkochile.com\/web\/producto\/pizarra-formas-magneticas-con-maleta-42-pz\/"},"modified":"2025-11-06T20:12:12","modified_gmt":"2025-11-06T20:12:12","slug":"pizarra-formas-magneticas-con-maleta-42-pz","status":"publish","type":"product","link":"https:\/\/aukinkochile.com\/web\/producto\/pizarra-formas-magneticas-con-maleta-42-pz\/","title":{"rendered":"Pizarra Formas Magn\u00e9ticas con Maleta 42 pz"},"content":{"rendered":"<p>Hermosa maleta de madera con pizarra magn\u00e9tica en su interior y 42 piezas de colores y formas diferentes para crear las m\u00e1s divertidas historias. Incluye 12 tarjetas con 24 patrones para que los ni\u00f1os y ni\u00f1as puedan realizar adem\u00e1s de armar sus propias creaciones. Fabricado en material suave y resistente.<\/p>\n<p><p><strong>Material : <\/strong> Madera<\/p>\n<p><strong>C\u00f3digo Aukinko : <\/strong> 18-259687<\/p>\n<p><strong>C\u00f3digo Convenio Marco : <\/strong> x<\/p>\n","protected":false},"excerpt":{"rendered":"<p>Hermosa maleta de madera con pizarra magn\u00e9tica en su interior y 42 piezas de colores y formas diferentes para crear las m\u00e1s divertidas historias. Incluye 12 tarjetas con 24 patrones para que los ni\u00f1os y ni\u00f1as puedan realizar adem\u00e1s de armar sus propias creaciones. Fabricado en material suave y resistente. Material : Madera C\u00f3digo Aukinko [&hellip;]<\/p>\n","protected":false},"featured_media":625163,"comment_status":"open","ping_status":"closed","template":"","meta":{"_et_pb_use_builder":"","_et_pb_old_content":"","_et_gb_content_width":""},"product_brand":[],"product_cat":[91,21,90],"product_tag":[],"class_list":{"0":"post-590650","1":"product","2":"type-product","3":"status-publish","4":"has-post-thumbnail","6":"product_cat-accesorios-sala","7":"product_cat-arte-y-manipulacion","8":"product_cat-matematicas","9":"pa_edad-3-a-4-anos","10":"pa_edad-4-a-5-anos","11":"pa_edad-5-a-6-anos","12":"pa_marca-viga","13":"pa_medidas-4563","14":"pa_medidas-6-x-30-x-3","15":"pa_medidas-8-cm","17":"first","18":"instock","19":"shipping-taxable","20":"purchasable","21":"product-type-simple"},"aioseo_notices":[],"_links":{"self":[{"href":"https:\/\/aukinkochile.com\/web\/wp-json\/wp\/v2\/product\/590650","targetHints":{"allow":["GET"]}}],"collection":[{"href":"https:\/\/aukinkochile.com\/web\/wp-json\/wp\/v2\/product"}],"about":[{"href":"https:\/\/aukinkochile.com\/web\/wp-json\/wp\/v2\/types\/product"}],"replies":[{"embeddable":true,"href":"https:\/\/aukinkochile.com\/web\/wp-json\/wp\/v2\/comments?post=590650"}],"wp:featuredmedia":[{"embeddable":true,"href":"https:\/\/aukinkochile.com\/web\/wp-json\/wp\/v2\/media\/625163"}],"wp:attachment":[{"href":"https:\/\/aukinkochile.com\/web\/wp-json\/wp\/v2\/media?parent=590650"}],"wp:term":[{"taxonomy":"product_brand","embeddable":true,"href":"https:\/\/aukinkochile.com\/web\/wp-json\/wp\/v2\/product_brand?post=590650"},{"taxonomy":"product_cat","embeddable":true,"href":"https:\/\/aukinkochile.com\/web\/wp-json\/wp\/v2\/product_cat?post=590650"},{"taxonomy":"product_tag","embeddable":true,"href":"https:\/\/aukinkochile.com\/web\/wp-json\/wp\/v2\/product_tag?post=590650"}],"curies":[{"name":"wp","href":"https:\/\/api.w.org\/{rel}","templated":true}]}}