{"id":590647,"date":"2022-07-18T16:06:24","date_gmt":"2022-07-18T16:06:24","guid":{"rendered":"https:\/\/aukinkochile.com\/web\/producto\/bloques-madera-50-pz-en-balde\/"},"modified":"2025-11-06T20:11:44","modified_gmt":"2025-11-06T20:11:44","slug":"bloques-madera-50-pz-en-balde","status":"publish","type":"product","link":"https:\/\/aukinkochile.com\/web\/producto\/bloques-madera-50-pz-en-balde\/","title":{"rendered":"Bloques Madera 50 pz en Balde"},"content":{"rendered":"<p>Hermoso juego de bloques de distintas formas para pasar horas de diversi\u00f3n. El balde contiene 50 bloques de madera de diferentes formas (8 cubos 3,5 x 3,5 cm, 10 medio cubo, 2 puente, 2 cilindro, 4 cilindro chico, 2 triangulo grande, 4 triangulo chico, 4 tabl\u00f3n grande, 8 tabl\u00f3n chico, 2 media circunferencia  y 4 doble cubo) en 4 colores (rojo, amarillo, verde y azul), para armar y crear sin l\u00edmites. De excelente calidad y dise\u00f1o. Los juegos de construcci\u00f3n estimulan el reconocimiento del espacio y el desarrollo de la creatividad y la imaginaci\u00f3n. Con este juego los ni\u00f1os y ni\u00f1as podr\u00e1n crear todos los mundos que se imaginen con infinitas posibilidades mientras aprenden las distintas formas geom\u00e9tricas. De material suave y resistente este juego es ideal para estimular el desarrollo de las habilidades cognitivas y la motricidad fina de ni\u00f1os y ni\u00f1as. Fabricado en material suave y resistente.<\/p>\n<p><p><strong>Material : <\/strong> Madera<\/p>\n<p><strong>C\u00f3digo Aukinko : <\/strong> 18-259542<\/p>\n<p><strong>C\u00f3digo Convenio Marco : <\/strong> x<\/p>\n","protected":false},"excerpt":{"rendered":"<p>Hermoso juego de bloques de distintas formas para pasar horas de diversi\u00f3n. El balde contiene 50 bloques de madera de diferentes formas (8 cubos 3,5 x 3,5 cm, 10 medio cubo, 2 puente, 2 cilindro, 4 cilindro chico, 2 triangulo grande, 4 triangulo chico, 4 tabl\u00f3n grande, 8 tabl\u00f3n chico, 2 media circunferencia y 4 [&hellip;]<\/p>\n","protected":false},"featured_media":625153,"comment_status":"open","ping_status":"closed","template":"","meta":{"_et_pb_use_builder":"","_et_pb_old_content":"","_et_gb_content_width":""},"product_brand":[],"product_cat":[91,19,20],"product_tag":[],"class_list":{"0":"post-590647","1":"product","2":"type-product","3":"status-publish","4":"has-post-thumbnail","6":"product_cat-accesorios-sala","7":"product_cat-construccion","8":"product_cat-motricidad-fina","9":"pa_edad-2-a-3-anos","10":"pa_edad-3-a-4-anos","11":"pa_edad-4-a-5-anos","12":"pa_edad-5-a-6-anos","13":"pa_marca-viga","14":"pa_medidas-22-x-23-cm-diametro","16":"first","17":"instock","18":"shipping-taxable","19":"purchasable","20":"product-type-simple"},"aioseo_notices":[],"_links":{"self":[{"href":"https:\/\/aukinkochile.com\/web\/wp-json\/wp\/v2\/product\/590647","targetHints":{"allow":["GET"]}}],"collection":[{"href":"https:\/\/aukinkochile.com\/web\/wp-json\/wp\/v2\/product"}],"about":[{"href":"https:\/\/aukinkochile.com\/web\/wp-json\/wp\/v2\/types\/product"}],"replies":[{"embeddable":true,"href":"https:\/\/aukinkochile.com\/web\/wp-json\/wp\/v2\/comments?post=590647"}],"wp:featuredmedia":[{"embeddable":true,"href":"https:\/\/aukinkochile.com\/web\/wp-json\/wp\/v2\/media\/625153"}],"wp:attachment":[{"href":"https:\/\/aukinkochile.com\/web\/wp-json\/wp\/v2\/media?parent=590647"}],"wp:term":[{"taxonomy":"product_brand","embeddable":true,"href":"https:\/\/aukinkochile.com\/web\/wp-json\/wp\/v2\/product_brand?post=590647"},{"taxonomy":"product_cat","embeddable":true,"href":"https:\/\/aukinkochile.com\/web\/wp-json\/wp\/v2\/product_cat?post=590647"},{"taxonomy":"product_tag","embeddable":true,"href":"https:\/\/aukinkochile.com\/web\/wp-json\/wp\/v2\/product_tag?post=590647"}],"curies":[{"name":"wp","href":"https:\/\/api.w.org\/{rel}","templated":true}]}}