{"id":590630,"date":"2022-07-18T16:06:04","date_gmt":"2022-07-18T16:06:04","guid":{"rendered":"https:\/\/aukinkochile.com\/web\/producto\/encaje-madera-ambulancia\/"},"modified":"2025-11-06T20:07:18","modified_gmt":"2025-11-06T20:07:18","slug":"encaje-madera-ambulancia","status":"publish","type":"product","link":"https:\/\/aukinkochile.com\/web\/producto\/encaje-madera-ambulancia\/","title":{"rendered":"Encaje Madera Ambulancia"},"content":{"rendered":"<p>Divertido veh\u00edculo de madera gruesa con 4 piezas de colores brillantes hechas de madera de alta calidad. Las caracter\u00edsticas y el movimiento libre de las ruedas de apilamiento da mas diversi\u00f3n. Las piezas se colocan en los tarugos del carrito con ruedas para formar un hermoso auto de ambulancia. Fabricado en material suave y resistente.<\/p>\n<p><p><strong>Material : <\/strong> Madera<\/p>\n<p><strong>C\u00f3digo Aukinko : <\/strong> 18-250204<\/p>\n<p><strong>C\u00f3digo Convenio Marco : <\/strong> x<\/p>\n","protected":false},"excerpt":{"rendered":"<p>Divertido veh\u00edculo de madera gruesa con 4 piezas de colores brillantes hechas de madera de alta calidad. Las caracter\u00edsticas y el movimiento libre de las ruedas de apilamiento da mas diversi\u00f3n. Las piezas se colocan en los tarugos del carrito con ruedas para formar un hermoso auto de ambulancia. Fabricado en material suave y resistente. [&hellip;]<\/p>\n","protected":false},"featured_media":624946,"comment_status":"open","ping_status":"closed","template":"","meta":{"_et_pb_use_builder":"","_et_pb_old_content":"","_et_gb_content_width":""},"product_brand":[],"product_cat":[91,19,17,20],"product_tag":[],"class_list":{"0":"post-590630","1":"product","2":"type-product","3":"status-publish","4":"has-post-thumbnail","6":"product_cat-accesorios-sala","7":"product_cat-construccion","8":"product_cat-juegos-de-rol","9":"product_cat-motricidad-fina","10":"pa_edad-1-a-2-anos","11":"pa_edad-2-a-3-anos","12":"pa_edad-3-a-4-anos","13":"pa_marca-viga","14":"pa_medidas-13-x-10-x-8-cm","16":"first","17":"instock","18":"shipping-taxable","19":"purchasable","20":"product-type-simple"},"aioseo_notices":[],"_links":{"self":[{"href":"https:\/\/aukinkochile.com\/web\/wp-json\/wp\/v2\/product\/590630","targetHints":{"allow":["GET"]}}],"collection":[{"href":"https:\/\/aukinkochile.com\/web\/wp-json\/wp\/v2\/product"}],"about":[{"href":"https:\/\/aukinkochile.com\/web\/wp-json\/wp\/v2\/types\/product"}],"replies":[{"embeddable":true,"href":"https:\/\/aukinkochile.com\/web\/wp-json\/wp\/v2\/comments?post=590630"}],"wp:featuredmedia":[{"embeddable":true,"href":"https:\/\/aukinkochile.com\/web\/wp-json\/wp\/v2\/media\/624946"}],"wp:attachment":[{"href":"https:\/\/aukinkochile.com\/web\/wp-json\/wp\/v2\/media?parent=590630"}],"wp:term":[{"taxonomy":"product_brand","embeddable":true,"href":"https:\/\/aukinkochile.com\/web\/wp-json\/wp\/v2\/product_brand?post=590630"},{"taxonomy":"product_cat","embeddable":true,"href":"https:\/\/aukinkochile.com\/web\/wp-json\/wp\/v2\/product_cat?post=590630"},{"taxonomy":"product_tag","embeddable":true,"href":"https:\/\/aukinkochile.com\/web\/wp-json\/wp\/v2\/product_tag?post=590630"}],"curies":[{"name":"wp","href":"https:\/\/api.w.org\/{rel}","templated":true}]}}