{"id":589877,"date":"2022-07-11T22:06:53","date_gmt":"2022-07-11T22:06:53","guid":{"rendered":"https:\/\/aukinkochile.com\/web\/producto\/peluche-perro-veterinario\/"},"modified":"2025-06-26T16:15:48","modified_gmt":"2025-06-26T16:15:48","slug":"peluche-perro-veterinario","status":"publish","type":"product","link":"https:\/\/aukinkochile.com\/web\/producto\/peluche-perro-veterinario\/","title":{"rendered":"Peluche Perro Veterinario"},"content":{"rendered":"<p>Este es el perro m\u00e1s feliz que jam\u00e1s conocer\u00e1s. Un colorido cachorro veterinario que tiene muchas caracter\u00edsticas divertidas para mostrar a los ni\u00f1os y ni\u00f1as c\u00f3mo vestirse. Sus orejas se abotonan, sus zapatos se amarran, sus cinturones se abrochan y su chaqueta se abrocha.\u00a0Los ni\u00f1os eligen su chaqueta suave, sus orejas ca\u00eddas y sus brazos y piernas flexibles, y tambi\u00e9n lo aman como un amigo de juegos de simulaci\u00f3n.\u00a0De material suave y resistente.<\/p>\n<p><p><strong>Material : <\/strong> Peluche<\/p>\n<p><strong>C\u00f3digo Aukinko : <\/strong> 18-5925107<\/p>\n<p><strong>C\u00f3digo Convenio Marco : <\/strong> x<\/p>\n","protected":false},"excerpt":{"rendered":"<p>Este es el perro m\u00e1s feliz que jam\u00e1s conocer\u00e1s. Un colorido cachorro veterinario que tiene muchas caracter\u00edsticas divertidas para mostrar a los ni\u00f1os y ni\u00f1as c\u00f3mo vestirse. Sus orejas se abotonan, sus zapatos se amarran, sus cinturones se abrochan y su chaqueta se abrocha.\u00a0Los ni\u00f1os eligen su chaqueta suave, sus orejas ca\u00eddas y sus brazos [&hellip;]<\/p>\n","protected":false},"featured_media":624527,"comment_status":"open","ping_status":"closed","template":"","meta":{"_et_pb_use_builder":"","_et_pb_old_content":"","_et_gb_content_width":""},"product_brand":[],"product_cat":[7385,212,23],"product_tag":[],"class_list":{"0":"post-589877","1":"product","2":"type-product","3":"status-publish","4":"has-post-thumbnail","6":"product_cat-estimulacion-cognitiva-y-motora-para-adultos-mayores","7":"product_cat-munecos-y-figuras","8":"product_cat-primeros-anos","9":"pa_edad-0-a-1-ano","10":"pa_edad-1-a-2-anos","11":"pa_edad-2-a-3-anos","12":"pa_edad-3-a-4-anos","13":"pa_edad-4-a-5-anos","14":"pa_marca-edushape","15":"pa_medidas-35-x-33-x-32-cm","17":"first","18":"instock","19":"shipping-taxable","20":"purchasable","21":"product-type-simple"},"aioseo_notices":[],"_links":{"self":[{"href":"https:\/\/aukinkochile.com\/web\/wp-json\/wp\/v2\/product\/589877","targetHints":{"allow":["GET"]}}],"collection":[{"href":"https:\/\/aukinkochile.com\/web\/wp-json\/wp\/v2\/product"}],"about":[{"href":"https:\/\/aukinkochile.com\/web\/wp-json\/wp\/v2\/types\/product"}],"replies":[{"embeddable":true,"href":"https:\/\/aukinkochile.com\/web\/wp-json\/wp\/v2\/comments?post=589877"}],"wp:featuredmedia":[{"embeddable":true,"href":"https:\/\/aukinkochile.com\/web\/wp-json\/wp\/v2\/media\/624527"}],"wp:attachment":[{"href":"https:\/\/aukinkochile.com\/web\/wp-json\/wp\/v2\/media?parent=589877"}],"wp:term":[{"taxonomy":"product_brand","embeddable":true,"href":"https:\/\/aukinkochile.com\/web\/wp-json\/wp\/v2\/product_brand?post=589877"},{"taxonomy":"product_cat","embeddable":true,"href":"https:\/\/aukinkochile.com\/web\/wp-json\/wp\/v2\/product_cat?post=589877"},{"taxonomy":"product_tag","embeddable":true,"href":"https:\/\/aukinkochile.com\/web\/wp-json\/wp\/v2\/product_tag?post=589877"}],"curies":[{"name":"wp","href":"https:\/\/api.w.org\/{rel}","templated":true}]}}