{"id":589871,"date":"2022-07-11T22:06:50","date_gmt":"2022-07-11T22:06:50","guid":{"rendered":"https:\/\/aukinkochile.com\/web\/producto\/bloques-edu-chubby-36-pz\/"},"modified":"2024-12-26T14:57:29","modified_gmt":"2024-12-26T14:57:29","slug":"bloques-edu-chubby-36-pz","status":"publish","type":"product","link":"https:\/\/aukinkochile.com\/web\/producto\/bloques-edu-chubby-36-pz\/","title":{"rendered":"Bloques Edu Chubby 36 pz"},"content":{"rendered":"<p>Divertidos bloques de construcci\u00f3n interconectados flexibles, coloridos, f\u00e1ciles de agarrar y seguros.\u00a0Incluye seis colores brillantes y formas variadas para combinaciones de construcci\u00f3n casi ilimitadas, adem\u00e1s invita a ni\u00f1os y ni\u00f1as a clasificar y reconocer colores y formas.\u00a0De material flexible para resistir el agrietamiento si se pisa.\u00a0Dise\u00f1ado para el desarrollo de habilidades motoras gruesas, socializaci\u00f3n, l\u00f3gica de construcci\u00f3n, razonamiento, combinaci\u00f3n de colores y\u00a0coordinaci\u00f3n ojo-mano.<\/p>\n<p><p><strong>Material : <\/strong> Goma<\/p>\n<p><strong>C\u00f3digo Aukinko : <\/strong> 18-5845036<\/p>\n<p><strong>C\u00f3digo Convenio Marco : <\/strong> x<\/p>\n","protected":false},"excerpt":{"rendered":"<p>Divertidos bloques de construcci\u00f3n interconectados flexibles, coloridos, f\u00e1ciles de agarrar y seguros.\u00a0Incluye seis colores brillantes y formas variadas para combinaciones de construcci\u00f3n casi ilimitadas, adem\u00e1s invita a ni\u00f1os y ni\u00f1as a clasificar y reconocer colores y formas.\u00a0De material flexible para resistir el agrietamiento si se pisa.\u00a0Dise\u00f1ado para el desarrollo de habilidades motoras gruesas, socializaci\u00f3n, l\u00f3gica [&hellip;]<\/p>\n","protected":false},"featured_media":624524,"comment_status":"open","ping_status":"closed","template":"","meta":{"_et_pb_use_builder":"","_et_pb_old_content":"","_et_gb_content_width":""},"product_brand":[],"product_cat":[91,19,20],"product_tag":[],"class_list":{"0":"post-589871","1":"product","2":"type-product","3":"status-publish","4":"has-post-thumbnail","6":"product_cat-accesorios-sala","7":"product_cat-construccion","8":"product_cat-motricidad-fina","9":"pa_edad-1-a-2-anos","10":"pa_edad-2-a-3-anos","11":"pa_edad-3-a-4-anos","12":"pa_edad-4-a-5-anos","13":"pa_marca-edushape","14":"pa_medidas-41-x-19-x-24-cm","16":"first","17":"instock","18":"shipping-taxable","19":"purchasable","20":"product-type-simple"},"aioseo_notices":[],"_links":{"self":[{"href":"https:\/\/aukinkochile.com\/web\/wp-json\/wp\/v2\/product\/589871","targetHints":{"allow":["GET"]}}],"collection":[{"href":"https:\/\/aukinkochile.com\/web\/wp-json\/wp\/v2\/product"}],"about":[{"href":"https:\/\/aukinkochile.com\/web\/wp-json\/wp\/v2\/types\/product"}],"replies":[{"embeddable":true,"href":"https:\/\/aukinkochile.com\/web\/wp-json\/wp\/v2\/comments?post=589871"}],"wp:featuredmedia":[{"embeddable":true,"href":"https:\/\/aukinkochile.com\/web\/wp-json\/wp\/v2\/media\/624524"}],"wp:attachment":[{"href":"https:\/\/aukinkochile.com\/web\/wp-json\/wp\/v2\/media?parent=589871"}],"wp:term":[{"taxonomy":"product_brand","embeddable":true,"href":"https:\/\/aukinkochile.com\/web\/wp-json\/wp\/v2\/product_brand?post=589871"},{"taxonomy":"product_cat","embeddable":true,"href":"https:\/\/aukinkochile.com\/web\/wp-json\/wp\/v2\/product_cat?post=589871"},{"taxonomy":"product_tag","embeddable":true,"href":"https:\/\/aukinkochile.com\/web\/wp-json\/wp\/v2\/product_tag?post=589871"}],"curies":[{"name":"wp","href":"https:\/\/api.w.org\/{rel}","templated":true}]}}