{"id":589869,"date":"2022-07-11T22:06:49","date_gmt":"2022-07-11T22:06:49","guid":{"rendered":"https:\/\/aukinkochile.com\/web\/producto\/conectables-tubos-kiddy-50-pz\/"},"modified":"2024-12-26T14:57:29","modified_gmt":"2024-12-26T14:57:29","slug":"conectables-tubos-kiddy-50-pz","status":"publish","type":"product","link":"https:\/\/aukinkochile.com\/web\/producto\/conectables-tubos-kiddy-50-pz\/","title":{"rendered":"Conectables Tubos Kiddy 50 pz"},"content":{"rendered":"<p>Conectables tubos pl\u00e1stico de diferentes formas y de uniones coloridas y flexibles. Un conjunto de construcci\u00f3n de formas innovadoras y \u00e1ngulos avanzados. Colorido y flexible conjunto de construcci\u00f3n a presi\u00f3n, espec\u00edficamente dise\u00f1ado para fomentar las habilidades cognitivas y el desarrollo de los peque\u00f1os.<\/p>\n<p><p><strong>Material : <\/strong> Pl\u00e1stico<\/p>\n<p><strong>C\u00f3digo Aukinko : <\/strong> 18-5829050<\/p>\n<p><strong>C\u00f3digo Convenio Marco : <\/strong> x<\/p>\n","protected":false},"excerpt":{"rendered":"<p>Conectables tubos pl\u00e1stico de diferentes formas y de uniones coloridas y flexibles. Un conjunto de construcci\u00f3n de formas innovadoras y \u00e1ngulos avanzados. Colorido y flexible conjunto de construcci\u00f3n a presi\u00f3n, espec\u00edficamente dise\u00f1ado para fomentar las habilidades cognitivas y el desarrollo de los peque\u00f1os. Material : Pl\u00e1stico C\u00f3digo Aukinko : 18-5829050 C\u00f3digo Convenio Marco : x<\/p>\n","protected":false},"featured_media":624521,"comment_status":"open","ping_status":"closed","template":"","meta":{"_et_pb_use_builder":"","_et_pb_old_content":"","_et_gb_content_width":""},"product_brand":[],"product_cat":[91,19,20],"product_tag":[],"class_list":{"0":"post-589869","1":"product","2":"type-product","3":"status-publish","4":"has-post-thumbnail","6":"product_cat-accesorios-sala","7":"product_cat-construccion","8":"product_cat-motricidad-fina","9":"pa_edad-2-a-3-anos","10":"pa_edad-3-a-4-anos","11":"pa_edad-4-a-5-anos","12":"pa_marca-edushape","13":"pa_medidas-15-x-25-cm-diametro-tonel","15":"first","16":"instock","17":"shipping-taxable","18":"purchasable","19":"product-type-simple"},"aioseo_notices":[],"_links":{"self":[{"href":"https:\/\/aukinkochile.com\/web\/wp-json\/wp\/v2\/product\/589869","targetHints":{"allow":["GET"]}}],"collection":[{"href":"https:\/\/aukinkochile.com\/web\/wp-json\/wp\/v2\/product"}],"about":[{"href":"https:\/\/aukinkochile.com\/web\/wp-json\/wp\/v2\/types\/product"}],"replies":[{"embeddable":true,"href":"https:\/\/aukinkochile.com\/web\/wp-json\/wp\/v2\/comments?post=589869"}],"wp:featuredmedia":[{"embeddable":true,"href":"https:\/\/aukinkochile.com\/web\/wp-json\/wp\/v2\/media\/624521"}],"wp:attachment":[{"href":"https:\/\/aukinkochile.com\/web\/wp-json\/wp\/v2\/media?parent=589869"}],"wp:term":[{"taxonomy":"product_brand","embeddable":true,"href":"https:\/\/aukinkochile.com\/web\/wp-json\/wp\/v2\/product_brand?post=589869"},{"taxonomy":"product_cat","embeddable":true,"href":"https:\/\/aukinkochile.com\/web\/wp-json\/wp\/v2\/product_cat?post=589869"},{"taxonomy":"product_tag","embeddable":true,"href":"https:\/\/aukinkochile.com\/web\/wp-json\/wp\/v2\/product_tag?post=589869"}],"curies":[{"name":"wp","href":"https:\/\/api.w.org\/{rel}","templated":true}]}}