{"id":589867,"date":"2022-07-11T22:06:48","date_gmt":"2022-07-11T22:06:48","guid":{"rendered":"https:\/\/aukinkochile.com\/web\/producto\/bloques-edu-mini-26-pz\/"},"modified":"2024-12-26T14:57:29","modified_gmt":"2024-12-26T14:57:29","slug":"bloques-edu-mini-26-pz","status":"publish","type":"product","link":"https:\/\/aukinkochile.com\/web\/producto\/bloques-edu-mini-26-pz\/","title":{"rendered":"Bloques Edu Mini 26 pz"},"content":{"rendered":"<p>Estos hermosos bloques de construcci\u00f3n son muy flexibles y seguros.\u00a0No hay piezas de pl\u00e1stico duro para romper o pisar. Incluye\u00a04 colores y formas variadas que permiten a los ni\u00f1os y ni\u00f1as clasificar y reconocer. El bloque cuadrado mas peque\u00f1o mide 6,5 x 6,5 x 5 cm. Incluye una bolsa de almacenamiento con cierre para facilitar la limpieza<\/p>\n<p><p><strong>Material : <\/strong> Goma<\/p>\n<p><strong>C\u00f3digo Aukinko : <\/strong> 18-5826026<\/p>\n<p><strong>C\u00f3digo Convenio Marco : <\/strong> x<\/p>\n","protected":false},"excerpt":{"rendered":"<p>Estos hermosos bloques de construcci\u00f3n son muy flexibles y seguros.\u00a0No hay piezas de pl\u00e1stico duro para romper o pisar. Incluye\u00a04 colores y formas variadas que permiten a los ni\u00f1os y ni\u00f1as clasificar y reconocer. El bloque cuadrado mas peque\u00f1o mide 6,5 x 6,5 x 5 cm. Incluye una bolsa de almacenamiento con cierre para facilitar [&hellip;]<\/p>\n","protected":false},"featured_media":624519,"comment_status":"open","ping_status":"closed","template":"","meta":{"_et_pb_use_builder":"","_et_pb_old_content":"","_et_gb_content_width":""},"product_brand":[],"product_cat":[91,19,20],"product_tag":[],"class_list":{"0":"post-589867","1":"product","2":"type-product","3":"status-publish","4":"has-post-thumbnail","6":"product_cat-accesorios-sala","7":"product_cat-construccion","8":"product_cat-motricidad-fina","9":"pa_edad-1-a-2-anos","10":"pa_edad-2-a-3-anos","11":"pa_edad-3-a-4-anos","12":"pa_edad-4-a-5-anos","13":"pa_marca-edushape","14":"pa_medidas-envase-22-cm-diametro-x-25-cm-altura","16":"first","17":"instock","18":"shipping-taxable","19":"purchasable","20":"product-type-simple"},"aioseo_notices":[],"_links":{"self":[{"href":"https:\/\/aukinkochile.com\/web\/wp-json\/wp\/v2\/product\/589867","targetHints":{"allow":["GET"]}}],"collection":[{"href":"https:\/\/aukinkochile.com\/web\/wp-json\/wp\/v2\/product"}],"about":[{"href":"https:\/\/aukinkochile.com\/web\/wp-json\/wp\/v2\/types\/product"}],"replies":[{"embeddable":true,"href":"https:\/\/aukinkochile.com\/web\/wp-json\/wp\/v2\/comments?post=589867"}],"wp:featuredmedia":[{"embeddable":true,"href":"https:\/\/aukinkochile.com\/web\/wp-json\/wp\/v2\/media\/624519"}],"wp:attachment":[{"href":"https:\/\/aukinkochile.com\/web\/wp-json\/wp\/v2\/media?parent=589867"}],"wp:term":[{"taxonomy":"product_brand","embeddable":true,"href":"https:\/\/aukinkochile.com\/web\/wp-json\/wp\/v2\/product_brand?post=589867"},{"taxonomy":"product_cat","embeddable":true,"href":"https:\/\/aukinkochile.com\/web\/wp-json\/wp\/v2\/product_cat?post=589867"},{"taxonomy":"product_tag","embeddable":true,"href":"https:\/\/aukinkochile.com\/web\/wp-json\/wp\/v2\/product_tag?post=589867"}],"curies":[{"name":"wp","href":"https:\/\/api.w.org\/{rel}","templated":true}]}}