{"id":589865,"date":"2022-07-11T22:06:47","date_gmt":"2022-07-11T22:06:47","guid":{"rendered":"https:\/\/aukinkochile.com\/web\/producto\/circuito-bolitas-racetracks\/"},"modified":"2024-12-26T14:57:29","modified_gmt":"2024-12-26T14:57:29","slug":"circuito-bolitas-racetracks","status":"publish","type":"product","link":"https:\/\/aukinkochile.com\/web\/producto\/circuito-bolitas-racetracks\/","title":{"rendered":"Circuito Bolitas Racetracks"},"content":{"rendered":"<p>Con este hermoso juego la diversi\u00f3n ser\u00e1 ilimitada haciendo rodar las bolitas. Este juego fomenta la coordinaci\u00f3n ojo-mano y desarrolla la habilidad motora fina. De montaje r\u00e1pido y sencillo sin herramientas. Incluye 27 piezas para armar, 3 bolitas, instrucciones de montaje.<\/p>\n<p><p><strong>Material : <\/strong> Pl\u00e1stico<\/p>\n<p><strong>C\u00f3digo Aukinko : <\/strong> 18-5809801<\/p>\n<p><strong>C\u00f3digo Convenio Marco : <\/strong> x<\/p>\n","protected":false},"excerpt":{"rendered":"<p>Con este hermoso juego la diversi\u00f3n ser\u00e1 ilimitada haciendo rodar las bolitas. Este juego fomenta la coordinaci\u00f3n ojo-mano y desarrolla la habilidad motora fina. De montaje r\u00e1pido y sencillo sin herramientas. Incluye 27 piezas para armar, 3 bolitas, instrucciones de montaje. Material : Pl\u00e1stico C\u00f3digo Aukinko : 18-5809801 C\u00f3digo Convenio Marco : x<\/p>\n","protected":false},"featured_media":624518,"comment_status":"open","ping_status":"closed","template":"","meta":{"_et_pb_use_builder":"","_et_pb_old_content":"","_et_gb_content_width":""},"product_brand":[],"product_cat":[91,19,20],"product_tag":[],"class_list":{"0":"post-589865","1":"product","2":"type-product","3":"status-publish","4":"has-post-thumbnail","6":"product_cat-accesorios-sala","7":"product_cat-construccion","8":"product_cat-motricidad-fina","9":"pa_edad-1-a-2-anos","10":"pa_edad-2-a-3-anos","11":"pa_edad-3-a-4-anos","12":"pa_marca-edushape","13":"pa_medidas-4649","14":"pa_medidas-5-x-13-x-38-cm","16":"first","17":"instock","18":"shipping-taxable","19":"purchasable","20":"product-type-simple"},"aioseo_notices":[],"_links":{"self":[{"href":"https:\/\/aukinkochile.com\/web\/wp-json\/wp\/v2\/product\/589865","targetHints":{"allow":["GET"]}}],"collection":[{"href":"https:\/\/aukinkochile.com\/web\/wp-json\/wp\/v2\/product"}],"about":[{"href":"https:\/\/aukinkochile.com\/web\/wp-json\/wp\/v2\/types\/product"}],"replies":[{"embeddable":true,"href":"https:\/\/aukinkochile.com\/web\/wp-json\/wp\/v2\/comments?post=589865"}],"wp:featuredmedia":[{"embeddable":true,"href":"https:\/\/aukinkochile.com\/web\/wp-json\/wp\/v2\/media\/624518"}],"wp:attachment":[{"href":"https:\/\/aukinkochile.com\/web\/wp-json\/wp\/v2\/media?parent=589865"}],"wp:term":[{"taxonomy":"product_brand","embeddable":true,"href":"https:\/\/aukinkochile.com\/web\/wp-json\/wp\/v2\/product_brand?post=589865"},{"taxonomy":"product_cat","embeddable":true,"href":"https:\/\/aukinkochile.com\/web\/wp-json\/wp\/v2\/product_cat?post=589865"},{"taxonomy":"product_tag","embeddable":true,"href":"https:\/\/aukinkochile.com\/web\/wp-json\/wp\/v2\/product_tag?post=589865"}],"curies":[{"name":"wp","href":"https:\/\/api.w.org\/{rel}","templated":true}]}}