{"id":589858,"date":"2022-07-11T22:06:43","date_gmt":"2022-07-11T22:06:43","guid":{"rendered":"https:\/\/aukinkochile.com\/web\/producto\/pelota-erizos-colorbites-set-2\/"},"modified":"2024-12-26T14:57:24","modified_gmt":"2024-12-26T14:57:24","slug":"pelota-erizos-colorbites-set-2","status":"publish","type":"product","link":"https:\/\/aukinkochile.com\/web\/producto\/pelota-erizos-colorbites-set-2\/","title":{"rendered":"Pelota Erizo Colorbites set 2"},"content":{"rendered":"<p>2 pelotas (10 cm di\u00e1metro c\/d pelota) con trozos de color brillante que se mueven adentro. Pelotas con textura atractiva y que ofrece un juego terap\u00e9utico invitando a mucha exploraci\u00f3n.<\/p>\n<p><p><strong>Material : <\/strong> Goma<\/p>\n<p><strong>C\u00f3digo Aukinko : <\/strong> 18-5706192<\/p>\n<p><strong>C\u00f3digo Convenio Marco : <\/strong> x<\/p>\n","protected":false},"excerpt":{"rendered":"<p>2 pelotas (10 cm di\u00e1metro c\/d pelota) con trozos de color brillante que se mueven adentro. Pelotas con textura atractiva y que ofrece un juego terap\u00e9utico invitando a mucha exploraci\u00f3n. Material : Goma C\u00f3digo Aukinko : 18-5706192 C\u00f3digo Convenio Marco : x<\/p>\n","protected":false},"featured_media":624510,"comment_status":"open","ping_status":"closed","template":"","meta":{"_et_pb_use_builder":"","_et_pb_old_content":"","_et_gb_content_width":""},"product_brand":[],"product_cat":[91,148,18,23],"product_tag":[],"class_list":{"0":"post-589858","1":"product","2":"type-product","3":"status-publish","4":"has-post-thumbnail","6":"product_cat-accesorios-sala","7":"product_cat-deportes","8":"product_cat-motricidad-gruesa","9":"product_cat-primeros-anos","10":"pa_edad-0-a-1-ano","11":"pa_edad-1-a-2-anos","12":"pa_edad-2-a-3-anos","13":"pa_edad-3-a-4-anos","14":"pa_marca-edushape","15":"pa_medidas-14-x-22-x-7","16":"pa_medidas-8-cm-caja","18":"first","19":"instock","20":"shipping-taxable","21":"purchasable","22":"product-type-simple"},"aioseo_notices":[],"_links":{"self":[{"href":"https:\/\/aukinkochile.com\/web\/wp-json\/wp\/v2\/product\/589858","targetHints":{"allow":["GET"]}}],"collection":[{"href":"https:\/\/aukinkochile.com\/web\/wp-json\/wp\/v2\/product"}],"about":[{"href":"https:\/\/aukinkochile.com\/web\/wp-json\/wp\/v2\/types\/product"}],"replies":[{"embeddable":true,"href":"https:\/\/aukinkochile.com\/web\/wp-json\/wp\/v2\/comments?post=589858"}],"wp:featuredmedia":[{"embeddable":true,"href":"https:\/\/aukinkochile.com\/web\/wp-json\/wp\/v2\/media\/624510"}],"wp:attachment":[{"href":"https:\/\/aukinkochile.com\/web\/wp-json\/wp\/v2\/media?parent=589858"}],"wp:term":[{"taxonomy":"product_brand","embeddable":true,"href":"https:\/\/aukinkochile.com\/web\/wp-json\/wp\/v2\/product_brand?post=589858"},{"taxonomy":"product_cat","embeddable":true,"href":"https:\/\/aukinkochile.com\/web\/wp-json\/wp\/v2\/product_cat?post=589858"},{"taxonomy":"product_tag","embeddable":true,"href":"https:\/\/aukinkochile.com\/web\/wp-json\/wp\/v2\/product_tag?post=589858"}],"curies":[{"name":"wp","href":"https:\/\/api.w.org\/{rel}","templated":true}]}}