{"id":589857,"date":"2022-07-11T22:06:42","date_gmt":"2022-07-11T22:06:42","guid":{"rendered":"https:\/\/aukinkochile.com\/web\/producto\/pelota-textura\/"},"modified":"2026-03-27T16:48:52","modified_gmt":"2026-03-27T16:48:52","slug":"pelota-textura","status":"publish","type":"product","link":"https:\/\/aukinkochile.com\/web\/producto\/pelota-textura\/","title":{"rendered":"Pelota Textura"},"content":{"rendered":"<p>Esta hermosa pelota es lo suficientemente grande como para atraer el inter\u00e9s de ni\u00f1os y ni\u00f1as, pero lo suficientemente peque\u00f1o como para sostener, explorar, lanzar y rodar. Cada una de las 8 secciones de esta extraordinaria pelota tiene un patr\u00f3n t\u00e1ctil diferente. Exprimible, masticable, siempre interesante. Desarrollada para estimular el sentido del tacto de una forma muy divertida.<\/p>\n<p><p><strong>Material : <\/strong> Goma<\/p>\n<p><strong>C\u00f3digo Aukinko : <\/strong> 18-5705353<\/p>\n<p><strong>C\u00f3digo Convenio Marco : <\/strong> x<\/p>\n","protected":false},"excerpt":{"rendered":"<p>Esta hermosa pelota es lo suficientemente grande como para atraer el inter\u00e9s de ni\u00f1os y ni\u00f1as, pero lo suficientemente peque\u00f1o como para sostener, explorar, lanzar y rodar. Cada una de las 8 secciones de esta extraordinaria pelota tiene un patr\u00f3n t\u00e1ctil diferente. Exprimible, masticable, siempre interesante. Desarrollada para estimular el sentido del tacto de una [&hellip;]<\/p>\n","protected":false},"featured_media":624507,"comment_status":"open","ping_status":"closed","template":"","meta":{"_et_pb_use_builder":"","_et_pb_old_content":"","_et_gb_content_width":""},"product_brand":[],"product_cat":[91,18,23],"product_tag":[],"class_list":{"0":"post-589857","1":"product","2":"type-product","3":"status-publish","4":"has-post-thumbnail","6":"product_cat-accesorios-sala","7":"product_cat-motricidad-gruesa","8":"product_cat-primeros-anos","9":"pa_edad-0-a-1-ano","10":"pa_edad-1-a-2-anos","11":"pa_edad-2-a-3-anos","12":"pa_edad-3-a-4-anos","13":"pa_edad-4-a-5-anos","14":"pa_marca-edushape","15":"pa_medidas-21-x-17","16":"pa_medidas-8-x-23-cm","18":"first","19":"instock","20":"shipping-taxable","21":"purchasable","22":"product-type-simple"},"aioseo_notices":[],"_links":{"self":[{"href":"https:\/\/aukinkochile.com\/web\/wp-json\/wp\/v2\/product\/589857","targetHints":{"allow":["GET"]}}],"collection":[{"href":"https:\/\/aukinkochile.com\/web\/wp-json\/wp\/v2\/product"}],"about":[{"href":"https:\/\/aukinkochile.com\/web\/wp-json\/wp\/v2\/types\/product"}],"replies":[{"embeddable":true,"href":"https:\/\/aukinkochile.com\/web\/wp-json\/wp\/v2\/comments?post=589857"}],"wp:featuredmedia":[{"embeddable":true,"href":"https:\/\/aukinkochile.com\/web\/wp-json\/wp\/v2\/media\/624507"}],"wp:attachment":[{"href":"https:\/\/aukinkochile.com\/web\/wp-json\/wp\/v2\/media?parent=589857"}],"wp:term":[{"taxonomy":"product_brand","embeddable":true,"href":"https:\/\/aukinkochile.com\/web\/wp-json\/wp\/v2\/product_brand?post=589857"},{"taxonomy":"product_cat","embeddable":true,"href":"https:\/\/aukinkochile.com\/web\/wp-json\/wp\/v2\/product_cat?post=589857"},{"taxonomy":"product_tag","embeddable":true,"href":"https:\/\/aukinkochile.com\/web\/wp-json\/wp\/v2\/product_tag?post=589857"}],"curies":[{"name":"wp","href":"https:\/\/api.w.org\/{rel}","templated":true}]}}