{"id":589854,"date":"2022-07-11T22:06:41","date_gmt":"2022-07-11T22:06:41","guid":{"rendered":"https:\/\/aukinkochile.com\/web\/producto\/mordedor-animal-silicona-c-u\/"},"modified":"2024-12-26T14:57:09","modified_gmt":"2024-12-26T14:57:09","slug":"mordedor-animal-silicona-c-u","status":"publish","type":"product","link":"https:\/\/aukinkochile.com\/web\/producto\/mordedor-animal-silicona-c-u\/","title":{"rendered":"Mordedor Animal Silicona c\/u"},"content":{"rendered":"<p>Estos hermosos mordedores de goma suave ayudan a los ni\u00f1os y ni\u00f1as en etapa de dentici\u00f3n. De madera y goma, tienen un dise\u00f1o hermoso y son de f\u00e1cil agarre para manos peque\u00f1as. Material anti bacterias. Incluye diferentes texturas para los distintos momentos de la etapa de dentici\u00f3n y un dise\u00f1o muy atractivo. Modelos Surtidos. Precio por unidad.<\/p>\n<p><p><strong>Material : <\/strong> Goma y Madera<\/p>\n<p><strong>C\u00f3digo Aukinko : <\/strong> 18-5622707<\/p>\n<p><strong>C\u00f3digo Convenio Marco : <\/strong> x<\/p>\n","protected":false},"excerpt":{"rendered":"<p>Estos hermosos mordedores de goma suave ayudan a los ni\u00f1os y ni\u00f1as en etapa de dentici\u00f3n. De madera y goma, tienen un dise\u00f1o hermoso y son de f\u00e1cil agarre para manos peque\u00f1as. Material anti bacterias. Incluye diferentes texturas para los distintos momentos de la etapa de dentici\u00f3n y un dise\u00f1o muy atractivo. Modelos Surtidos. Precio [&hellip;]<\/p>\n","protected":false},"featured_media":624501,"comment_status":"open","ping_status":"closed","template":"","meta":{"_et_pb_use_builder":"","_et_pb_old_content":"","_et_gb_content_width":""},"product_brand":[],"product_cat":[91,23],"product_tag":[],"class_list":{"0":"post-589854","1":"product","2":"type-product","3":"status-publish","4":"has-post-thumbnail","6":"product_cat-accesorios-sala","7":"product_cat-primeros-anos","8":"pa_edad-0-a-1-ano","9":"pa_edad-1-a-2-anos","10":"pa_marca-edushape","11":"pa_medidas-9-cm-c-u","13":"first","14":"instock","15":"shipping-taxable","16":"purchasable","17":"product-type-simple"},"aioseo_notices":[],"_links":{"self":[{"href":"https:\/\/aukinkochile.com\/web\/wp-json\/wp\/v2\/product\/589854","targetHints":{"allow":["GET"]}}],"collection":[{"href":"https:\/\/aukinkochile.com\/web\/wp-json\/wp\/v2\/product"}],"about":[{"href":"https:\/\/aukinkochile.com\/web\/wp-json\/wp\/v2\/types\/product"}],"replies":[{"embeddable":true,"href":"https:\/\/aukinkochile.com\/web\/wp-json\/wp\/v2\/comments?post=589854"}],"wp:featuredmedia":[{"embeddable":true,"href":"https:\/\/aukinkochile.com\/web\/wp-json\/wp\/v2\/media\/624501"}],"wp:attachment":[{"href":"https:\/\/aukinkochile.com\/web\/wp-json\/wp\/v2\/media?parent=589854"}],"wp:term":[{"taxonomy":"product_brand","embeddable":true,"href":"https:\/\/aukinkochile.com\/web\/wp-json\/wp\/v2\/product_brand?post=589854"},{"taxonomy":"product_cat","embeddable":true,"href":"https:\/\/aukinkochile.com\/web\/wp-json\/wp\/v2\/product_cat?post=589854"},{"taxonomy":"product_tag","embeddable":true,"href":"https:\/\/aukinkochile.com\/web\/wp-json\/wp\/v2\/product_tag?post=589854"}],"curies":[{"name":"wp","href":"https:\/\/api.w.org\/{rel}","templated":true}]}}