{"id":589850,"date":"2022-07-11T22:06:39","date_gmt":"2022-07-11T22:06:39","guid":{"rendered":"https:\/\/aukinkochile.com\/web\/producto\/apilar-formas-en-tubos-11-pz\/"},"modified":"2024-12-26T14:57:09","modified_gmt":"2024-12-26T14:57:09","slug":"apilar-formas-en-tubos-11-pz","status":"publish","type":"product","link":"https:\/\/aukinkochile.com\/web\/producto\/apilar-formas-en-tubos-11-pz\/","title":{"rendered":"Apilar Formas en Tubos 11 pz"},"content":{"rendered":"<p>Divertidas formas de goma blanda apilables. Invita a los ni\u00f1os y ni\u00f1as a ordenar c\u00edrculos y cuadrados en los tubos. Juego sensorial comprimible.\u00a0Incluye ocho formas geom\u00e9tricas cl\u00e1sicas que son divertidas de sostener y apretar para el beb\u00e9, y a\u00fan m\u00e1s divertidas de apilar una encima de la otra (en tubos a prueba de ca\u00eddas).\u00a0F\u00e1cil de clasificar por c\u00edrculos o cuadrados.\u00a0Hecho de goma suave, los colores y las texturas son atractivos e introducen a los beb\u00e9s a las formas geom\u00e9tricas y al apilamiento.<\/p>\n<p><p><strong>Material : <\/strong> Goma<\/p>\n<p><strong>C\u00f3digo Aukinko : <\/strong> 18-5525015<\/p>\n<p><strong>C\u00f3digo Convenio Marco : <\/strong> x<\/p>\n","protected":false},"excerpt":{"rendered":"<p>Divertidas formas de goma blanda apilables. Invita a los ni\u00f1os y ni\u00f1as a ordenar c\u00edrculos y cuadrados en los tubos. Juego sensorial comprimible.\u00a0Incluye ocho formas geom\u00e9tricas cl\u00e1sicas que son divertidas de sostener y apretar para el beb\u00e9, y a\u00fan m\u00e1s divertidas de apilar una encima de la otra (en tubos a prueba de ca\u00eddas).\u00a0F\u00e1cil de [&hellip;]<\/p>\n","protected":false},"featured_media":624498,"comment_status":"open","ping_status":"closed","template":"","meta":{"_et_pb_use_builder":"","_et_pb_old_content":"","_et_gb_content_width":""},"product_brand":[],"product_cat":[91,20,23],"product_tag":[],"class_list":{"0":"post-589850","1":"product","2":"type-product","3":"status-publish","4":"has-post-thumbnail","6":"product_cat-accesorios-sala","7":"product_cat-motricidad-fina","8":"product_cat-primeros-anos","9":"pa_edad-1-a-2-anos","10":"pa_edad-2-a-3-anos","11":"pa_edad-3-a-4-anos","12":"pa_marca-edushape","13":"pa_medidas-4389","14":"pa_medidas-5-x-11-x-28-cm","16":"first","17":"instock","18":"shipping-taxable","19":"purchasable","20":"product-type-simple"},"aioseo_notices":[],"_links":{"self":[{"href":"https:\/\/aukinkochile.com\/web\/wp-json\/wp\/v2\/product\/589850","targetHints":{"allow":["GET"]}}],"collection":[{"href":"https:\/\/aukinkochile.com\/web\/wp-json\/wp\/v2\/product"}],"about":[{"href":"https:\/\/aukinkochile.com\/web\/wp-json\/wp\/v2\/types\/product"}],"replies":[{"embeddable":true,"href":"https:\/\/aukinkochile.com\/web\/wp-json\/wp\/v2\/comments?post=589850"}],"wp:featuredmedia":[{"embeddable":true,"href":"https:\/\/aukinkochile.com\/web\/wp-json\/wp\/v2\/media\/624498"}],"wp:attachment":[{"href":"https:\/\/aukinkochile.com\/web\/wp-json\/wp\/v2\/media?parent=589850"}],"wp:term":[{"taxonomy":"product_brand","embeddable":true,"href":"https:\/\/aukinkochile.com\/web\/wp-json\/wp\/v2\/product_brand?post=589850"},{"taxonomy":"product_cat","embeddable":true,"href":"https:\/\/aukinkochile.com\/web\/wp-json\/wp\/v2\/product_cat?post=589850"},{"taxonomy":"product_tag","embeddable":true,"href":"https:\/\/aukinkochile.com\/web\/wp-json\/wp\/v2\/product_tag?post=589850"}],"curies":[{"name":"wp","href":"https:\/\/api.w.org\/{rel}","templated":true}]}}