{"id":589848,"date":"2022-07-11T22:06:38","date_gmt":"2022-07-11T22:06:38","guid":{"rendered":"https:\/\/aukinkochile.com\/web\/producto\/cocina-set-pasteleria-grande\/"},"modified":"2024-01-03T17:05:15","modified_gmt":"2024-01-03T17:05:15","slug":"cocina-set-pasteleria-grande","status":"publish","type":"product","link":"https:\/\/aukinkochile.com\/web\/producto\/cocina-set-pasteleria-grande\/","title":{"rendered":"Cocina Pasteler\u00eda set Grande"},"content":{"rendered":"<p>Hermoso set de pasteler\u00eda con variados accesorios para invitar a los ni\u00f1os a jugar en la cocina. Incluye moldes, palo de amasar desarmable con tres piezas interiores con moldes de diferentes formas, balanza de 4 piezas, bowl, cuchara, cuchillo, cortador y batidor. Hecho de material suave y resistente. Presentado en malla.<\/p>\n<p><p><strong>Material : <\/strong> PLASTICO<\/p>\n<p><strong>C\u00f3digo Aukinko : <\/strong> 09-23895<\/p>\n<p><strong>C\u00f3digo Convenio Marco : <\/strong> <\/p>\n","protected":false},"excerpt":{"rendered":"<p>Hermoso set de pasteler\u00eda con variados accesorios para invitar a los ni\u00f1os a jugar en la cocina. Incluye moldes, palo de amasar desarmable con tres piezas interiores con moldes de diferentes formas, balanza de 4 piezas, bowl, cuchara, cuchillo, cortador y batidor. Hecho de material suave y resistente. Presentado en malla. Material : PLASTICO C\u00f3digo [&hellip;]<\/p>\n","protected":false},"featured_media":626792,"comment_status":"open","ping_status":"closed","template":"","meta":{"_et_pb_use_builder":"","_et_pb_old_content":"","_et_gb_content_width":""},"product_brand":[],"product_cat":[17],"product_tag":[],"class_list":{"0":"post-589848","1":"product","2":"type-product","3":"status-publish","4":"has-post-thumbnail","6":"product_cat-juegos-de-rol","7":"pa_edad-2-a-3-anos","8":"pa_edad-3-a-4-anos","9":"pa_edad-4-a-5-anos","10":"pa_edad-5-a-6-anos","11":"pa_edad-6-a-8-anos","12":"pa_marca-bambola","13":"pa_medidas-30-x-17-x-17-cm","15":"first","16":"instock","17":"shipping-taxable","18":"purchasable","19":"product-type-simple"},"aioseo_notices":[],"_links":{"self":[{"href":"https:\/\/aukinkochile.com\/web\/wp-json\/wp\/v2\/product\/589848","targetHints":{"allow":["GET"]}}],"collection":[{"href":"https:\/\/aukinkochile.com\/web\/wp-json\/wp\/v2\/product"}],"about":[{"href":"https:\/\/aukinkochile.com\/web\/wp-json\/wp\/v2\/types\/product"}],"replies":[{"embeddable":true,"href":"https:\/\/aukinkochile.com\/web\/wp-json\/wp\/v2\/comments?post=589848"}],"wp:featuredmedia":[{"embeddable":true,"href":"https:\/\/aukinkochile.com\/web\/wp-json\/wp\/v2\/media\/626792"}],"wp:attachment":[{"href":"https:\/\/aukinkochile.com\/web\/wp-json\/wp\/v2\/media?parent=589848"}],"wp:term":[{"taxonomy":"product_brand","embeddable":true,"href":"https:\/\/aukinkochile.com\/web\/wp-json\/wp\/v2\/product_brand?post=589848"},{"taxonomy":"product_cat","embeddable":true,"href":"https:\/\/aukinkochile.com\/web\/wp-json\/wp\/v2\/product_cat?post=589848"},{"taxonomy":"product_tag","embeddable":true,"href":"https:\/\/aukinkochile.com\/web\/wp-json\/wp\/v2\/product_tag?post=589848"}],"curies":[{"name":"wp","href":"https:\/\/api.w.org\/{rel}","templated":true}]}}