{"id":589826,"date":"2022-07-11T22:06:28","date_gmt":"2022-07-11T22:06:28","guid":{"rendered":"https:\/\/aukinkochile.com\/web\/producto\/puzles-madera-cielo-mar-y-tierra-set-3\/"},"modified":"2024-01-03T19:20:46","modified_gmt":"2024-01-03T19:20:46","slug":"puzles-madera-cielo-mar-y-tierra-set-3","status":"publish","type":"product","link":"https:\/\/aukinkochile.com\/web\/producto\/puzles-madera-cielo-mar-y-tierra-set-3\/","title":{"rendered":"Puzles Madera Cielo, Mar y Tierra set 3"},"content":{"rendered":"<p>Una magn\u00edfica caja de 3 puzles de madera, ilustrados con tres escenas en diferentes entornos naturales: tierra, mar y cielo. Una escena en las nubes con un pavo real, un \u00e1guila, un b\u00faho y otras aves muy hermosas. Otra escena en las olas con una gran ballena, un pulpo, caballitos de mar y sus amigos los peces peque\u00f1os. Y la \u00faltima en la selva con un tigre divirti\u00e9ndose con un cocodrilo, una serpiente y un loro. Estos rompecabezas promover\u00e1n el aprendizaje de la destreza y la observaci\u00f3n. Contenido: 3 puzles de 16 piezas cada uno. Recomendado a partir de 4 a\u00f1os. De material suave y resistente.<\/p>\n<p><p><strong>Material : <\/strong> MADERA<\/p>\n<p><strong>C\u00f3digo Aukinko : <\/strong> 10-28536<\/p>\n<p><strong>C\u00f3digo Convenio Marco : <\/strong> <\/p>\n","protected":false},"excerpt":{"rendered":"<p>Una magn\u00edfica caja de 3 puzles de madera, ilustrados con tres escenas en diferentes entornos naturales: tierra, mar y cielo. Una escena en las nubes con un pavo real, un \u00e1guila, un b\u00faho y otras aves muy hermosas. Otra escena en las olas con una gran ballena, un pulpo, caballitos de mar y sus amigos [&hellip;]<\/p>\n","protected":false},"featured_media":626955,"comment_status":"open","ping_status":"closed","template":"","meta":{"_et_pb_use_builder":"","_et_pb_old_content":"","_et_gb_content_width":""},"product_brand":[],"product_cat":[22],"product_tag":[],"class_list":{"0":"post-589826","1":"product","2":"type-product","3":"status-publish","4":"has-post-thumbnail","6":"product_cat-puzzles","7":"pa_edad-4-a-5-anos","8":"pa_edad-5-a-6-anos","9":"pa_edad-6-a-8-anos","10":"pa_marca-vilac","11":"pa_medidas-21-x-21-x-4","12":"pa_medidas-5-cm","14":"first","15":"instock","16":"shipping-taxable","17":"purchasable","18":"product-type-simple"},"aioseo_notices":[],"_links":{"self":[{"href":"https:\/\/aukinkochile.com\/web\/wp-json\/wp\/v2\/product\/589826","targetHints":{"allow":["GET"]}}],"collection":[{"href":"https:\/\/aukinkochile.com\/web\/wp-json\/wp\/v2\/product"}],"about":[{"href":"https:\/\/aukinkochile.com\/web\/wp-json\/wp\/v2\/types\/product"}],"replies":[{"embeddable":true,"href":"https:\/\/aukinkochile.com\/web\/wp-json\/wp\/v2\/comments?post=589826"}],"wp:featuredmedia":[{"embeddable":true,"href":"https:\/\/aukinkochile.com\/web\/wp-json\/wp\/v2\/media\/626955"}],"wp:attachment":[{"href":"https:\/\/aukinkochile.com\/web\/wp-json\/wp\/v2\/media?parent=589826"}],"wp:term":[{"taxonomy":"product_brand","embeddable":true,"href":"https:\/\/aukinkochile.com\/web\/wp-json\/wp\/v2\/product_brand?post=589826"},{"taxonomy":"product_cat","embeddable":true,"href":"https:\/\/aukinkochile.com\/web\/wp-json\/wp\/v2\/product_cat?post=589826"},{"taxonomy":"product_tag","embeddable":true,"href":"https:\/\/aukinkochile.com\/web\/wp-json\/wp\/v2\/product_tag?post=589826"}],"curies":[{"name":"wp","href":"https:\/\/api.w.org\/{rel}","templated":true}]}}