{"id":589804,"date":"2022-07-11T22:06:18","date_gmt":"2022-07-11T22:06:18","guid":{"rendered":"https:\/\/aukinkochile.com\/web\/producto\/cocina-madera-mostaza-y-accesorios\/"},"modified":"2024-01-03T19:20:41","modified_gmt":"2024-01-03T19:20:41","slug":"cocina-madera-mostaza-y-accesorios","status":"publish","type":"product","link":"https:\/\/aukinkochile.com\/web\/producto\/cocina-madera-mostaza-y-accesorios\/","title":{"rendered":"Cocina Madera Mostaza y Accesorios"},"content":{"rendered":"<p>Con esta hermosa cocina, convi\u00e9rtete en un chef de primera. Esta cocina infantil de madera, modelo \u00abCuistot\u00bb, color amarillo mostaza, incluye 14 accesorios: 1 salero de madera y 1 pimentero, 1 esp\u00e1tula de madera y 1 cuchara, 1 olla de metal y 1 sart\u00e9n, 8 mini packs de cart\u00f3n, y tiene divertidos efectos de sonido de botones. Recomendada a partir de 3 a\u00f1os. De material suave y resistente.<\/p>\n<p><p><strong>Material : <\/strong> MADERA Y METAL<\/p>\n<p><strong>C\u00f3digo Aukinko : <\/strong> 10-28121<\/p>\n<p><strong>C\u00f3digo Convenio Marco : <\/strong> <\/p>\n","protected":false},"excerpt":{"rendered":"<p>Con esta hermosa cocina, convi\u00e9rtete en un chef de primera. Esta cocina infantil de madera, modelo \u00abCuistot\u00bb, color amarillo mostaza, incluye 14 accesorios: 1 salero de madera y 1 pimentero, 1 esp\u00e1tula de madera y 1 cuchara, 1 olla de metal y 1 sart\u00e9n, 8 mini packs de cart\u00f3n, y tiene divertidos efectos de sonido [&hellip;]<\/p>\n","protected":false},"featured_media":626947,"comment_status":"open","ping_status":"closed","template":"","meta":{"_et_pb_use_builder":"","_et_pb_old_content":"","_et_gb_content_width":""},"product_brand":[],"product_cat":[17],"product_tag":[],"class_list":{"0":"post-589804","1":"product","2":"type-product","3":"status-publish","4":"has-post-thumbnail","6":"product_cat-juegos-de-rol","7":"pa_edad-3-a-4-anos","8":"pa_edad-4-a-5-anos","9":"pa_edad-5-a-6-anos","10":"pa_marca-vilac","11":"pa_medidas-70-x-65-x-29-cm","13":"first","14":"instock","15":"shipping-taxable","16":"purchasable","17":"product-type-simple"},"aioseo_notices":[],"_links":{"self":[{"href":"https:\/\/aukinkochile.com\/web\/wp-json\/wp\/v2\/product\/589804","targetHints":{"allow":["GET"]}}],"collection":[{"href":"https:\/\/aukinkochile.com\/web\/wp-json\/wp\/v2\/product"}],"about":[{"href":"https:\/\/aukinkochile.com\/web\/wp-json\/wp\/v2\/types\/product"}],"replies":[{"embeddable":true,"href":"https:\/\/aukinkochile.com\/web\/wp-json\/wp\/v2\/comments?post=589804"}],"wp:featuredmedia":[{"embeddable":true,"href":"https:\/\/aukinkochile.com\/web\/wp-json\/wp\/v2\/media\/626947"}],"wp:attachment":[{"href":"https:\/\/aukinkochile.com\/web\/wp-json\/wp\/v2\/media?parent=589804"}],"wp:term":[{"taxonomy":"product_brand","embeddable":true,"href":"https:\/\/aukinkochile.com\/web\/wp-json\/wp\/v2\/product_brand?post=589804"},{"taxonomy":"product_cat","embeddable":true,"href":"https:\/\/aukinkochile.com\/web\/wp-json\/wp\/v2\/product_cat?post=589804"},{"taxonomy":"product_tag","embeddable":true,"href":"https:\/\/aukinkochile.com\/web\/wp-json\/wp\/v2\/product_tag?post=589804"}],"curies":[{"name":"wp","href":"https:\/\/api.w.org\/{rel}","templated":true}]}}