{"id":589800,"date":"2022-07-11T22:06:16","date_gmt":"2022-07-11T22:06:16","guid":{"rendered":"https:\/\/aukinkochile.com\/web\/producto\/cocina-madera-chef\/"},"modified":"2024-01-03T19:20:41","modified_gmt":"2024-01-03T19:20:41","slug":"cocina-madera-chef","status":"publish","type":"product","link":"https:\/\/aukinkochile.com\/web\/producto\/cocina-madera-chef\/","title":{"rendered":"Cocina Madera Chef"},"content":{"rendered":"<p>Una hermosa cocina con el exclusivo dise\u00f1o de Vilac. Todos los detalles hacen de este un bell\u00edsimo juego para los m\u00e1s peque\u00f1os. Ideal para jugar a cocinar como los grandes chefs por horas. Gran cocina de madera totalmente equipada con 20 accesorios. Recomendada a partir de 3 a\u00f1os. De material suave y resistente.<\/p>\n<p><p><strong>Material : <\/strong> MADERA Y METAL<\/p>\n<p><strong>C\u00f3digo Aukinko : <\/strong> 10-28110<\/p>\n<p><strong>C\u00f3digo Convenio Marco : <\/strong> <\/p>\n","protected":false},"excerpt":{"rendered":"<p>Una hermosa cocina con el exclusivo dise\u00f1o de Vilac. Todos los detalles hacen de este un bell\u00edsimo juego para los m\u00e1s peque\u00f1os. Ideal para jugar a cocinar como los grandes chefs por horas. Gran cocina de madera totalmente equipada con 20 accesorios. Recomendada a partir de 3 a\u00f1os. De material suave y resistente. Material : [&hellip;]<\/p>\n","protected":false},"featured_media":626946,"comment_status":"open","ping_status":"closed","template":"","meta":{"_et_pb_use_builder":"","_et_pb_old_content":"","_et_gb_content_width":""},"product_brand":[],"product_cat":[17],"product_tag":[],"class_list":{"0":"post-589800","1":"product","2":"type-product","3":"status-publish","4":"has-post-thumbnail","6":"product_cat-juegos-de-rol","7":"pa_edad-3-a-4-anos","8":"pa_edad-4-a-5-anos","9":"pa_edad-5-a-6-anos","10":"pa_edad-6-a-8-anos","11":"pa_marca-vilac","12":"pa_medidas-55-x-80-x-30-cm","14":"first","15":"instock","16":"shipping-taxable","17":"purchasable","18":"product-type-simple"},"aioseo_notices":[],"_links":{"self":[{"href":"https:\/\/aukinkochile.com\/web\/wp-json\/wp\/v2\/product\/589800","targetHints":{"allow":["GET"]}}],"collection":[{"href":"https:\/\/aukinkochile.com\/web\/wp-json\/wp\/v2\/product"}],"about":[{"href":"https:\/\/aukinkochile.com\/web\/wp-json\/wp\/v2\/types\/product"}],"replies":[{"embeddable":true,"href":"https:\/\/aukinkochile.com\/web\/wp-json\/wp\/v2\/comments?post=589800"}],"wp:featuredmedia":[{"embeddable":true,"href":"https:\/\/aukinkochile.com\/web\/wp-json\/wp\/v2\/media\/626946"}],"wp:attachment":[{"href":"https:\/\/aukinkochile.com\/web\/wp-json\/wp\/v2\/media?parent=589800"}],"wp:term":[{"taxonomy":"product_brand","embeddable":true,"href":"https:\/\/aukinkochile.com\/web\/wp-json\/wp\/v2\/product_brand?post=589800"},{"taxonomy":"product_cat","embeddable":true,"href":"https:\/\/aukinkochile.com\/web\/wp-json\/wp\/v2\/product_cat?post=589800"},{"taxonomy":"product_tag","embeddable":true,"href":"https:\/\/aukinkochile.com\/web\/wp-json\/wp\/v2\/product_tag?post=589800"}],"curies":[{"name":"wp","href":"https:\/\/api.w.org\/{rel}","templated":true}]}}