{"id":589760,"date":"2022-07-11T22:05:54","date_gmt":"2022-07-11T22:05:54","guid":{"rendered":"https:\/\/aukinkochile.com\/web\/producto\/escritorio-colegio-vintage\/"},"modified":"2024-01-03T19:20:28","modified_gmt":"2024-01-03T19:20:28","slug":"escritorio-colegio-vintage","status":"publish","type":"product","link":"https:\/\/aukinkochile.com\/web\/producto\/escritorio-colegio-vintage\/","title":{"rendered":"Escritorio Colegio Vintage"},"content":{"rendered":"<p>Hermoso pupitre escolar de madera con aspecto vintage: una pizarra reversible con un lado para escribir con tiza y un lado blanco para plum\u00f3n. Incluye una caja de almacenamiento. 100% fabricado en Francia. Roble te\u00f1ido de color. Dimensiones 52 x 59 x 63 cm. A partir de 3 a\u00f1os.<\/p>\n<p><p><strong>Material : <\/strong> MADERA<\/p>\n<p><strong>C\u00f3digo Aukinko : <\/strong> 10-26710<\/p>\n<p><strong>C\u00f3digo Convenio Marco : <\/strong> <\/p>\n","protected":false},"excerpt":{"rendered":"<p>Hermoso pupitre escolar de madera con aspecto vintage: una pizarra reversible con un lado para escribir con tiza y un lado blanco para plum\u00f3n. Incluye una caja de almacenamiento. 100% fabricado en Francia. Roble te\u00f1ido de color. Dimensiones 52 x 59 x 63 cm. A partir de 3 a\u00f1os. Material : MADERA C\u00f3digo Aukinko : [&hellip;]<\/p>\n","protected":false},"featured_media":626926,"comment_status":"open","ping_status":"closed","template":"","meta":{"_et_pb_use_builder":"","_et_pb_old_content":"","_et_gb_content_width":""},"product_brand":[],"product_cat":[91,21],"product_tag":[],"class_list":{"0":"post-589760","1":"product","2":"type-product","3":"status-publish","4":"has-post-thumbnail","6":"product_cat-accesorios-sala","7":"product_cat-arte-y-manipulacion","8":"pa_edad-3-a-4-anos","9":"pa_edad-4-a-5-anos","10":"pa_edad-5-a-6-anos","11":"pa_edad-6-a-8-anos","12":"pa_edad-8-a-10-anos","13":"pa_marca-vilac","14":"pa_medidas-52-x-59-x-63-cm","16":"first","17":"instock","18":"shipping-taxable","19":"purchasable","20":"product-type-simple"},"aioseo_notices":[],"_links":{"self":[{"href":"https:\/\/aukinkochile.com\/web\/wp-json\/wp\/v2\/product\/589760","targetHints":{"allow":["GET"]}}],"collection":[{"href":"https:\/\/aukinkochile.com\/web\/wp-json\/wp\/v2\/product"}],"about":[{"href":"https:\/\/aukinkochile.com\/web\/wp-json\/wp\/v2\/types\/product"}],"replies":[{"embeddable":true,"href":"https:\/\/aukinkochile.com\/web\/wp-json\/wp\/v2\/comments?post=589760"}],"wp:featuredmedia":[{"embeddable":true,"href":"https:\/\/aukinkochile.com\/web\/wp-json\/wp\/v2\/media\/626926"}],"wp:attachment":[{"href":"https:\/\/aukinkochile.com\/web\/wp-json\/wp\/v2\/media?parent=589760"}],"wp:term":[{"taxonomy":"product_brand","embeddable":true,"href":"https:\/\/aukinkochile.com\/web\/wp-json\/wp\/v2\/product_brand?post=589760"},{"taxonomy":"product_cat","embeddable":true,"href":"https:\/\/aukinkochile.com\/web\/wp-json\/wp\/v2\/product_cat?post=589760"},{"taxonomy":"product_tag","embeddable":true,"href":"https:\/\/aukinkochile.com\/web\/wp-json\/wp\/v2\/product_tag?post=589760"}],"curies":[{"name":"wp","href":"https:\/\/api.w.org\/{rel}","templated":true}]}}