{"id":589742,"date":"2022-07-11T22:05:47","date_gmt":"2022-07-11T22:05:47","guid":{"rendered":"https:\/\/aukinkochile.com\/web\/producto\/avion-aeroplano-con-elastico-c-u\/"},"modified":"2024-01-03T19:20:22","modified_gmt":"2024-01-03T19:20:22","slug":"avion-aeroplano-con-elastico-c-u","status":"publish","type":"product","link":"https:\/\/aukinkochile.com\/web\/producto\/avion-aeroplano-con-elastico-c-u\/","title":{"rendered":"Avi\u00f3n Aeroplano con El\u00e1stico c\/u"},"content":{"rendered":"<p>Hermosos aviones de h\u00e9lice para volar con la imaginaci\u00f3n. 3 modelos diferentes. Precio por unidad.<\/p>\n<p><p><strong>Material : <\/strong> MADERA<\/p>\n<p><strong>C\u00f3digo Aukinko : <\/strong> 10-23211<\/p>\n<p><strong>C\u00f3digo Convenio Marco : <\/strong> <\/p>\n","protected":false},"excerpt":{"rendered":"<p>Hermosos aviones de h\u00e9lice para volar con la imaginaci\u00f3n. 3 modelos diferentes. Precio por unidad. Material : MADERA C\u00f3digo Aukinko : 10-23211 C\u00f3digo Convenio Marco :<\/p>\n","protected":false},"featured_media":626915,"comment_status":"open","ping_status":"closed","template":"","meta":{"_et_pb_use_builder":"","_et_pb_old_content":"","_et_gb_content_width":""},"product_brand":[],"product_cat":[212],"product_tag":[],"class_list":{"0":"post-589742","1":"product","2":"type-product","3":"status-publish","4":"has-post-thumbnail","6":"product_cat-munecos-y-figuras","7":"pa_edad-10-anos","8":"pa_edad-6-a-8-anos","9":"pa_edad-8-a-10-anos","10":"pa_marca-vilac","11":"pa_medidas-37-x-45-x-20-cm","13":"first","14":"instock","15":"shipping-taxable","16":"purchasable","17":"product-type-simple"},"aioseo_notices":[],"_links":{"self":[{"href":"https:\/\/aukinkochile.com\/web\/wp-json\/wp\/v2\/product\/589742","targetHints":{"allow":["GET"]}}],"collection":[{"href":"https:\/\/aukinkochile.com\/web\/wp-json\/wp\/v2\/product"}],"about":[{"href":"https:\/\/aukinkochile.com\/web\/wp-json\/wp\/v2\/types\/product"}],"replies":[{"embeddable":true,"href":"https:\/\/aukinkochile.com\/web\/wp-json\/wp\/v2\/comments?post=589742"}],"wp:featuredmedia":[{"embeddable":true,"href":"https:\/\/aukinkochile.com\/web\/wp-json\/wp\/v2\/media\/626915"}],"wp:attachment":[{"href":"https:\/\/aukinkochile.com\/web\/wp-json\/wp\/v2\/media?parent=589742"}],"wp:term":[{"taxonomy":"product_brand","embeddable":true,"href":"https:\/\/aukinkochile.com\/web\/wp-json\/wp\/v2\/product_brand?post=589742"},{"taxonomy":"product_cat","embeddable":true,"href":"https:\/\/aukinkochile.com\/web\/wp-json\/wp\/v2\/product_cat?post=589742"},{"taxonomy":"product_tag","embeddable":true,"href":"https:\/\/aukinkochile.com\/web\/wp-json\/wp\/v2\/product_tag?post=589742"}],"curies":[{"name":"wp","href":"https:\/\/api.w.org\/{rel}","templated":true}]}}