{"id":589725,"date":"2022-07-11T22:05:38","date_gmt":"2022-07-11T22:05:38","guid":{"rendered":"https:\/\/aukinkochile.com\/web\/producto\/puzle-madera-evolutivo-profesiones\/"},"modified":"2024-01-03T19:20:17","modified_gmt":"2024-01-03T19:20:17","slug":"puzle-madera-evolutivo-profesiones","status":"publish","type":"product","link":"https:\/\/aukinkochile.com\/web\/producto\/puzle-madera-evolutivo-profesiones\/","title":{"rendered":"Puzle Madera Evolutivo Profesiones"},"content":{"rendered":"<p>Hermosos puzles evolutivos con motivos de profesiones. Presentados en una preciosa caja de madera, incluye 4 puzles de dificultad creciente (6, 9, 12 y 16 piezas) con hermosas ilustraciones que lo hacen muy atractivo para los m\u00e1s peque\u00f1os. Recomendado a partir de 2 a\u00f1os, fabricado con material suave y resistente.<\/p>\n<p><p><strong>Material : <\/strong> MADERA<\/p>\n<p><strong>C\u00f3digo Aukinko : <\/strong> 10-22633<\/p>\n<p><strong>C\u00f3digo Convenio Marco : <\/strong> <\/p>\n","protected":false},"excerpt":{"rendered":"<p>Hermosos puzles evolutivos con motivos de profesiones. Presentados en una preciosa caja de madera, incluye 4 puzles de dificultad creciente (6, 9, 12 y 16 piezas) con hermosas ilustraciones que lo hacen muy atractivo para los m\u00e1s peque\u00f1os. Recomendado a partir de 2 a\u00f1os, fabricado con material suave y resistente. Material : MADERA C\u00f3digo Aukinko [&hellip;]<\/p>\n","protected":false},"featured_media":626908,"comment_status":"open","ping_status":"closed","template":"","meta":{"_et_pb_use_builder":"","_et_pb_old_content":"","_et_gb_content_width":""},"product_brand":[],"product_cat":[150,22],"product_tag":[],"class_list":{"0":"post-589725","1":"product","2":"type-product","3":"status-publish","4":"has-post-thumbnail","6":"product_cat-asociacion-y-logica","7":"product_cat-puzzles","8":"pa_edad-2-a-3-anos","9":"pa_edad-3-a-4-anos","10":"pa_edad-4-a-5-anos","11":"pa_marca-vilac","12":"pa_medidas-18-x-15-x-0","13":"pa_medidas-4-cm","15":"first","16":"instock","17":"shipping-taxable","18":"purchasable","19":"product-type-simple"},"aioseo_notices":[],"_links":{"self":[{"href":"https:\/\/aukinkochile.com\/web\/wp-json\/wp\/v2\/product\/589725","targetHints":{"allow":["GET"]}}],"collection":[{"href":"https:\/\/aukinkochile.com\/web\/wp-json\/wp\/v2\/product"}],"about":[{"href":"https:\/\/aukinkochile.com\/web\/wp-json\/wp\/v2\/types\/product"}],"replies":[{"embeddable":true,"href":"https:\/\/aukinkochile.com\/web\/wp-json\/wp\/v2\/comments?post=589725"}],"wp:featuredmedia":[{"embeddable":true,"href":"https:\/\/aukinkochile.com\/web\/wp-json\/wp\/v2\/media\/626908"}],"wp:attachment":[{"href":"https:\/\/aukinkochile.com\/web\/wp-json\/wp\/v2\/media?parent=589725"}],"wp:term":[{"taxonomy":"product_brand","embeddable":true,"href":"https:\/\/aukinkochile.com\/web\/wp-json\/wp\/v2\/product_brand?post=589725"},{"taxonomy":"product_cat","embeddable":true,"href":"https:\/\/aukinkochile.com\/web\/wp-json\/wp\/v2\/product_cat?post=589725"},{"taxonomy":"product_tag","embeddable":true,"href":"https:\/\/aukinkochile.com\/web\/wp-json\/wp\/v2\/product_tag?post=589725"}],"curies":[{"name":"wp","href":"https:\/\/api.w.org\/{rel}","templated":true}]}}