{"id":589719,"date":"2022-07-11T22:05:35","date_gmt":"2022-07-11T22:05:35","guid":{"rendered":"https:\/\/aukinkochile.com\/web\/producto\/golpear-cohete-madera\/"},"modified":"2024-01-03T19:20:15","modified_gmt":"2024-01-03T19:20:15","slug":"golpear-cohete-madera","status":"publish","type":"product","link":"https:\/\/aukinkochile.com\/web\/producto\/golpear-cohete-madera\/","title":{"rendered":"Golpear Cohete Madera"},"content":{"rendered":"<p>Este divertido juego de golpear es una forma muy entretenida de fomentar la motricidad de los m\u00e1s peque\u00f1os. Con este hermoso dise\u00f1o, los ni\u00f1os y ni\u00f1as tendr\u00e1n que asegurar a los tres astronautas en la cabina del cohete que est\u00e1 listo para despegar. El juego est\u00e1 fabricado con material suave y resistente.<\/p>\n<p><p><strong>Material : <\/strong> MADERA  <\/p>\n<p><strong>C\u00f3digo Aukinko : <\/strong> 10-22445<\/p>\n<p><strong>C\u00f3digo Convenio Marco : <\/strong> <\/p>\n","protected":false},"excerpt":{"rendered":"<p>Este divertido juego de golpear es una forma muy entretenida de fomentar la motricidad de los m\u00e1s peque\u00f1os. Con este hermoso dise\u00f1o, los ni\u00f1os y ni\u00f1as tendr\u00e1n que asegurar a los tres astronautas en la cabina del cohete que est\u00e1 listo para despegar. El juego est\u00e1 fabricado con material suave y resistente. Material : MADERA [&hellip;]<\/p>\n","protected":false},"featured_media":626905,"comment_status":"open","ping_status":"closed","template":"","meta":{"_et_pb_use_builder":"","_et_pb_old_content":"","_et_gb_content_width":""},"product_brand":[],"product_cat":[18],"product_tag":[],"class_list":{"0":"post-589719","1":"product","2":"type-product","3":"status-publish","4":"has-post-thumbnail","6":"product_cat-motricidad-gruesa","7":"pa_edad-1-a-2-anos","8":"pa_edad-2-a-3-anos","9":"pa_edad-3-a-4-anos","10":"pa_marca-vilac","11":"pa_medidas-15-x-33-x-10-cm","13":"first","14":"instock","15":"shipping-taxable","16":"purchasable","17":"product-type-simple"},"aioseo_notices":[],"_links":{"self":[{"href":"https:\/\/aukinkochile.com\/web\/wp-json\/wp\/v2\/product\/589719","targetHints":{"allow":["GET"]}}],"collection":[{"href":"https:\/\/aukinkochile.com\/web\/wp-json\/wp\/v2\/product"}],"about":[{"href":"https:\/\/aukinkochile.com\/web\/wp-json\/wp\/v2\/types\/product"}],"replies":[{"embeddable":true,"href":"https:\/\/aukinkochile.com\/web\/wp-json\/wp\/v2\/comments?post=589719"}],"wp:featuredmedia":[{"embeddable":true,"href":"https:\/\/aukinkochile.com\/web\/wp-json\/wp\/v2\/media\/626905"}],"wp:attachment":[{"href":"https:\/\/aukinkochile.com\/web\/wp-json\/wp\/v2\/media?parent=589719"}],"wp:term":[{"taxonomy":"product_brand","embeddable":true,"href":"https:\/\/aukinkochile.com\/web\/wp-json\/wp\/v2\/product_brand?post=589719"},{"taxonomy":"product_cat","embeddable":true,"href":"https:\/\/aukinkochile.com\/web\/wp-json\/wp\/v2\/product_cat?post=589719"},{"taxonomy":"product_tag","embeddable":true,"href":"https:\/\/aukinkochile.com\/web\/wp-json\/wp\/v2\/product_tag?post=589719"}],"curies":[{"name":"wp","href":"https:\/\/api.w.org\/{rel}","templated":true}]}}