{"id":589706,"date":"2022-07-11T22:05:30","date_gmt":"2022-07-11T22:05:30","guid":{"rendered":"https:\/\/aukinkochile.com\/web\/producto\/enlazar-animales-madera\/"},"modified":"2024-01-03T19:20:14","modified_gmt":"2024-01-03T19:20:14","slug":"enlazar-animales-madera","status":"publish","type":"product","link":"https:\/\/aukinkochile.com\/web\/producto\/enlazar-animales-madera\/","title":{"rendered":"Enlazar Animales Madera"},"content":{"rendered":"<p>Con este divertido juego de enhebrar, los m\u00e1s peque\u00f1os desarrollar\u00e1n sus habilidades motoras finas de una forma especial y divertida. El juego incluye cuentas gruesas de madera con forma de animales, especialmente dise\u00f1adas para ni\u00f1os y ni\u00f1as mayores de 18 meses. Adem\u00e1s de jugar enhebrando, los peque\u00f1os podr\u00e1n crear las m\u00e1s divertidas historias con estos animalitos de colores vivos y caras alegres. El material es suave y resistente, ideal para el uso de los ni\u00f1os.<\/p>\n<p><p><strong>Material : <\/strong> MADERA<\/p>\n<p><strong>C\u00f3digo Aukinko : <\/strong> 10-21504<\/p>\n<p><strong>C\u00f3digo Convenio Marco : <\/strong> <\/p>\n","protected":false},"excerpt":{"rendered":"<p>Con este divertido juego de enhebrar, los m\u00e1s peque\u00f1os desarrollar\u00e1n sus habilidades motoras finas de una forma especial y divertida. El juego incluye cuentas gruesas de madera con forma de animales, especialmente dise\u00f1adas para ni\u00f1os y ni\u00f1as mayores de 18 meses. Adem\u00e1s de jugar enhebrando, los peque\u00f1os podr\u00e1n crear las m\u00e1s divertidas historias con estos [&hellip;]<\/p>\n","protected":false},"featured_media":626903,"comment_status":"open","ping_status":"closed","template":"","meta":{"_et_pb_use_builder":"","_et_pb_old_content":"","_et_gb_content_width":""},"product_brand":[],"product_cat":[20],"product_tag":[],"class_list":{"0":"post-589706","1":"product","2":"type-product","3":"status-publish","4":"has-post-thumbnail","6":"product_cat-motricidad-fina","7":"pa_edad-1-a-2-anos","8":"pa_edad-2-a-3-anos","9":"pa_edad-3-a-4-anos","10":"pa_marca-vilac","11":"pa_medidas-32-x-22-x-3","12":"pa_medidas-5-cm","14":"first","15":"instock","16":"shipping-taxable","17":"purchasable","18":"product-type-simple"},"aioseo_notices":[],"_links":{"self":[{"href":"https:\/\/aukinkochile.com\/web\/wp-json\/wp\/v2\/product\/589706","targetHints":{"allow":["GET"]}}],"collection":[{"href":"https:\/\/aukinkochile.com\/web\/wp-json\/wp\/v2\/product"}],"about":[{"href":"https:\/\/aukinkochile.com\/web\/wp-json\/wp\/v2\/types\/product"}],"replies":[{"embeddable":true,"href":"https:\/\/aukinkochile.com\/web\/wp-json\/wp\/v2\/comments?post=589706"}],"wp:featuredmedia":[{"embeddable":true,"href":"https:\/\/aukinkochile.com\/web\/wp-json\/wp\/v2\/media\/626903"}],"wp:attachment":[{"href":"https:\/\/aukinkochile.com\/web\/wp-json\/wp\/v2\/media?parent=589706"}],"wp:term":[{"taxonomy":"product_brand","embeddable":true,"href":"https:\/\/aukinkochile.com\/web\/wp-json\/wp\/v2\/product_brand?post=589706"},{"taxonomy":"product_cat","embeddable":true,"href":"https:\/\/aukinkochile.com\/web\/wp-json\/wp\/v2\/product_cat?post=589706"},{"taxonomy":"product_tag","embeddable":true,"href":"https:\/\/aukinkochile.com\/web\/wp-json\/wp\/v2\/product_tag?post=589706"}],"curies":[{"name":"wp","href":"https:\/\/api.w.org\/{rel}","templated":true}]}}