{"id":589703,"date":"2022-07-11T22:05:28","date_gmt":"2022-07-11T22:05:28","guid":{"rendered":"https:\/\/aukinkochile.com\/web\/producto\/rodado-auto-metal-rojo-pedales\/"},"modified":"2024-01-03T19:20:12","modified_gmt":"2024-01-03T19:20:12","slug":"rodado-auto-metal-rojo-pedales","status":"publish","type":"product","link":"https:\/\/aukinkochile.com\/web\/producto\/rodado-auto-metal-rojo-pedales\/","title":{"rendered":"Rodado Auto Metal Rojo Pedales"},"content":{"rendered":"<p>\u00a1Hermoso coche de carreras elegante y atemporal para emprender una aventura! Coche de pedales de metal grande con acabado lacado rojo y elementos de madera natural. Recomendado a partir de 3 a\u00f1os. Altura del asiento: 23 cm.<\/p>\n<p><p><strong>Material : <\/strong> METAL Y MADERA<\/p>\n<p><strong>C\u00f3digo Aukinko : <\/strong> 10-21150<\/p>\n<p><strong>C\u00f3digo Convenio Marco : <\/strong> <\/p>\n","protected":false},"excerpt":{"rendered":"<p>\u00a1Hermoso coche de carreras elegante y atemporal para emprender una aventura! Coche de pedales de metal grande con acabado lacado rojo y elementos de madera natural. Recomendado a partir de 3 a\u00f1os. Altura del asiento: 23 cm. Material : METAL Y MADERA C\u00f3digo Aukinko : 10-21150 C\u00f3digo Convenio Marco :<\/p>\n","protected":false},"featured_media":626900,"comment_status":"open","ping_status":"closed","template":"","meta":{"_et_pb_use_builder":"","_et_pb_old_content":"","_et_gb_content_width":""},"product_brand":[],"product_cat":[18],"product_tag":[],"class_list":{"0":"post-589703","1":"product","2":"type-product","3":"status-publish","4":"has-post-thumbnail","6":"product_cat-motricidad-gruesa","7":"pa_edad-3-a-4-anos","8":"pa_edad-4-a-5-anos","9":"pa_marca-vilac","10":"pa_medidas-81-x-46-x-44-cm","12":"first","13":"instock","14":"shipping-taxable","15":"purchasable","16":"product-type-simple"},"aioseo_notices":[],"_links":{"self":[{"href":"https:\/\/aukinkochile.com\/web\/wp-json\/wp\/v2\/product\/589703","targetHints":{"allow":["GET"]}}],"collection":[{"href":"https:\/\/aukinkochile.com\/web\/wp-json\/wp\/v2\/product"}],"about":[{"href":"https:\/\/aukinkochile.com\/web\/wp-json\/wp\/v2\/types\/product"}],"replies":[{"embeddable":true,"href":"https:\/\/aukinkochile.com\/web\/wp-json\/wp\/v2\/comments?post=589703"}],"wp:featuredmedia":[{"embeddable":true,"href":"https:\/\/aukinkochile.com\/web\/wp-json\/wp\/v2\/media\/626900"}],"wp:attachment":[{"href":"https:\/\/aukinkochile.com\/web\/wp-json\/wp\/v2\/media?parent=589703"}],"wp:term":[{"taxonomy":"product_brand","embeddable":true,"href":"https:\/\/aukinkochile.com\/web\/wp-json\/wp\/v2\/product_brand?post=589703"},{"taxonomy":"product_cat","embeddable":true,"href":"https:\/\/aukinkochile.com\/web\/wp-json\/wp\/v2\/product_cat?post=589703"},{"taxonomy":"product_tag","embeddable":true,"href":"https:\/\/aukinkochile.com\/web\/wp-json\/wp\/v2\/product_tag?post=589703"}],"curies":[{"name":"wp","href":"https:\/\/api.w.org\/{rel}","templated":true}]}}