{"id":589694,"date":"2022-07-11T22:05:24","date_gmt":"2022-07-11T22:05:24","guid":{"rendered":"https:\/\/aukinkochile.com\/web\/producto\/carabina-madera-elasticos-y-blancos\/"},"modified":"2024-01-03T19:20:11","modified_gmt":"2024-01-03T19:20:11","slug":"carabina-madera-elasticos-y-blancos","status":"publish","type":"product","link":"https:\/\/aukinkochile.com\/web\/producto\/carabina-madera-elasticos-y-blancos\/","title":{"rendered":"Carabina Madera El\u00e1sticos y Blancos"},"content":{"rendered":"<p>Este divertido juego de lanzamiento proporciona horas de diversi\u00f3n. \u00bfSer\u00e1s lo suficientemente h\u00e1bil como para derribar todos los objetivos? Recomendado a partir de 5 a\u00f1os. De material suave y resistente.<\/p>\n<p><p><strong>Material : <\/strong> MADERA<\/p>\n<p><strong>C\u00f3digo Aukinko : <\/strong> 10-21003<\/p>\n<p><strong>C\u00f3digo Convenio Marco : <\/strong> <\/p>\n","protected":false},"excerpt":{"rendered":"<p>Este divertido juego de lanzamiento proporciona horas de diversi\u00f3n. \u00bfSer\u00e1s lo suficientemente h\u00e1bil como para derribar todos los objetivos? Recomendado a partir de 5 a\u00f1os. De material suave y resistente. Material : MADERA C\u00f3digo Aukinko : 10-21003 C\u00f3digo Convenio Marco :<\/p>\n","protected":false},"featured_media":626897,"comment_status":"open","ping_status":"closed","template":"","meta":{"_et_pb_use_builder":"","_et_pb_old_content":"","_et_gb_content_width":""},"product_brand":[],"product_cat":[91,17],"product_tag":[],"class_list":{"0":"post-589694","1":"product","2":"type-product","3":"status-publish","4":"has-post-thumbnail","6":"product_cat-accesorios-sala","7":"product_cat-juegos-de-rol","8":"pa_edad-5-a-6-anos","9":"pa_edad-6-a-8-anos","10":"pa_edad-8-a-10-anos","11":"pa_marca-vilac","12":"pa_medidas-48-x-12-x-2","13":"pa_medidas-5-cm","15":"first","16":"instock","17":"shipping-taxable","18":"purchasable","19":"product-type-simple"},"aioseo_notices":[],"_links":{"self":[{"href":"https:\/\/aukinkochile.com\/web\/wp-json\/wp\/v2\/product\/589694","targetHints":{"allow":["GET"]}}],"collection":[{"href":"https:\/\/aukinkochile.com\/web\/wp-json\/wp\/v2\/product"}],"about":[{"href":"https:\/\/aukinkochile.com\/web\/wp-json\/wp\/v2\/types\/product"}],"replies":[{"embeddable":true,"href":"https:\/\/aukinkochile.com\/web\/wp-json\/wp\/v2\/comments?post=589694"}],"wp:featuredmedia":[{"embeddable":true,"href":"https:\/\/aukinkochile.com\/web\/wp-json\/wp\/v2\/media\/626897"}],"wp:attachment":[{"href":"https:\/\/aukinkochile.com\/web\/wp-json\/wp\/v2\/media?parent=589694"}],"wp:term":[{"taxonomy":"product_brand","embeddable":true,"href":"https:\/\/aukinkochile.com\/web\/wp-json\/wp\/v2\/product_brand?post=589694"},{"taxonomy":"product_cat","embeddable":true,"href":"https:\/\/aukinkochile.com\/web\/wp-json\/wp\/v2\/product_cat?post=589694"},{"taxonomy":"product_tag","embeddable":true,"href":"https:\/\/aukinkochile.com\/web\/wp-json\/wp\/v2\/product_tag?post=589694"}],"curies":[{"name":"wp","href":"https:\/\/api.w.org\/{rel}","templated":true}]}}