{"id":588358,"date":"2022-06-22T20:30:18","date_gmt":"2022-06-22T20:30:18","guid":{"rendered":"https:\/\/aukinkochile.com\/web\/producto\/jardin-molino-plastico-agua-arena\/"},"modified":"2024-04-26T17:54:48","modified_gmt":"2024-04-26T17:54:48","slug":"jardin-molino-plastico-agua-arena","status":"publish","type":"product","link":"https:\/\/aukinkochile.com\/web\/producto\/jardin-molino-plastico-agua-arena\/","title":{"rendered":"Molino Pl\u00e1stico Agua\/Arena"},"content":{"rendered":"<p>Hermoso molino de agua y arena para experimentar en la playa. Juego de acci\u00f3n y reacci\u00f3n de material suave y resistente y colores vivos.<\/p>\n<p><p><strong>Material : <\/strong> Pl\u00e1stico  <\/p>\n<p><strong>C\u00f3digo Aukinko : <\/strong> 06-7835<\/p>\n<p><strong>C\u00f3digo Convenio Marco : <\/strong> x<\/p>\n","protected":false},"excerpt":{"rendered":"<p>Hermoso molino de agua y arena para experimentar en la playa. Juego de acci\u00f3n y reacci\u00f3n de material suave y resistente y colores vivos. Material : Pl\u00e1stico C\u00f3digo Aukinko : 06-7835 C\u00f3digo Convenio Marco : x<\/p>\n","protected":false},"featured_media":623201,"comment_status":"open","ping_status":"closed","template":"","meta":{"_et_pb_use_builder":"","_et_pb_old_content":"","_et_gb_content_width":""},"product_brand":[],"product_cat":[1005,17],"product_tag":[],"class_list":{"0":"post-588358","1":"product","2":"type-product","3":"status-publish","4":"has-post-thumbnail","6":"product_cat-accesorios-patio","7":"product_cat-juegos-de-rol","8":"pa_edad-2-a-3-anos","9":"pa_edad-3-a-4-anos","10":"pa_edad-4-a-5-anos","11":"pa_edad-5-a-6-anos","12":"pa_marca-nyby","13":"pa_medidas-42-x-17-x-10-cm","15":"first","16":"instock","17":"shipping-taxable","18":"purchasable","19":"product-type-simple"},"aioseo_notices":[],"_links":{"self":[{"href":"https:\/\/aukinkochile.com\/web\/wp-json\/wp\/v2\/product\/588358","targetHints":{"allow":["GET"]}}],"collection":[{"href":"https:\/\/aukinkochile.com\/web\/wp-json\/wp\/v2\/product"}],"about":[{"href":"https:\/\/aukinkochile.com\/web\/wp-json\/wp\/v2\/types\/product"}],"replies":[{"embeddable":true,"href":"https:\/\/aukinkochile.com\/web\/wp-json\/wp\/v2\/comments?post=588358"}],"wp:featuredmedia":[{"embeddable":true,"href":"https:\/\/aukinkochile.com\/web\/wp-json\/wp\/v2\/media\/623201"}],"wp:attachment":[{"href":"https:\/\/aukinkochile.com\/web\/wp-json\/wp\/v2\/media?parent=588358"}],"wp:term":[{"taxonomy":"product_brand","embeddable":true,"href":"https:\/\/aukinkochile.com\/web\/wp-json\/wp\/v2\/product_brand?post=588358"},{"taxonomy":"product_cat","embeddable":true,"href":"https:\/\/aukinkochile.com\/web\/wp-json\/wp\/v2\/product_cat?post=588358"},{"taxonomy":"product_tag","embeddable":true,"href":"https:\/\/aukinkochile.com\/web\/wp-json\/wp\/v2\/product_tag?post=588358"}],"curies":[{"name":"wp","href":"https:\/\/api.w.org\/{rel}","templated":true}]}}