{"id":588334,"date":"2022-06-22T20:30:04","date_gmt":"2022-06-22T20:30:04","guid":{"rendered":"https:\/\/aukinkochile.com\/web\/producto\/jardin-pala-metalica-puntuda-22-cm\/"},"modified":"2024-04-26T17:54:44","modified_gmt":"2024-04-26T17:54:44","slug":"jardin-pala-metalica-puntuda-22-cm","status":"publish","type":"product","link":"https:\/\/aukinkochile.com\/web\/producto\/jardin-pala-metalica-puntuda-22-cm\/","title":{"rendered":"Pala Met\u00e1lica Puntuda 22 cm"},"content":{"rendered":"<p>Herramienta de jard\u00edn con mango de madera muy c\u00f3modo para la mano de un ni\u00f1o. De excelente calidad y perfecto dise\u00f1o. Material durable e inoxidable.<\/p>\n<p><p><strong>Material : <\/strong> Madera y Metal<\/p>\n<p><strong>C\u00f3digo Aukinko : <\/strong> 06-7760<\/p>\n<p><strong>C\u00f3digo Convenio Marco : <\/strong> x<\/p>\n","protected":false},"excerpt":{"rendered":"<p>Herramienta de jard\u00edn con mango de madera muy c\u00f3modo para la mano de un ni\u00f1o. De excelente calidad y perfecto dise\u00f1o. Material durable e inoxidable. Material : Madera y Metal C\u00f3digo Aukinko : 06-7760 C\u00f3digo Convenio Marco : x<\/p>\n","protected":false},"featured_media":623189,"comment_status":"open","ping_status":"closed","template":"","meta":{"_et_pb_use_builder":"","_et_pb_old_content":"","_et_gb_content_width":""},"product_brand":[],"product_cat":[1005,17],"product_tag":[],"class_list":{"0":"post-588334","1":"product","2":"type-product","3":"status-publish","4":"has-post-thumbnail","6":"product_cat-accesorios-patio","7":"product_cat-juegos-de-rol","8":"pa_edad-10-anos","9":"pa_edad-4-a-5-anos","10":"pa_edad-5-a-6-anos","11":"pa_edad-6-a-8-anos","12":"pa_edad-8-a-10-anos","13":"pa_marca-nyby","14":"pa_medidas-4453","15":"pa_medidas-5-cm","17":"first","18":"instock","19":"shipping-taxable","20":"purchasable","21":"product-type-simple"},"aioseo_notices":[],"_links":{"self":[{"href":"https:\/\/aukinkochile.com\/web\/wp-json\/wp\/v2\/product\/588334","targetHints":{"allow":["GET"]}}],"collection":[{"href":"https:\/\/aukinkochile.com\/web\/wp-json\/wp\/v2\/product"}],"about":[{"href":"https:\/\/aukinkochile.com\/web\/wp-json\/wp\/v2\/types\/product"}],"replies":[{"embeddable":true,"href":"https:\/\/aukinkochile.com\/web\/wp-json\/wp\/v2\/comments?post=588334"}],"wp:featuredmedia":[{"embeddable":true,"href":"https:\/\/aukinkochile.com\/web\/wp-json\/wp\/v2\/media\/623189"}],"wp:attachment":[{"href":"https:\/\/aukinkochile.com\/web\/wp-json\/wp\/v2\/media?parent=588334"}],"wp:term":[{"taxonomy":"product_brand","embeddable":true,"href":"https:\/\/aukinkochile.com\/web\/wp-json\/wp\/v2\/product_brand?post=588334"},{"taxonomy":"product_cat","embeddable":true,"href":"https:\/\/aukinkochile.com\/web\/wp-json\/wp\/v2\/product_cat?post=588334"},{"taxonomy":"product_tag","embeddable":true,"href":"https:\/\/aukinkochile.com\/web\/wp-json\/wp\/v2\/product_tag?post=588334"}],"curies":[{"name":"wp","href":"https:\/\/api.w.org\/{rel}","templated":true}]}}