{"id":588324,"date":"2022-06-22T20:29:59","date_gmt":"2022-06-22T20:29:59","guid":{"rendered":"https:\/\/aukinkochile.com\/web\/producto\/jardin-guantes-pequenos\/"},"modified":"2026-03-27T17:10:05","modified_gmt":"2026-03-27T17:10:05","slug":"jardin-guantes-pequenos","status":"publish","type":"product","link":"https:\/\/aukinkochile.com\/web\/producto\/jardin-guantes-pequenos\/","title":{"rendered":"Guantes Genero Peque\u00f1os"},"content":{"rendered":"<p>Guantes peque\u00f1os para proteger las manos de los mas peque\u00f1os en los juegos de jard\u00edn. C\u00f3modos, livianos y de hermoso dise\u00f1o.<\/p>\n<p><p><strong>Material : <\/strong> Genero<\/p>\n<p><strong>C\u00f3digo Aukinko : <\/strong> 06-7715<\/p>\n<p><strong>C\u00f3digo Convenio Marco : <\/strong> x<\/p>\n","protected":false},"excerpt":{"rendered":"<p>Guantes peque\u00f1os para proteger las manos de los mas peque\u00f1os en los juegos de jard\u00edn. C\u00f3modos, livianos y de hermoso dise\u00f1o. Material : Genero C\u00f3digo Aukinko : 06-7715 C\u00f3digo Convenio Marco : x<\/p>\n","protected":false},"featured_media":623184,"comment_status":"open","ping_status":"closed","template":"","meta":{"_et_pb_use_builder":"","_et_pb_old_content":"","_et_gb_content_width":""},"product_brand":[],"product_cat":[1005,17],"product_tag":[],"class_list":{"0":"post-588324","1":"product","2":"type-product","3":"status-publish","4":"has-post-thumbnail","6":"product_cat-accesorios-patio","7":"product_cat-juegos-de-rol","8":"pa_edad-3-a-4-anos","9":"pa_edad-4-a-5-anos","10":"pa_edad-5-a-6-anos","11":"pa_edad-6-a-8-anos","12":"pa_marca-nyby","13":"pa_medidas-19-x-8-x-0","14":"pa_medidas-5-cm","16":"first","17":"instock","18":"shipping-taxable","19":"purchasable","20":"product-type-simple"},"aioseo_notices":[],"_links":{"self":[{"href":"https:\/\/aukinkochile.com\/web\/wp-json\/wp\/v2\/product\/588324","targetHints":{"allow":["GET"]}}],"collection":[{"href":"https:\/\/aukinkochile.com\/web\/wp-json\/wp\/v2\/product"}],"about":[{"href":"https:\/\/aukinkochile.com\/web\/wp-json\/wp\/v2\/types\/product"}],"replies":[{"embeddable":true,"href":"https:\/\/aukinkochile.com\/web\/wp-json\/wp\/v2\/comments?post=588324"}],"wp:featuredmedia":[{"embeddable":true,"href":"https:\/\/aukinkochile.com\/web\/wp-json\/wp\/v2\/media\/623184"}],"wp:attachment":[{"href":"https:\/\/aukinkochile.com\/web\/wp-json\/wp\/v2\/media?parent=588324"}],"wp:term":[{"taxonomy":"product_brand","embeddable":true,"href":"https:\/\/aukinkochile.com\/web\/wp-json\/wp\/v2\/product_brand?post=588324"},{"taxonomy":"product_cat","embeddable":true,"href":"https:\/\/aukinkochile.com\/web\/wp-json\/wp\/v2\/product_cat?post=588324"},{"taxonomy":"product_tag","embeddable":true,"href":"https:\/\/aukinkochile.com\/web\/wp-json\/wp\/v2\/product_tag?post=588324"}],"curies":[{"name":"wp","href":"https:\/\/api.w.org\/{rel}","templated":true}]}}