{"id":586338,"date":"2022-05-31T19:30:11","date_gmt":"2022-05-31T19:30:11","guid":{"rendered":"https:\/\/aukinkochile.com\/web\/producto\/juego-lyngk\/"},"modified":"2023-10-20T19:16:33","modified_gmt":"2023-10-20T19:16:33","slug":"juego-lyngk","status":"publish","type":"product","link":"https:\/\/aukinkochile.com\/web\/producto\/juego-lyngk\/","title":{"rendered":"Juego de Mesa Lyngk"},"content":{"rendered":"<p>Lingk es la s\u00edntesis de los primeros 6 juegos del proyecto Gipf y el epilogo perfecto de la serie. Se juega con 48 piezas en 6 colores diferentes. Al principio, todos los colores son neutros y no pertenecen a un jugador. Durante el juego, ambos jugadores deben elegir 2 colores cada uno. El objetivo es crear pilas de 5 fichas de diferentes colores, cuya piedra superior muestra uno de los 2 colores propios. Aquellos que h\u00e1bilmente tocan, planean con previsi\u00f3n y usan h\u00e1bilmente la posibilidad de m\u00faltiples movimientos sobre piedras de su propio color, al final ganan con la mayor\u00eda de las 5 pilas. 2 jugadores. De 30 a 60 minutos de juego.<\/p>\n<p><p><strong>Material : <\/strong> MADERA Y CARTON<\/p>\n<p><strong>C\u00f3digo Aukinko : <\/strong> 18-1879837<\/p>\n<p><strong>C\u00f3digo Convenio Marco : <\/strong> <\/p>\n","protected":false},"excerpt":{"rendered":"<p>Lingk es la s\u00edntesis de los primeros 6 juegos del proyecto Gipf y el epilogo perfecto de la serie. Se juega con 48 piezas en 6 colores diferentes. Al principio, todos los colores son neutros y no pertenecen a un jugador. Durante el juego, ambos jugadores deben elegir 2 colores cada uno. El objetivo es [&hellip;]<\/p>\n","protected":false},"featured_media":624685,"comment_status":"open","ping_status":"closed","template":"","meta":{"_et_pb_use_builder":"","_et_pb_old_content":"","_et_gb_content_width":""},"product_brand":[],"product_cat":[149],"product_tag":[],"class_list":{"0":"post-586338","1":"product","2":"type-product","3":"status-publish","4":"has-post-thumbnail","6":"product_cat-juegos-de-mesa","7":"pa_edad-10-anos","8":"pa_marca-huch","9":"pa_medidas-4569","10":"pa_medidas-5-x-29","11":"pa_medidas-5-x-7-cm","13":"first","14":"instock","15":"shipping-taxable","16":"purchasable","17":"product-type-simple"},"aioseo_notices":[],"_links":{"self":[{"href":"https:\/\/aukinkochile.com\/web\/wp-json\/wp\/v2\/product\/586338","targetHints":{"allow":["GET"]}}],"collection":[{"href":"https:\/\/aukinkochile.com\/web\/wp-json\/wp\/v2\/product"}],"about":[{"href":"https:\/\/aukinkochile.com\/web\/wp-json\/wp\/v2\/types\/product"}],"replies":[{"embeddable":true,"href":"https:\/\/aukinkochile.com\/web\/wp-json\/wp\/v2\/comments?post=586338"}],"wp:featuredmedia":[{"embeddable":true,"href":"https:\/\/aukinkochile.com\/web\/wp-json\/wp\/v2\/media\/624685"}],"wp:attachment":[{"href":"https:\/\/aukinkochile.com\/web\/wp-json\/wp\/v2\/media?parent=586338"}],"wp:term":[{"taxonomy":"product_brand","embeddable":true,"href":"https:\/\/aukinkochile.com\/web\/wp-json\/wp\/v2\/product_brand?post=586338"},{"taxonomy":"product_cat","embeddable":true,"href":"https:\/\/aukinkochile.com\/web\/wp-json\/wp\/v2\/product_cat?post=586338"},{"taxonomy":"product_tag","embeddable":true,"href":"https:\/\/aukinkochile.com\/web\/wp-json\/wp\/v2\/product_tag?post=586338"}],"curies":[{"name":"wp","href":"https:\/\/api.w.org\/{rel}","templated":true}]}}