{"id":586336,"date":"2022-05-31T19:30:10","date_gmt":"2022-05-31T19:30:10","guid":{"rendered":"https:\/\/aukinkochile.com\/web\/producto\/juego-de-mesa-punct\/"},"modified":"2023-10-20T19:16:33","modified_gmt":"2023-10-20T19:16:33","slug":"juego-de-mesa-punct","status":"publish","type":"product","link":"https:\/\/aukinkochile.com\/web\/producto\/juego-de-mesa-punct\/","title":{"rendered":"Juego de Mesa P\u00fcnct"},"content":{"rendered":"<p>Una buena conexi\u00f3n vale mucho. Cualquiera que conecte lados opuestos en Punct ya ha ganado. Pero eso es mas dif\u00edcil de lo que parece. Si es tu turno, trae una piedra nueva o mueve una piedra que ya este en el tablero. Cuantas mas piedras en juego, mas oportunidades surgen para hacer conexiones. Pero cuidado: cada piedra nueva siempre revela algo sobre las propias t\u00e1cticas. 2 jugadores. De 30 a 60 minutos de juego.<\/p>\n<p><p><strong>Material : <\/strong> MADERA Y CARTON<\/p>\n<p><strong>C\u00f3digo Aukinko : <\/strong> 18-1879820<\/p>\n<p><strong>C\u00f3digo Convenio Marco : <\/strong> <\/p>\n","protected":false},"excerpt":{"rendered":"<p>Una buena conexi\u00f3n vale mucho. Cualquiera que conecte lados opuestos en Punct ya ha ganado. Pero eso es mas dif\u00edcil de lo que parece. Si es tu turno, trae una piedra nueva o mueve una piedra que ya este en el tablero. Cuantas mas piedras en juego, mas oportunidades surgen para hacer conexiones. Pero cuidado: [&hellip;]<\/p>\n","protected":false},"featured_media":624684,"comment_status":"open","ping_status":"closed","template":"","meta":{"_et_pb_use_builder":"","_et_pb_old_content":"","_et_gb_content_width":""},"product_brand":[],"product_cat":[149],"product_tag":[],"class_list":{"0":"post-586336","1":"product","2":"type-product","3":"status-publish","4":"has-post-thumbnail","6":"product_cat-juegos-de-mesa","7":"pa_edad-10-anos","8":"pa_marca-huch","9":"pa_medidas-4569","10":"pa_medidas-5-x-29","11":"pa_medidas-5-x-7-cm","13":"first","14":"instock","15":"shipping-taxable","16":"purchasable","17":"product-type-simple"},"aioseo_notices":[],"_links":{"self":[{"href":"https:\/\/aukinkochile.com\/web\/wp-json\/wp\/v2\/product\/586336","targetHints":{"allow":["GET"]}}],"collection":[{"href":"https:\/\/aukinkochile.com\/web\/wp-json\/wp\/v2\/product"}],"about":[{"href":"https:\/\/aukinkochile.com\/web\/wp-json\/wp\/v2\/types\/product"}],"replies":[{"embeddable":true,"href":"https:\/\/aukinkochile.com\/web\/wp-json\/wp\/v2\/comments?post=586336"}],"wp:featuredmedia":[{"embeddable":true,"href":"https:\/\/aukinkochile.com\/web\/wp-json\/wp\/v2\/media\/624684"}],"wp:attachment":[{"href":"https:\/\/aukinkochile.com\/web\/wp-json\/wp\/v2\/media?parent=586336"}],"wp:term":[{"taxonomy":"product_brand","embeddable":true,"href":"https:\/\/aukinkochile.com\/web\/wp-json\/wp\/v2\/product_brand?post=586336"},{"taxonomy":"product_cat","embeddable":true,"href":"https:\/\/aukinkochile.com\/web\/wp-json\/wp\/v2\/product_cat?post=586336"},{"taxonomy":"product_tag","embeddable":true,"href":"https:\/\/aukinkochile.com\/web\/wp-json\/wp\/v2\/product_tag?post=586336"}],"curies":[{"name":"wp","href":"https:\/\/api.w.org\/{rel}","templated":true}]}}