{"id":586327,"date":"2022-05-31T19:30:04","date_gmt":"2022-05-31T19:30:04","guid":{"rendered":"https:\/\/aukinkochile.com\/web\/producto\/juego-de-mesa-gipf\/"},"modified":"2023-10-20T19:16:32","modified_gmt":"2023-10-20T19:16:32","slug":"juego-de-mesa-gipf","status":"publish","type":"product","link":"https:\/\/aukinkochile.com\/web\/producto\/juego-de-mesa-gipf\/","title":{"rendered":"Juego de Mesa Gipf"},"content":{"rendered":"<p>Gipf lleva el nombre y es pionero del proyecto Gipf. Este cl\u00e1sico moderno lleva el juego abstracto a un nuevo nivel. 2 jugadores mueven sus fichas alternativamente en las l\u00edneas de intersecci\u00f3n del tablero. El que marca el mejor puntaje y supera al oponente gana h\u00e1bilmente. Juego en la lista de recomendaciones  \u00abjuegos del a\u00f1o\u00bb en 1998. Este es el primer juego de la famosa serie. 2 jugadores. De 30 a 60 minutos de juego.<\/p>\n<p><p><strong>Material : <\/strong> MADERA Y CARTON<\/p>\n<p><strong>C\u00f3digo Aukinko : <\/strong> 18-1879417<\/p>\n<p><strong>C\u00f3digo Convenio Marco : <\/strong> <\/p>\n","protected":false},"excerpt":{"rendered":"<p>Gipf lleva el nombre y es pionero del proyecto Gipf. Este cl\u00e1sico moderno lleva el juego abstracto a un nuevo nivel. 2 jugadores mueven sus fichas alternativamente en las l\u00edneas de intersecci\u00f3n del tablero. El que marca el mejor puntaje y supera al oponente gana h\u00e1bilmente. Juego en la lista de recomendaciones \u00abjuegos del a\u00f1o\u00bb [&hellip;]<\/p>\n","protected":false},"featured_media":624679,"comment_status":"open","ping_status":"closed","template":"","meta":{"_et_pb_use_builder":"","_et_pb_old_content":"","_et_gb_content_width":""},"product_brand":[],"product_cat":[149],"product_tag":[],"class_list":{"0":"post-586327","1":"product","2":"type-product","3":"status-publish","4":"has-post-thumbnail","6":"product_cat-juegos-de-mesa","7":"pa_edad-10-anos","8":"pa_marca-huch","9":"pa_medidas-4569","10":"pa_medidas-5-x-29","11":"pa_medidas-5-x-7-cm","13":"first","14":"instock","15":"shipping-taxable","16":"purchasable","17":"product-type-simple"},"aioseo_notices":[],"_links":{"self":[{"href":"https:\/\/aukinkochile.com\/web\/wp-json\/wp\/v2\/product\/586327","targetHints":{"allow":["GET"]}}],"collection":[{"href":"https:\/\/aukinkochile.com\/web\/wp-json\/wp\/v2\/product"}],"about":[{"href":"https:\/\/aukinkochile.com\/web\/wp-json\/wp\/v2\/types\/product"}],"replies":[{"embeddable":true,"href":"https:\/\/aukinkochile.com\/web\/wp-json\/wp\/v2\/comments?post=586327"}],"wp:featuredmedia":[{"embeddable":true,"href":"https:\/\/aukinkochile.com\/web\/wp-json\/wp\/v2\/media\/624679"}],"wp:attachment":[{"href":"https:\/\/aukinkochile.com\/web\/wp-json\/wp\/v2\/media?parent=586327"}],"wp:term":[{"taxonomy":"product_brand","embeddable":true,"href":"https:\/\/aukinkochile.com\/web\/wp-json\/wp\/v2\/product_brand?post=586327"},{"taxonomy":"product_cat","embeddable":true,"href":"https:\/\/aukinkochile.com\/web\/wp-json\/wp\/v2\/product_cat?post=586327"},{"taxonomy":"product_tag","embeddable":true,"href":"https:\/\/aukinkochile.com\/web\/wp-json\/wp\/v2\/product_tag?post=586327"}],"curies":[{"name":"wp","href":"https:\/\/api.w.org\/{rel}","templated":true}]}}