{"id":586322,"date":"2022-05-31T19:30:02","date_gmt":"2022-05-31T19:30:02","guid":{"rendered":"https:\/\/aukinkochile.com\/web\/producto\/juego-de-mesa-archelino\/"},"modified":"2023-10-20T19:16:32","modified_gmt":"2023-10-20T19:16:32","slug":"juego-de-mesa-archelino","status":"publish","type":"product","link":"https:\/\/aukinkochile.com\/web\/producto\/juego-de-mesa-archelino\/","title":{"rendered":"Juego de Mesa Archelino"},"content":{"rendered":"<p>Todos los animales se re\u00fanen en el arca de No\u00e9 para escapar del gran diluvio. \u00bfPero en que orden deber\u00edan encontrar un lugar en el barco? Gracias a las sugerencias, solo hay una soluci\u00f3n para cada una de las 60 tareas. Pero encontrarla puede ser complicado. Entrena la combinaci\u00f3n correcta y la imaginaci\u00f3n espacial. Equipos de alta calidad con grandes piezas de madera. De 1 a 10 jugadores. 10 minutos de juego.<\/p>\n<p><p><strong>Material : <\/strong> MADERA Y CARTON<\/p>\n<p><strong>C\u00f3digo Aukinko : <\/strong> 18-1877277<\/p>\n<p><strong>C\u00f3digo Convenio Marco : <\/strong> <\/p>\n","protected":false},"excerpt":{"rendered":"<p>Todos los animales se re\u00fanen en el arca de No\u00e9 para escapar del gran diluvio. \u00bfPero en que orden deber\u00edan encontrar un lugar en el barco? Gracias a las sugerencias, solo hay una soluci\u00f3n para cada una de las 60 tareas. Pero encontrarla puede ser complicado. Entrena la combinaci\u00f3n correcta y la imaginaci\u00f3n espacial. Equipos [&hellip;]<\/p>\n","protected":false},"featured_media":624678,"comment_status":"open","ping_status":"closed","template":"","meta":{"_et_pb_use_builder":"","_et_pb_old_content":"","_et_gb_content_width":""},"product_brand":[],"product_cat":[149],"product_tag":[],"class_list":{"0":"post-586322","1":"product","2":"type-product","3":"status-publish","4":"has-post-thumbnail","6":"product_cat-juegos-de-mesa","7":"pa_edad-10-anos","8":"pa_edad-4-a-5-anos","9":"pa_edad-5-a-6-anos","10":"pa_edad-6-a-8-anos","11":"pa_edad-8-a-10-anos","12":"pa_marca-huch","13":"pa_medidas-24-x-24-x-5","14":"pa_medidas-5-cm","16":"first","17":"instock","18":"shipping-taxable","19":"purchasable","20":"product-type-simple"},"aioseo_notices":[],"_links":{"self":[{"href":"https:\/\/aukinkochile.com\/web\/wp-json\/wp\/v2\/product\/586322","targetHints":{"allow":["GET"]}}],"collection":[{"href":"https:\/\/aukinkochile.com\/web\/wp-json\/wp\/v2\/product"}],"about":[{"href":"https:\/\/aukinkochile.com\/web\/wp-json\/wp\/v2\/types\/product"}],"replies":[{"embeddable":true,"href":"https:\/\/aukinkochile.com\/web\/wp-json\/wp\/v2\/comments?post=586322"}],"wp:featuredmedia":[{"embeddable":true,"href":"https:\/\/aukinkochile.com\/web\/wp-json\/wp\/v2\/media\/624678"}],"wp:attachment":[{"href":"https:\/\/aukinkochile.com\/web\/wp-json\/wp\/v2\/media?parent=586322"}],"wp:term":[{"taxonomy":"product_brand","embeddable":true,"href":"https:\/\/aukinkochile.com\/web\/wp-json\/wp\/v2\/product_brand?post=586322"},{"taxonomy":"product_cat","embeddable":true,"href":"https:\/\/aukinkochile.com\/web\/wp-json\/wp\/v2\/product_cat?post=586322"},{"taxonomy":"product_tag","embeddable":true,"href":"https:\/\/aukinkochile.com\/web\/wp-json\/wp\/v2\/product_tag?post=586322"}],"curies":[{"name":"wp","href":"https:\/\/api.w.org\/{rel}","templated":true}]}}