{"id":586319,"date":"2022-05-31T19:30:01","date_gmt":"2022-05-31T19:30:01","guid":{"rendered":"https:\/\/aukinkochile.com\/web\/producto\/juego-de-mesa-keyflower\/"},"modified":"2023-10-20T19:16:31","modified_gmt":"2023-10-20T19:16:31","slug":"juego-de-mesa-keyflower","status":"publish","type":"product","link":"https:\/\/aukinkochile.com\/web\/producto\/juego-de-mesa-keyflower\/","title":{"rendered":"Juego de Mesa Keyflower"},"content":{"rendered":"<p>Keyflower es un juego para 2 a 6 jugadores jugados en 4 rondas. Cada ronda representa una estaci\u00f3n: Primavera, Verano, Oto\u00f1o e Invierno. Keyflower presenta a los jugadores muchos desaf\u00edos diferentes, y al mezclar las fichas de la aldea para cada nuevo juego, cada juego es diferente. A lo largo del juego, los jugadores deben buscar las mejores oportunidades para utilizar sus diversos recursos, transporte, opciones de actualizaci\u00f3n, habilidades y trabajadores. Duraci\u00f3n del juego entre 60 y 100 minutos.<\/p>\n<p><p><strong>Material : <\/strong> MADERA Y CARTON<\/p>\n<p><strong>C\u00f3digo Aukinko : <\/strong> 18-1400166<\/p>\n<p><strong>C\u00f3digo Convenio Marco : <\/strong> <\/p>\n","protected":false},"excerpt":{"rendered":"<p>Keyflower es un juego para 2 a 6 jugadores jugados en 4 rondas. Cada ronda representa una estaci\u00f3n: Primavera, Verano, Oto\u00f1o e Invierno. Keyflower presenta a los jugadores muchos desaf\u00edos diferentes, y al mezclar las fichas de la aldea para cada nuevo juego, cada juego es diferente. A lo largo del juego, los jugadores deben [&hellip;]<\/p>\n","protected":false},"featured_media":624674,"comment_status":"open","ping_status":"closed","template":"","meta":{"_et_pb_use_builder":"","_et_pb_old_content":"","_et_gb_content_width":""},"product_brand":[],"product_cat":[149],"product_tag":[],"class_list":{"0":"post-586319","1":"product","2":"type-product","3":"status-publish","4":"has-post-thumbnail","6":"product_cat-juegos-de-mesa","7":"pa_edad-10-anos","8":"pa_marca-huch","9":"pa_medidas-4336","10":"pa_medidas-5-x-22","11":"pa_medidas-5-x-7-cm","13":"first","14":"instock","15":"shipping-taxable","16":"purchasable","17":"product-type-simple"},"aioseo_notices":[],"_links":{"self":[{"href":"https:\/\/aukinkochile.com\/web\/wp-json\/wp\/v2\/product\/586319","targetHints":{"allow":["GET"]}}],"collection":[{"href":"https:\/\/aukinkochile.com\/web\/wp-json\/wp\/v2\/product"}],"about":[{"href":"https:\/\/aukinkochile.com\/web\/wp-json\/wp\/v2\/types\/product"}],"replies":[{"embeddable":true,"href":"https:\/\/aukinkochile.com\/web\/wp-json\/wp\/v2\/comments?post=586319"}],"wp:featuredmedia":[{"embeddable":true,"href":"https:\/\/aukinkochile.com\/web\/wp-json\/wp\/v2\/media\/624674"}],"wp:attachment":[{"href":"https:\/\/aukinkochile.com\/web\/wp-json\/wp\/v2\/media?parent=586319"}],"wp:term":[{"taxonomy":"product_brand","embeddable":true,"href":"https:\/\/aukinkochile.com\/web\/wp-json\/wp\/v2\/product_brand?post=586319"},{"taxonomy":"product_cat","embeddable":true,"href":"https:\/\/aukinkochile.com\/web\/wp-json\/wp\/v2\/product_cat?post=586319"},{"taxonomy":"product_tag","embeddable":true,"href":"https:\/\/aukinkochile.com\/web\/wp-json\/wp\/v2\/product_tag?post=586319"}],"curies":[{"name":"wp","href":"https:\/\/api.w.org\/{rel}","templated":true}]}}