{"id":586317,"date":"2022-05-31T19:30:00","date_gmt":"2022-05-31T19:30:00","guid":{"rendered":"https:\/\/aukinkochile.com\/web\/producto\/juego-de-mesa-good-night-bunnies\/"},"modified":"2023-10-20T19:16:34","modified_gmt":"2023-10-20T19:16:34","slug":"juego-de-mesa-good-night-bunnies","status":"publish","type":"product","link":"https:\/\/aukinkochile.com\/web\/producto\/juego-de-mesa-good-night-bunnies\/","title":{"rendered":"Juego de Mesa Good Night Bunnies"},"content":{"rendered":"<p>\u00a1Buenas noches conejitos! es un juego cooperativo: en la tarde los jugadores deben agarrar a los peque\u00f1os conejitos y meterlos en sus  madrigueras a dormir. Pero esto no ser\u00e1 tan f\u00e1cil porque hay muchos pares de orejar de conejitos que comenzar\u00e1n a aparecer por los agujeros todo el tiempo. Cuantas mas madrigueras puedas cerrar al final del juego mejor cuidador de conejitos ser\u00e1s. Un juego ideal para desarrollar la cooperaci\u00f3n de los mas peque\u00f1os y fomentar la destreza y las habilidades combinatorias. Para jugar de 2 a 4 jugadores, recomendado de 5 a 99 a\u00f1os de edad, duraci\u00f3n aproximada de 20 minutos.<\/p>\n<p><p><strong>Material : <\/strong> MADERA Y CARTON<\/p>\n<p><strong>C\u00f3digo Aukinko : <\/strong> 18-1880611<\/p>\n<p><strong>C\u00f3digo Convenio Marco : <\/strong> <\/p>\n","protected":false},"excerpt":{"rendered":"<p>\u00a1Buenas noches conejitos! es un juego cooperativo: en la tarde los jugadores deben agarrar a los peque\u00f1os conejitos y meterlos en sus madrigueras a dormir. Pero esto no ser\u00e1 tan f\u00e1cil porque hay muchos pares de orejar de conejitos que comenzar\u00e1n a aparecer por los agujeros todo el tiempo. Cuantas mas madrigueras puedas cerrar al [&hellip;]<\/p>\n","protected":false},"featured_media":624696,"comment_status":"open","ping_status":"closed","template":"","meta":{"_et_pb_use_builder":"","_et_pb_old_content":"","_et_gb_content_width":""},"product_brand":[],"product_cat":[150,149],"product_tag":[],"class_list":{"0":"post-586317","1":"product","2":"type-product","3":"status-publish","4":"has-post-thumbnail","6":"product_cat-asociacion-y-logica","7":"product_cat-juegos-de-mesa","8":"pa_edad-10-anos","9":"pa_edad-5-a-6-anos","10":"pa_edad-6-a-8-anos","11":"pa_edad-8-a-10-anos","12":"pa_marca-huch","13":"pa_medidas-7-x-27-x-27-cm","15":"first","16":"instock","17":"shipping-taxable","18":"purchasable","19":"product-type-simple"},"aioseo_notices":[],"_links":{"self":[{"href":"https:\/\/aukinkochile.com\/web\/wp-json\/wp\/v2\/product\/586317","targetHints":{"allow":["GET"]}}],"collection":[{"href":"https:\/\/aukinkochile.com\/web\/wp-json\/wp\/v2\/product"}],"about":[{"href":"https:\/\/aukinkochile.com\/web\/wp-json\/wp\/v2\/types\/product"}],"replies":[{"embeddable":true,"href":"https:\/\/aukinkochile.com\/web\/wp-json\/wp\/v2\/comments?post=586317"}],"wp:featuredmedia":[{"embeddable":true,"href":"https:\/\/aukinkochile.com\/web\/wp-json\/wp\/v2\/media\/624696"}],"wp:attachment":[{"href":"https:\/\/aukinkochile.com\/web\/wp-json\/wp\/v2\/media?parent=586317"}],"wp:term":[{"taxonomy":"product_brand","embeddable":true,"href":"https:\/\/aukinkochile.com\/web\/wp-json\/wp\/v2\/product_brand?post=586317"},{"taxonomy":"product_cat","embeddable":true,"href":"https:\/\/aukinkochile.com\/web\/wp-json\/wp\/v2\/product_cat?post=586317"},{"taxonomy":"product_tag","embeddable":true,"href":"https:\/\/aukinkochile.com\/web\/wp-json\/wp\/v2\/product_tag?post=586317"}],"curies":[{"name":"wp","href":"https:\/\/api.w.org\/{rel}","templated":true}]}}