{"id":586316,"date":"2022-05-31T19:29:59","date_gmt":"2022-05-31T19:29:59","guid":{"rendered":"https:\/\/aukinkochile.com\/web\/producto\/juego-de-mesa-foro-trajano\/"},"modified":"2023-10-20T19:16:33","modified_gmt":"2023-10-20T19:16:33","slug":"juego-de-mesa-foro-trajano","status":"publish","type":"product","link":"https:\/\/aukinkochile.com\/web\/producto\/juego-de-mesa-foro-trajano\/","title":{"rendered":"Juego de Mesa Foro Trajano"},"content":{"rendered":"<p>El emperador Trajano planea construir un monumento para la eternidad. El foro Trajano. Cada jugador gobierna una colonia, fundada por el propio trajano, y por lo tanto es la cabeza de una de las ciudades de mas alto rango en todo el Imperio Romano. Mientras intentan desarrollar de manera optima su propia colonia, no deben fallar en el proyecto de construcci\u00f3n del emperador al mismo tiempo. El jugador que tenga mas \u00e9xito al hacerlo, despu\u00e9s del vencimiento de su mandato, ser\u00e1 admitido en el peque\u00f1o circulo de ilustres y poderosas personalidades que rodean al emperador. En el 2018 destaca este juego por la estrategia. De 2 a 4 jugadores. 60 a 90 minutos de juego.<\/p>\n<p><p><strong>Material : <\/strong> MADERA Y CARTON<\/p>\n<p><strong>C\u00f3digo Aukinko : <\/strong> 18-1880383<\/p>\n<p><strong>C\u00f3digo Convenio Marco : <\/strong> <\/p>\n","protected":false},"excerpt":{"rendered":"<p>El emperador Trajano planea construir un monumento para la eternidad. El foro Trajano. Cada jugador gobierna una colonia, fundada por el propio trajano, y por lo tanto es la cabeza de una de las ciudades de mas alto rango en todo el Imperio Romano. Mientras intentan desarrollar de manera optima su propia colonia, no deben [&hellip;]<\/p>\n","protected":false},"featured_media":624690,"comment_status":"open","ping_status":"closed","template":"","meta":{"_et_pb_use_builder":"","_et_pb_old_content":"","_et_gb_content_width":""},"product_brand":[],"product_cat":[149],"product_tag":[],"class_list":{"0":"post-586316","1":"product","2":"type-product","3":"status-publish","4":"has-post-thumbnail","6":"product_cat-juegos-de-mesa","7":"pa_edad-10-anos","8":"pa_marca-huch","9":"pa_medidas-4569","10":"pa_medidas-5-x-29","11":"pa_medidas-5-x-7-cm","13":"first","14":"instock","15":"shipping-taxable","16":"purchasable","17":"product-type-simple"},"aioseo_notices":[],"_links":{"self":[{"href":"https:\/\/aukinkochile.com\/web\/wp-json\/wp\/v2\/product\/586316","targetHints":{"allow":["GET"]}}],"collection":[{"href":"https:\/\/aukinkochile.com\/web\/wp-json\/wp\/v2\/product"}],"about":[{"href":"https:\/\/aukinkochile.com\/web\/wp-json\/wp\/v2\/types\/product"}],"replies":[{"embeddable":true,"href":"https:\/\/aukinkochile.com\/web\/wp-json\/wp\/v2\/comments?post=586316"}],"wp:featuredmedia":[{"embeddable":true,"href":"https:\/\/aukinkochile.com\/web\/wp-json\/wp\/v2\/media\/624690"}],"wp:attachment":[{"href":"https:\/\/aukinkochile.com\/web\/wp-json\/wp\/v2\/media?parent=586316"}],"wp:term":[{"taxonomy":"product_brand","embeddable":true,"href":"https:\/\/aukinkochile.com\/web\/wp-json\/wp\/v2\/product_brand?post=586316"},{"taxonomy":"product_cat","embeddable":true,"href":"https:\/\/aukinkochile.com\/web\/wp-json\/wp\/v2\/product_cat?post=586316"},{"taxonomy":"product_tag","embeddable":true,"href":"https:\/\/aukinkochile.com\/web\/wp-json\/wp\/v2\/product_tag?post=586316"}],"curies":[{"name":"wp","href":"https:\/\/api.w.org\/{rel}","templated":true}]}}