{"id":586286,"date":"2022-05-31T19:29:48","date_gmt":"2022-05-31T19:29:48","guid":{"rendered":"https:\/\/aukinkochile.com\/web\/producto\/aseo-carro-limpieza-leitheit-11-pz\/"},"modified":"2023-11-22T19:31:35","modified_gmt":"2023-11-22T19:31:35","slug":"aseo-carro-limpieza-leitheit-11-pz","status":"publish","type":"product","link":"https:\/\/aukinkochile.com\/web\/producto\/aseo-carro-limpieza-leitheit-11-pz\/","title":{"rendered":"Aseo set Carro Limpieza Leitheit 11 Pz"},"content":{"rendered":"<p>Divertido set de limpieza para pasar horas de diversi\u00f3n. Todos los accesorios vienen en un hermoso carro para trasladarlos f\u00e1cilmente a todas partes. Incluye pala, escoba, balde, trapero y m\u00e1s. De material suave y resistente.<\/p>\n<p><p><strong>Material : <\/strong> PLASTICO RESISTENTE<\/p>\n<p><strong>C\u00f3digo Aukinko : <\/strong> 12-96562<\/p>\n<p><strong>C\u00f3digo Convenio Marco : <\/strong> <\/p>\n","protected":false},"excerpt":{"rendered":"<p>Divertido set de limpieza para pasar horas de diversi\u00f3n. Todos los accesorios vienen en un hermoso carro para trasladarlos f\u00e1cilmente a todas partes. Incluye pala, escoba, balde, trapero y m\u00e1s. De material suave y resistente. Material : PLASTICO RESISTENTE C\u00f3digo Aukinko : 12-96562 C\u00f3digo Convenio Marco :<\/p>\n","protected":false},"featured_media":625727,"comment_status":"open","ping_status":"closed","template":"","meta":{"_et_pb_use_builder":"","_et_pb_old_content":"","_et_gb_content_width":""},"product_brand":[],"product_cat":[17],"product_tag":[],"class_list":{"0":"post-586286","1":"product","2":"type-product","3":"status-publish","4":"has-post-thumbnail","6":"product_cat-juegos-de-rol","7":"pa_edad-2-a-3-anos","8":"pa_edad-3-a-4-anos","9":"pa_edad-4-a-5-anos","10":"pa_edad-5-a-6-anos","11":"pa_edad-6-a-8-anos","12":"pa_marca-klein","13":"pa_medidas-4426","14":"pa_medidas-5-cm","15":"pa_medidas-5-x-18-x-56","17":"first","18":"instock","19":"shipping-taxable","20":"purchasable","21":"product-type-simple"},"aioseo_notices":[],"_links":{"self":[{"href":"https:\/\/aukinkochile.com\/web\/wp-json\/wp\/v2\/product\/586286","targetHints":{"allow":["GET"]}}],"collection":[{"href":"https:\/\/aukinkochile.com\/web\/wp-json\/wp\/v2\/product"}],"about":[{"href":"https:\/\/aukinkochile.com\/web\/wp-json\/wp\/v2\/types\/product"}],"replies":[{"embeddable":true,"href":"https:\/\/aukinkochile.com\/web\/wp-json\/wp\/v2\/comments?post=586286"}],"wp:featuredmedia":[{"embeddable":true,"href":"https:\/\/aukinkochile.com\/web\/wp-json\/wp\/v2\/media\/625727"}],"wp:attachment":[{"href":"https:\/\/aukinkochile.com\/web\/wp-json\/wp\/v2\/media?parent=586286"}],"wp:term":[{"taxonomy":"product_brand","embeddable":true,"href":"https:\/\/aukinkochile.com\/web\/wp-json\/wp\/v2\/product_brand?post=586286"},{"taxonomy":"product_cat","embeddable":true,"href":"https:\/\/aukinkochile.com\/web\/wp-json\/wp\/v2\/product_cat?post=586286"},{"taxonomy":"product_tag","embeddable":true,"href":"https:\/\/aukinkochile.com\/web\/wp-json\/wp\/v2\/product_tag?post=586286"}],"curies":[{"name":"wp","href":"https:\/\/api.w.org\/{rel}","templated":true}]}}