{"id":586267,"date":"2022-05-31T19:29:41","date_gmt":"2022-05-31T19:29:41","guid":{"rendered":"https:\/\/aukinkochile.com\/web\/producto\/banera-con-accesorios-12-pz\/"},"modified":"2023-11-22T19:31:28","modified_gmt":"2023-11-22T19:31:28","slug":"banera-con-accesorios-12-pz","status":"publish","type":"product","link":"https:\/\/aukinkochile.com\/web\/producto\/banera-con-accesorios-12-pz\/","title":{"rendered":"Ba\u00f1era con Accesorios 12 Pz"},"content":{"rendered":"<p>Preciosa ba\u00f1era de pl\u00e1stico resistente con accesorios. Pelela, escobilla, peineta, esponja. De gran calidad. Liviana e ideal para complementar los juegos de las peque\u00f1as con sus mu\u00f1ecas.<\/p>\n<p><p><strong>Material : <\/strong> PLASTICO RESISTENTE<\/p>\n<p><strong>C\u00f3digo Aukinko : <\/strong> 12-91675<\/p>\n<p><strong>C\u00f3digo Convenio Marco : <\/strong> <\/p>\n","protected":false},"excerpt":{"rendered":"<p>Preciosa ba\u00f1era de pl\u00e1stico resistente con accesorios. Pelela, escobilla, peineta, esponja. De gran calidad. Liviana e ideal para complementar los juegos de las peque\u00f1as con sus mu\u00f1ecas. Material : PLASTICO RESISTENTE C\u00f3digo Aukinko : 12-91675 C\u00f3digo Convenio Marco :<\/p>\n","protected":false},"featured_media":625717,"comment_status":"open","ping_status":"closed","template":"","meta":{"_et_pb_use_builder":"","_et_pb_old_content":"","_et_gb_content_width":""},"product_brand":[],"product_cat":[17],"product_tag":[],"class_list":{"0":"post-586267","1":"product","2":"type-product","3":"status-publish","4":"has-post-thumbnail","6":"product_cat-juegos-de-rol","7":"pa_edad-2-a-3-anos","8":"pa_edad-3-a-4-anos","9":"pa_edad-4-a-5-anos","10":"pa_edad-5-a-6-anos","11":"pa_edad-6-a-8-anos","12":"pa_marca-klein","13":"pa_medidas-50-x-27-x-15-cm","15":"first","16":"instock","17":"shipping-taxable","18":"purchasable","19":"product-type-simple"},"aioseo_notices":[],"_links":{"self":[{"href":"https:\/\/aukinkochile.com\/web\/wp-json\/wp\/v2\/product\/586267","targetHints":{"allow":["GET"]}}],"collection":[{"href":"https:\/\/aukinkochile.com\/web\/wp-json\/wp\/v2\/product"}],"about":[{"href":"https:\/\/aukinkochile.com\/web\/wp-json\/wp\/v2\/types\/product"}],"replies":[{"embeddable":true,"href":"https:\/\/aukinkochile.com\/web\/wp-json\/wp\/v2\/comments?post=586267"}],"wp:featuredmedia":[{"embeddable":true,"href":"https:\/\/aukinkochile.com\/web\/wp-json\/wp\/v2\/media\/625717"}],"wp:attachment":[{"href":"https:\/\/aukinkochile.com\/web\/wp-json\/wp\/v2\/media?parent=586267"}],"wp:term":[{"taxonomy":"product_brand","embeddable":true,"href":"https:\/\/aukinkochile.com\/web\/wp-json\/wp\/v2\/product_brand?post=586267"},{"taxonomy":"product_cat","embeddable":true,"href":"https:\/\/aukinkochile.com\/web\/wp-json\/wp\/v2\/product_cat?post=586267"},{"taxonomy":"product_tag","embeddable":true,"href":"https:\/\/aukinkochile.com\/web\/wp-json\/wp\/v2\/product_tag?post=586267"}],"curies":[{"name":"wp","href":"https:\/\/api.w.org\/{rel}","templated":true}]}}