{"id":583585,"date":"2022-04-29T21:25:33","date_gmt":"2022-04-29T21:25:33","guid":{"rendered":"https:\/\/aukinkochile.com\/web\/producto\/matematicas-juego-espejos-mosaico-y-patrones\/"},"modified":"2024-12-05T16:16:09","modified_gmt":"2024-12-05T16:16:09","slug":"matematicas-juego-espejos-mosaico-y-patrones","status":"publish","type":"product","link":"https:\/\/aukinkochile.com\/web\/producto\/matematicas-juego-espejos-mosaico-y-patrones\/","title":{"rendered":"Matem\u00e1ticas Juego Espejos Mosaico y Patrones"},"content":{"rendered":"<p>Este juego estimulara la imaginaci\u00f3n de los ni\u00f1os y les permitir\u00e1 explorar la simetr\u00eda y la reflexi\u00f3n con sus dise\u00f1os creativos. Incluye 3 espejos verticales de acr\u00edlico, 1 espejo acr\u00edlico semicircular horizontal, marco pl\u00e1stico con graduaciones de grado, 30 bloques de patrones, 50 geostix y 64 tarjetas de actividad de doble cara.<\/p>\n<p><p><strong>Material : <\/strong> Pl\u00e1stico<\/p>\n<p><strong>C\u00f3digo Aukinko : <\/strong> 14-922242<\/p>\n<p><strong>C\u00f3digo Convenio Marco : <\/strong> x<\/p>\n","protected":false},"excerpt":{"rendered":"<p>Este juego estimulara la imaginaci\u00f3n de los ni\u00f1os y les permitir\u00e1 explorar la simetr\u00eda y la reflexi\u00f3n con sus dise\u00f1os creativos. Incluye 3 espejos verticales de acr\u00edlico, 1 espejo acr\u00edlico semicircular horizontal, marco pl\u00e1stico con graduaciones de grado, 30 bloques de patrones, 50 geostix y 64 tarjetas de actividad de doble cara. Material : Pl\u00e1stico [&hellip;]<\/p>\n","protected":false},"featured_media":627882,"comment_status":"open","ping_status":"closed","template":"","meta":{"_et_pb_use_builder":"","_et_pb_old_content":"","_et_gb_content_width":""},"product_brand":[],"product_cat":[91,90],"product_tag":[],"class_list":{"0":"post-583585","1":"product","2":"type-product","3":"status-publish","4":"has-post-thumbnail","6":"product_cat-accesorios-sala","7":"product_cat-matematicas","8":"pa_edad-3-a-4-anos","9":"pa_edad-4-a-5-anos","10":"pa_edad-5-a-6-anos","11":"pa_edad-6-a-8-anos","12":"pa_edad-8-a-10-anos","13":"pa_marca-edx","14":"pa_medidas-33-x-20","15":"pa_medidas-5-x-6-cm-caja","17":"first","18":"instock","19":"shipping-taxable","20":"purchasable","21":"product-type-simple"},"aioseo_notices":[],"_links":{"self":[{"href":"https:\/\/aukinkochile.com\/web\/wp-json\/wp\/v2\/product\/583585","targetHints":{"allow":["GET"]}}],"collection":[{"href":"https:\/\/aukinkochile.com\/web\/wp-json\/wp\/v2\/product"}],"about":[{"href":"https:\/\/aukinkochile.com\/web\/wp-json\/wp\/v2\/types\/product"}],"replies":[{"embeddable":true,"href":"https:\/\/aukinkochile.com\/web\/wp-json\/wp\/v2\/comments?post=583585"}],"wp:featuredmedia":[{"embeddable":true,"href":"https:\/\/aukinkochile.com\/web\/wp-json\/wp\/v2\/media\/627882"}],"wp:attachment":[{"href":"https:\/\/aukinkochile.com\/web\/wp-json\/wp\/v2\/media?parent=583585"}],"wp:term":[{"taxonomy":"product_brand","embeddable":true,"href":"https:\/\/aukinkochile.com\/web\/wp-json\/wp\/v2\/product_brand?post=583585"},{"taxonomy":"product_cat","embeddable":true,"href":"https:\/\/aukinkochile.com\/web\/wp-json\/wp\/v2\/product_cat?post=583585"},{"taxonomy":"product_tag","embeddable":true,"href":"https:\/\/aukinkochile.com\/web\/wp-json\/wp\/v2\/product_tag?post=583585"}],"curies":[{"name":"wp","href":"https:\/\/api.w.org\/{rel}","templated":true}]}}