{"id":583545,"date":"2022-04-29T21:25:13","date_gmt":"2022-04-29T21:25:13","guid":{"rendered":"https:\/\/aukinkochile.com\/web\/producto\/enlazar-cuentas-madera\/"},"modified":"2025-11-06T20:10:20","modified_gmt":"2025-11-06T20:10:20","slug":"enlazar-cuentas-madera","status":"publish","type":"product","link":"https:\/\/aukinkochile.com\/web\/producto\/enlazar-cuentas-madera\/","title":{"rendered":"Enlazar Cuentas Madera 30 pz"},"content":{"rendered":"<p>Divertido juego de enlazar para pasar horas de diversi\u00f3n. Incluye 30 piezas grandes de cuentas de madera de colores para enlazar y 4 cordeles. De excelente calidad. Un juego ideal para desarrollar las habilidades motoras fina. De excelente calidad y dise\u00f1o. Fabricado en material suave y resistente.<\/p>\n<p><p><strong>Material : <\/strong> Madera<\/p>\n<p><strong>C\u00f3digo Aukinko : <\/strong> 18-258466<\/p>\n<p><strong>C\u00f3digo Convenio Marco : <\/strong> x<\/p>\n","protected":false},"excerpt":{"rendered":"<p>Divertido juego de enlazar para pasar horas de diversi\u00f3n. Incluye 30 piezas grandes de cuentas de madera de colores para enlazar y 4 cordeles. De excelente calidad. Un juego ideal para desarrollar las habilidades motoras fina. De excelente calidad y dise\u00f1o. Fabricado en material suave y resistente. Material : Madera C\u00f3digo Aukinko : 18-258466 C\u00f3digo [&hellip;]<\/p>\n","protected":false},"featured_media":625123,"comment_status":"open","ping_status":"closed","template":"","meta":{"_et_pb_use_builder":"","_et_pb_old_content":"","_et_gb_content_width":""},"product_brand":[],"product_cat":[91,21,19,20],"product_tag":[],"class_list":{"0":"post-583545","1":"product","2":"type-product","3":"status-publish","4":"has-post-thumbnail","6":"product_cat-accesorios-sala","7":"product_cat-arte-y-manipulacion","8":"product_cat-construccion","9":"product_cat-motricidad-fina","10":"pa_edad-3-a-4-anos","11":"pa_edad-4-a-5-anos","12":"pa_edad-5-a-6-anos","13":"pa_marca-viga","14":"pa_medidas-4501","15":"pa_medidas-5-x-13-cm-diametro","17":"first","18":"instock","19":"shipping-taxable","20":"purchasable","21":"product-type-simple"},"aioseo_notices":[],"_links":{"self":[{"href":"https:\/\/aukinkochile.com\/web\/wp-json\/wp\/v2\/product\/583545","targetHints":{"allow":["GET"]}}],"collection":[{"href":"https:\/\/aukinkochile.com\/web\/wp-json\/wp\/v2\/product"}],"about":[{"href":"https:\/\/aukinkochile.com\/web\/wp-json\/wp\/v2\/types\/product"}],"replies":[{"embeddable":true,"href":"https:\/\/aukinkochile.com\/web\/wp-json\/wp\/v2\/comments?post=583545"}],"wp:featuredmedia":[{"embeddable":true,"href":"https:\/\/aukinkochile.com\/web\/wp-json\/wp\/v2\/media\/625123"}],"wp:attachment":[{"href":"https:\/\/aukinkochile.com\/web\/wp-json\/wp\/v2\/media?parent=583545"}],"wp:term":[{"taxonomy":"product_brand","embeddable":true,"href":"https:\/\/aukinkochile.com\/web\/wp-json\/wp\/v2\/product_brand?post=583545"},{"taxonomy":"product_cat","embeddable":true,"href":"https:\/\/aukinkochile.com\/web\/wp-json\/wp\/v2\/product_cat?post=583545"},{"taxonomy":"product_tag","embeddable":true,"href":"https:\/\/aukinkochile.com\/web\/wp-json\/wp\/v2\/product_tag?post=583545"}],"curies":[{"name":"wp","href":"https:\/\/api.w.org\/{rel}","templated":true}]}}