{"id":583539,"date":"2022-04-29T21:25:11","date_gmt":"2022-04-29T21:25:11","guid":{"rendered":"https:\/\/aukinkochile.com\/web\/producto\/vehiculo-pista-de-trenes-con-accesorios-49-pz\/"},"modified":"2025-11-06T20:09:39","modified_gmt":"2025-11-06T20:09:39","slug":"vehiculo-pista-de-trenes-con-accesorios-49-pz","status":"publish","type":"product","link":"https:\/\/aukinkochile.com\/web\/producto\/vehiculo-pista-de-trenes-con-accesorios-49-pz\/","title":{"rendered":"Pista de Trenes con Accesorios 49 pz"},"content":{"rendered":"<p>Hermosa pista de tren de madera natural con accesorios como trenes, autitos, arboles, casita, puente, se\u00f1al de transito. Incluye 49 piezas de madera que proporcionar\u00e1n entretenci\u00f3n por horas. De gran calidad y dise\u00f1o. Los juegos de imitaci\u00f3n son ideales para estimular la imaginaci\u00f3n, desarrollar habilidades sociales y f\u00edsicas y mucho m\u00e1s, de una forma muy entretenida. Promueven la interacci\u00f3n entre ni\u00f1os y adultos. Fabricado en material suave y resistente.<\/p>\n<p><p><strong>Material : <\/strong> Madera<\/p>\n<p><strong>C\u00f3digo Aukinko : <\/strong> 18-256304<\/p>\n<p><strong>C\u00f3digo Convenio Marco : <\/strong> x<\/p>\n","protected":false},"excerpt":{"rendered":"<p>Hermosa pista de tren de madera natural con accesorios como trenes, autitos, arboles, casita, puente, se\u00f1al de transito. Incluye 49 piezas de madera que proporcionar\u00e1n entretenci\u00f3n por horas. De gran calidad y dise\u00f1o. Los juegos de imitaci\u00f3n son ideales para estimular la imaginaci\u00f3n, desarrollar habilidades sociales y f\u00edsicas y mucho m\u00e1s, de una forma muy [&hellip;]<\/p>\n","protected":false},"featured_media":625113,"comment_status":"open","ping_status":"closed","template":"","meta":{"_et_pb_use_builder":"","_et_pb_old_content":"","_et_gb_content_width":""},"product_brand":[],"product_cat":[91,17],"product_tag":[],"class_list":{"0":"post-583539","1":"product","2":"type-product","3":"status-publish","4":"has-post-thumbnail","6":"product_cat-accesorios-sala","7":"product_cat-juegos-de-rol","8":"pa_edad-3-a-4-anos","9":"pa_edad-4-a-5-anos","10":"pa_edad-5-a-6-anos","11":"pa_marca-viga","12":"pa_medidas-5010","13":"pa_medidas-5-cm","14":"pa_medidas-5-x-28","15":"pa_medidas-5-x-7","17":"first","18":"instock","19":"shipping-taxable","20":"purchasable","21":"product-type-simple"},"aioseo_notices":[],"_links":{"self":[{"href":"https:\/\/aukinkochile.com\/web\/wp-json\/wp\/v2\/product\/583539","targetHints":{"allow":["GET"]}}],"collection":[{"href":"https:\/\/aukinkochile.com\/web\/wp-json\/wp\/v2\/product"}],"about":[{"href":"https:\/\/aukinkochile.com\/web\/wp-json\/wp\/v2\/types\/product"}],"replies":[{"embeddable":true,"href":"https:\/\/aukinkochile.com\/web\/wp-json\/wp\/v2\/comments?post=583539"}],"wp:featuredmedia":[{"embeddable":true,"href":"https:\/\/aukinkochile.com\/web\/wp-json\/wp\/v2\/media\/625113"}],"wp:attachment":[{"href":"https:\/\/aukinkochile.com\/web\/wp-json\/wp\/v2\/media?parent=583539"}],"wp:term":[{"taxonomy":"product_brand","embeddable":true,"href":"https:\/\/aukinkochile.com\/web\/wp-json\/wp\/v2\/product_brand?post=583539"},{"taxonomy":"product_cat","embeddable":true,"href":"https:\/\/aukinkochile.com\/web\/wp-json\/wp\/v2\/product_cat?post=583539"},{"taxonomy":"product_tag","embeddable":true,"href":"https:\/\/aukinkochile.com\/web\/wp-json\/wp\/v2\/product_tag?post=583539"}],"curies":[{"name":"wp","href":"https:\/\/api.w.org\/{rel}","templated":true}]}}