{"id":583537,"date":"2022-04-29T21:25:10","date_gmt":"2022-04-29T21:25:10","guid":{"rendered":"https:\/\/aukinkochile.com\/web\/producto\/circuito-de-alambre-con-cuentas\/"},"modified":"2026-03-27T16:55:51","modified_gmt":"2026-03-27T16:55:51","slug":"circuito-de-alambre-con-cuentas","status":"publish","type":"product","link":"https:\/\/aukinkochile.com\/web\/producto\/circuito-de-alambre-con-cuentas\/","title":{"rendered":"Circuito Alambre con Cuentas Madera"},"content":{"rendered":"<p>Divertido circuito de alambres de colores con cuentas de madera de diferentes formas y colores. Un juego ideal para desarrollar la habilidad motriz. De gran dise\u00f1o y gran calidad. Fabricado en material suave y resistente.<\/p>\n<p><p><strong>Material : <\/strong> Madera<\/p>\n<p><strong>C\u00f3digo Aukinko : <\/strong> 18-256256<\/p>\n<p><strong>C\u00f3digo Convenio Marco : <\/strong> x<\/p>\n","protected":false},"excerpt":{"rendered":"<p>Divertido circuito de alambres de colores con cuentas de madera de diferentes formas y colores. Un juego ideal para desarrollar la habilidad motriz. De gran dise\u00f1o y gran calidad. Fabricado en material suave y resistente. Material : Madera C\u00f3digo Aukinko : 18-256256 C\u00f3digo Convenio Marco : x<\/p>\n","protected":false},"featured_media":625108,"comment_status":"open","ping_status":"closed","template":"","meta":{"_et_pb_use_builder":"","_et_pb_old_content":"","_et_gb_content_width":""},"product_brand":[],"product_cat":[91,7385,20],"product_tag":[],"class_list":{"0":"post-583537","1":"product","2":"type-product","3":"status-publish","4":"has-post-thumbnail","6":"product_cat-accesorios-sala","7":"product_cat-estimulacion-cognitiva-y-motora-para-adultos-mayores","8":"product_cat-motricidad-fina","9":"pa_edad-1-a-2-anos","10":"pa_edad-2-a-3-anos","11":"pa_edad-3-a-4-anos","12":"pa_marca-viga","13":"pa_medidas-19-x-13-x-24","14":"pa_medidas-8-cm","16":"first","17":"instock","18":"shipping-taxable","19":"purchasable","20":"product-type-simple"},"aioseo_notices":[],"_links":{"self":[{"href":"https:\/\/aukinkochile.com\/web\/wp-json\/wp\/v2\/product\/583537","targetHints":{"allow":["GET"]}}],"collection":[{"href":"https:\/\/aukinkochile.com\/web\/wp-json\/wp\/v2\/product"}],"about":[{"href":"https:\/\/aukinkochile.com\/web\/wp-json\/wp\/v2\/types\/product"}],"replies":[{"embeddable":true,"href":"https:\/\/aukinkochile.com\/web\/wp-json\/wp\/v2\/comments?post=583537"}],"wp:featuredmedia":[{"embeddable":true,"href":"https:\/\/aukinkochile.com\/web\/wp-json\/wp\/v2\/media\/625108"}],"wp:attachment":[{"href":"https:\/\/aukinkochile.com\/web\/wp-json\/wp\/v2\/media?parent=583537"}],"wp:term":[{"taxonomy":"product_brand","embeddable":true,"href":"https:\/\/aukinkochile.com\/web\/wp-json\/wp\/v2\/product_brand?post=583537"},{"taxonomy":"product_cat","embeddable":true,"href":"https:\/\/aukinkochile.com\/web\/wp-json\/wp\/v2\/product_cat?post=583537"},{"taxonomy":"product_tag","embeddable":true,"href":"https:\/\/aukinkochile.com\/web\/wp-json\/wp\/v2\/product_tag?post=583537"}],"curies":[{"name":"wp","href":"https:\/\/api.w.org\/{rel}","templated":true}]}}