{"id":583532,"date":"2022-04-29T21:25:08","date_gmt":"2022-04-29T21:25:08","guid":{"rendered":"https:\/\/aukinkochile.com\/web\/producto\/bloques-logicos-madera-2\/"},"modified":"2025-11-06T20:09:08","modified_gmt":"2025-11-06T20:09:08","slug":"bloques-logicos-madera-2","status":"publish","type":"product","link":"https:\/\/aukinkochile.com\/web\/producto\/bloques-logicos-madera-2\/","title":{"rendered":"Bloques Madera L\u00f3gicos"},"content":{"rendered":"<p>Divertido juego educativo dise\u00f1ado para estimular el reconocimiento de las formas geom\u00e9tricas de una forma entretenida. Incluye 48 bloques l\u00f3gicos de madera, de diferentes tama\u00f1os y formas: 6 c\u00edrculos grandes (8 cm di\u00e1metro x 1 cm) y 6 c\u00edrculos peque\u00f1os, 6 cuadrados grandes y 6 cuadrados peque\u00f1os, 6 rect\u00e1ngulos grandes y 6 rect\u00e1ngulos peque\u00f1os, 6 tri\u00e1ngulos grandes y 6 tri\u00e1ngulos peque\u00f1os. En 3 colores diferentes. Viene en una pr\u00e1ctica caja de madera para guardarlos f\u00e1cilmente. De gran calidad y dise\u00f1o. Fabricado en material suave y resistente.<\/p>\n<p><p><strong>Material : <\/strong> Madera<\/p>\n<p><strong>C\u00f3digo Aukinko : <\/strong> 18-256164<\/p>\n<p><strong>C\u00f3digo Convenio Marco : <\/strong> x<\/p>\n","protected":false},"excerpt":{"rendered":"<p>Divertido juego educativo dise\u00f1ado para estimular el reconocimiento de las formas geom\u00e9tricas de una forma entretenida. Incluye 48 bloques l\u00f3gicos de madera, de diferentes tama\u00f1os y formas: 6 c\u00edrculos grandes (8 cm di\u00e1metro x 1 cm) y 6 c\u00edrculos peque\u00f1os, 6 cuadrados grandes y 6 cuadrados peque\u00f1os, 6 rect\u00e1ngulos grandes y 6 rect\u00e1ngulos peque\u00f1os, 6 [&hellip;]<\/p>\n","protected":false},"featured_media":625102,"comment_status":"open","ping_status":"closed","template":"","meta":{"_et_pb_use_builder":"","_et_pb_old_content":"","_et_gb_content_width":""},"product_brand":[],"product_cat":[91,19,20],"product_tag":[],"class_list":{"0":"post-583532","1":"product","2":"type-product","3":"status-publish","4":"has-post-thumbnail","6":"product_cat-accesorios-sala","7":"product_cat-construccion","8":"product_cat-motricidad-fina","9":"pa_edad-3-a-4-anos","10":"pa_edad-4-a-5-anos","11":"pa_edad-5-a-6-anos","12":"pa_marca-viga","13":"pa_medidas-25-x-15","14":"pa_medidas-5-x-8-cm","16":"first","17":"instock","18":"shipping-taxable","19":"purchasable","20":"product-type-simple"},"aioseo_notices":[],"_links":{"self":[{"href":"https:\/\/aukinkochile.com\/web\/wp-json\/wp\/v2\/product\/583532","targetHints":{"allow":["GET"]}}],"collection":[{"href":"https:\/\/aukinkochile.com\/web\/wp-json\/wp\/v2\/product"}],"about":[{"href":"https:\/\/aukinkochile.com\/web\/wp-json\/wp\/v2\/types\/product"}],"replies":[{"embeddable":true,"href":"https:\/\/aukinkochile.com\/web\/wp-json\/wp\/v2\/comments?post=583532"}],"wp:featuredmedia":[{"embeddable":true,"href":"https:\/\/aukinkochile.com\/web\/wp-json\/wp\/v2\/media\/625102"}],"wp:attachment":[{"href":"https:\/\/aukinkochile.com\/web\/wp-json\/wp\/v2\/media?parent=583532"}],"wp:term":[{"taxonomy":"product_brand","embeddable":true,"href":"https:\/\/aukinkochile.com\/web\/wp-json\/wp\/v2\/product_brand?post=583532"},{"taxonomy":"product_cat","embeddable":true,"href":"https:\/\/aukinkochile.com\/web\/wp-json\/wp\/v2\/product_cat?post=583532"},{"taxonomy":"product_tag","embeddable":true,"href":"https:\/\/aukinkochile.com\/web\/wp-json\/wp\/v2\/product_tag?post=583532"}],"curies":[{"name":"wp","href":"https:\/\/api.w.org\/{rel}","templated":true}]}}