{"id":583529,"date":"2022-04-29T21:25:07","date_gmt":"2022-04-29T21:25:07","guid":{"rendered":"https:\/\/aukinkochile.com\/web\/producto\/abaco-madera-50-cuentas\/"},"modified":"2025-11-06T20:08:44","modified_gmt":"2025-11-06T20:08:44","slug":"abaco-madera-50-cuentas","status":"publish","type":"product","link":"https:\/\/aukinkochile.com\/web\/producto\/abaco-madera-50-cuentas\/","title":{"rendered":"Abaco Madera 50 Cuentas Madera"},"content":{"rendered":"<p>Este \u00e1baco confeccionado en madera de calidad europea tiene una estructura solida y firme que lo hace ideal para utilizarlo tanto en el hogar como en las salas de ni\u00f1os y ni\u00f1as en centros educativos. De colores vivos. De gran calidad y resistencia. Contiene 5 barras de madera con 10 cuentas de colores por barra. El \u00e1baco es un material did\u00e1ctico muy \u00fatil para la ense\u00f1anza de matem\u00e1ticas en la primera infancia as\u00ed como tambi\u00e9n puede utilizarse para reconocer colores y estimular la motricidad fina. Fabricado en material suave y resistente.<\/p>\n<p><p><strong>Material : <\/strong> Madera<\/p>\n<p><strong>C\u00f3digo Aukinko : <\/strong> 18-254224<\/p>\n<p><strong>C\u00f3digo Convenio Marco : <\/strong> x<\/p>\n","protected":false},"excerpt":{"rendered":"<p>Este \u00e1baco confeccionado en madera de calidad europea tiene una estructura solida y firme que lo hace ideal para utilizarlo tanto en el hogar como en las salas de ni\u00f1os y ni\u00f1as en centros educativos. De colores vivos. De gran calidad y resistencia. Contiene 5 barras de madera con 10 cuentas de colores por barra. [&hellip;]<\/p>\n","protected":false},"featured_media":625096,"comment_status":"open","ping_status":"closed","template":"","meta":{"_et_pb_use_builder":"","_et_pb_old_content":"","_et_gb_content_width":""},"product_brand":[],"product_cat":[91,90],"product_tag":[],"class_list":{"0":"post-583529","1":"product","2":"type-product","3":"status-publish","4":"has-post-thumbnail","6":"product_cat-accesorios-sala","7":"product_cat-matematicas","8":"pa_edad-3-a-4-anos","9":"pa_edad-4-a-5-anos","10":"pa_edad-5-a-6-anos","11":"pa_edad-6-a-8-anos","12":"pa_marca-viga","13":"pa_medidas-4400","14":"pa_medidas-5-x-19","15":"pa_medidas-5-x-5-cm","17":"first","18":"instock","19":"shipping-taxable","20":"purchasable","21":"product-type-simple"},"aioseo_notices":[],"_links":{"self":[{"href":"https:\/\/aukinkochile.com\/web\/wp-json\/wp\/v2\/product\/583529","targetHints":{"allow":["GET"]}}],"collection":[{"href":"https:\/\/aukinkochile.com\/web\/wp-json\/wp\/v2\/product"}],"about":[{"href":"https:\/\/aukinkochile.com\/web\/wp-json\/wp\/v2\/types\/product"}],"replies":[{"embeddable":true,"href":"https:\/\/aukinkochile.com\/web\/wp-json\/wp\/v2\/comments?post=583529"}],"wp:featuredmedia":[{"embeddable":true,"href":"https:\/\/aukinkochile.com\/web\/wp-json\/wp\/v2\/media\/625096"}],"wp:attachment":[{"href":"https:\/\/aukinkochile.com\/web\/wp-json\/wp\/v2\/media?parent=583529"}],"wp:term":[{"taxonomy":"product_brand","embeddable":true,"href":"https:\/\/aukinkochile.com\/web\/wp-json\/wp\/v2\/product_brand?post=583529"},{"taxonomy":"product_cat","embeddable":true,"href":"https:\/\/aukinkochile.com\/web\/wp-json\/wp\/v2\/product_cat?post=583529"},{"taxonomy":"product_tag","embeddable":true,"href":"https:\/\/aukinkochile.com\/web\/wp-json\/wp\/v2\/product_tag?post=583529"}],"curies":[{"name":"wp","href":"https:\/\/api.w.org\/{rel}","templated":true}]}}