{"id":583524,"date":"2022-04-29T21:25:04","date_gmt":"2022-04-29T21:25:04","guid":{"rendered":"https:\/\/aukinkochile.com\/web\/producto\/manualidades-mostacillas-madera-verde-180-pz\/"},"modified":"2025-11-06T20:08:40","modified_gmt":"2025-11-06T20:08:40","slug":"manualidades-mostacillas-madera-verde-180-pz","status":"publish","type":"product","link":"https:\/\/aukinkochile.com\/web\/producto\/manualidades-mostacillas-madera-verde-180-pz\/","title":{"rendered":"Mostacillas Madera Verde 180 pz"},"content":{"rendered":"<p>Preciosa caja de madera con mostacillas para pasar horas de diversi\u00f3n haciendo las m\u00e1s lindas creaciones. Contiene 180 cuentas (1,5 cm) de madera diferentes en 8 formas diferentes, m\u00e1s 5 cordones de colores. Los ni\u00f1os y ni\u00f1as pueden crear su propio collar o pulsera. Fabricado en material suave y resistente.<\/p>\n<p><p><strong>Material : <\/strong> Madera<\/p>\n<p><strong>C\u00f3digo Aukinko : <\/strong> 18-252730<\/p>\n<p><strong>C\u00f3digo Convenio Marco : <\/strong> x<\/p>\n","protected":false},"excerpt":{"rendered":"<p>Preciosa caja de madera con mostacillas para pasar horas de diversi\u00f3n haciendo las m\u00e1s lindas creaciones. Contiene 180 cuentas (1,5 cm) de madera diferentes en 8 formas diferentes, m\u00e1s 5 cordones de colores. Los ni\u00f1os y ni\u00f1as pueden crear su propio collar o pulsera. Fabricado en material suave y resistente. Material : Madera C\u00f3digo Aukinko [&hellip;]<\/p>\n","protected":false},"featured_media":625088,"comment_status":"open","ping_status":"closed","template":"","meta":{"_et_pb_use_builder":"","_et_pb_old_content":"","_et_gb_content_width":""},"product_brand":[],"product_cat":[91,21,20],"product_tag":[],"class_list":{"0":"post-583524","1":"product","2":"type-product","3":"status-publish","4":"has-post-thumbnail","6":"product_cat-accesorios-sala","7":"product_cat-arte-y-manipulacion","8":"product_cat-motricidad-fina","9":"pa_edad-3-a-4-anos","10":"pa_edad-4-a-5-anos","11":"pa_edad-5-a-6-anos","12":"pa_edad-6-a-8-anos","13":"pa_marca-viga","14":"pa_medidas-25-x-4-x-15","15":"pa_medidas-5-cm","17":"first","18":"instock","19":"shipping-taxable","20":"purchasable","21":"product-type-simple"},"aioseo_notices":[],"_links":{"self":[{"href":"https:\/\/aukinkochile.com\/web\/wp-json\/wp\/v2\/product\/583524","targetHints":{"allow":["GET"]}}],"collection":[{"href":"https:\/\/aukinkochile.com\/web\/wp-json\/wp\/v2\/product"}],"about":[{"href":"https:\/\/aukinkochile.com\/web\/wp-json\/wp\/v2\/types\/product"}],"replies":[{"embeddable":true,"href":"https:\/\/aukinkochile.com\/web\/wp-json\/wp\/v2\/comments?post=583524"}],"wp:featuredmedia":[{"embeddable":true,"href":"https:\/\/aukinkochile.com\/web\/wp-json\/wp\/v2\/media\/625088"}],"wp:attachment":[{"href":"https:\/\/aukinkochile.com\/web\/wp-json\/wp\/v2\/media?parent=583524"}],"wp:term":[{"taxonomy":"product_brand","embeddable":true,"href":"https:\/\/aukinkochile.com\/web\/wp-json\/wp\/v2\/product_brand?post=583524"},{"taxonomy":"product_cat","embeddable":true,"href":"https:\/\/aukinkochile.com\/web\/wp-json\/wp\/v2\/product_cat?post=583524"},{"taxonomy":"product_tag","embeddable":true,"href":"https:\/\/aukinkochile.com\/web\/wp-json\/wp\/v2\/product_tag?post=583524"}],"curies":[{"name":"wp","href":"https:\/\/api.w.org\/{rel}","templated":true}]}}