{"id":583518,"date":"2022-04-29T21:25:02","date_gmt":"2022-04-29T21:25:02","guid":{"rendered":"https:\/\/aukinkochile.com\/web\/producto\/vehiculo-centro-de-grua\/"},"modified":"2025-11-06T20:08:34","modified_gmt":"2025-11-06T20:08:34","slug":"vehiculo-centro-de-grua","status":"publish","type":"product","link":"https:\/\/aukinkochile.com\/web\/producto\/vehiculo-centro-de-grua\/","title":{"rendered":"Centro de Gr\u00faa Madera"},"content":{"rendered":"<p>Los futuros constructores ponen en juego su imaginaci\u00f3n con este de sitio de construcci\u00f3n. Deja que los peque\u00f1os planificadores describan la escena mientras configura cada pieza. Contiene elevador de gr\u00faa con dumper, 4 cargas, 3 figuras de constructores, 1 veh\u00edculo de carga, 1 valla contenci\u00f3n. Los juegos de imitaci\u00f3n son ideales para estimular la imaginaci\u00f3n, desarrollar habilidades sociales y f\u00edsicas y mucho m\u00e1s, de una forma muy entretenida. Promueven la interacci\u00f3n entre ni\u00f1os y adultos. Construcci\u00f3n de madera estable y de lata calidad. Fabricado en material suave y resistente.<\/p>\n<p><p><strong>Material : <\/strong> Madera<\/p>\n<p><strong>C\u00f3digo Aukinko : <\/strong> 18-251616<\/p>\n<p><strong>C\u00f3digo Convenio Marco : <\/strong> x<\/p>\n","protected":false},"excerpt":{"rendered":"<p>Los futuros constructores ponen en juego su imaginaci\u00f3n con este de sitio de construcci\u00f3n. Deja que los peque\u00f1os planificadores describan la escena mientras configura cada pieza. Contiene elevador de gr\u00faa con dumper, 4 cargas, 3 figuras de constructores, 1 veh\u00edculo de carga, 1 valla contenci\u00f3n. Los juegos de imitaci\u00f3n son ideales para estimular la imaginaci\u00f3n, [&hellip;]<\/p>\n","protected":false},"featured_media":625079,"comment_status":"open","ping_status":"closed","template":"","meta":{"_et_pb_use_builder":"","_et_pb_old_content":"","_et_gb_content_width":""},"product_brand":[],"product_cat":[17],"product_tag":[],"class_list":{"0":"post-583518","1":"product","2":"type-product","3":"status-publish","4":"has-post-thumbnail","6":"product_cat-juegos-de-rol","7":"pa_edad-3-a-4-anos","8":"pa_edad-4-a-5-anos","9":"pa_edad-5-a-6-anos","10":"pa_edad-6-a-8-anos","11":"pa_marca-viga","12":"pa_medidas-4410","13":"pa_medidas-5-x-21-x-11-cm","15":"first","16":"instock","17":"shipping-taxable","18":"purchasable","19":"product-type-simple"},"aioseo_notices":[],"_links":{"self":[{"href":"https:\/\/aukinkochile.com\/web\/wp-json\/wp\/v2\/product\/583518","targetHints":{"allow":["GET"]}}],"collection":[{"href":"https:\/\/aukinkochile.com\/web\/wp-json\/wp\/v2\/product"}],"about":[{"href":"https:\/\/aukinkochile.com\/web\/wp-json\/wp\/v2\/types\/product"}],"replies":[{"embeddable":true,"href":"https:\/\/aukinkochile.com\/web\/wp-json\/wp\/v2\/comments?post=583518"}],"wp:featuredmedia":[{"embeddable":true,"href":"https:\/\/aukinkochile.com\/web\/wp-json\/wp\/v2\/media\/625079"}],"wp:attachment":[{"href":"https:\/\/aukinkochile.com\/web\/wp-json\/wp\/v2\/media?parent=583518"}],"wp:term":[{"taxonomy":"product_brand","embeddable":true,"href":"https:\/\/aukinkochile.com\/web\/wp-json\/wp\/v2\/product_brand?post=583518"},{"taxonomy":"product_cat","embeddable":true,"href":"https:\/\/aukinkochile.com\/web\/wp-json\/wp\/v2\/product_cat?post=583518"},{"taxonomy":"product_tag","embeddable":true,"href":"https:\/\/aukinkochile.com\/web\/wp-json\/wp\/v2\/product_tag?post=583518"}],"curies":[{"name":"wp","href":"https:\/\/api.w.org\/{rel}","templated":true}]}}