{"id":583501,"date":"2022-04-29T21:24:53","date_gmt":"2022-04-29T21:24:53","guid":{"rendered":"https:\/\/aukinkochile.com\/web\/producto\/puzle-madera-4-pz-cebra\/"},"modified":"2025-11-06T20:08:31","modified_gmt":"2025-11-06T20:08:31","slug":"puzle-madera-4-pz-cebra","status":"publish","type":"product","link":"https:\/\/aukinkochile.com\/web\/producto\/puzle-madera-4-pz-cebra\/","title":{"rendered":"Puzle Madera 4 pz Cebra"},"content":{"rendered":"<p>Hermoso puzle plano de colores brillantes con un divertido animal para armar. Con solo 4 piezas es ideal para introducir a los m\u00e1s peque\u00f1os a los puzles en donde deben utilizar el pensamiento l\u00f3gico, es muy sencillo ya que incluye la imagen debajo de cada pieza como referencia. De gran tama\u00f1o para las peque\u00f1as manos. Los puzles son juegos que estimulan a los ni\u00f1as y ni\u00f1os en el desarrollo de la coordinaci\u00f3n mano-ojo, el reconocimiento de colores y formas, el pensamiento l\u00f3gico, la concentraci\u00f3n y mucho m\u00e1s. De material suave y resistente y colores vivos.<\/p>\n<p><p><strong>Material : <\/strong> Madera<\/p>\n<p><strong>C\u00f3digo Aukinko : <\/strong> 18-251317<\/p>\n<p><strong>C\u00f3digo Convenio Marco : <\/strong> x<\/p>\n","protected":false},"excerpt":{"rendered":"<p>Hermoso puzle plano de colores brillantes con un divertido animal para armar. Con solo 4 piezas es ideal para introducir a los m\u00e1s peque\u00f1os a los puzles en donde deben utilizar el pensamiento l\u00f3gico, es muy sencillo ya que incluye la imagen debajo de cada pieza como referencia. De gran tama\u00f1o para las peque\u00f1as manos. [&hellip;]<\/p>\n","protected":false},"featured_media":625062,"comment_status":"open","ping_status":"closed","template":"","meta":{"_et_pb_use_builder":"","_et_pb_old_content":"","_et_gb_content_width":""},"product_brand":[],"product_cat":[91,20,22],"product_tag":[],"class_list":{"0":"post-583501","1":"product","2":"type-product","3":"status-publish","4":"has-post-thumbnail","6":"product_cat-accesorios-sala","7":"product_cat-motricidad-fina","8":"product_cat-puzzles","9":"pa_edad-1-a-2-anos","10":"pa_edad-2-a-3-anos","11":"pa_edad-3-a-4-anos","12":"pa_marca-viga","13":"pa_medidas-15-x-15-x-0","14":"pa_medidas-8-cm","16":"first","17":"instock","18":"shipping-taxable","19":"purchasable","20":"product-type-simple"},"aioseo_notices":[],"_links":{"self":[{"href":"https:\/\/aukinkochile.com\/web\/wp-json\/wp\/v2\/product\/583501","targetHints":{"allow":["GET"]}}],"collection":[{"href":"https:\/\/aukinkochile.com\/web\/wp-json\/wp\/v2\/product"}],"about":[{"href":"https:\/\/aukinkochile.com\/web\/wp-json\/wp\/v2\/types\/product"}],"replies":[{"embeddable":true,"href":"https:\/\/aukinkochile.com\/web\/wp-json\/wp\/v2\/comments?post=583501"}],"wp:featuredmedia":[{"embeddable":true,"href":"https:\/\/aukinkochile.com\/web\/wp-json\/wp\/v2\/media\/625062"}],"wp:attachment":[{"href":"https:\/\/aukinkochile.com\/web\/wp-json\/wp\/v2\/media?parent=583501"}],"wp:term":[{"taxonomy":"product_brand","embeddable":true,"href":"https:\/\/aukinkochile.com\/web\/wp-json\/wp\/v2\/product_brand?post=583501"},{"taxonomy":"product_cat","embeddable":true,"href":"https:\/\/aukinkochile.com\/web\/wp-json\/wp\/v2\/product_cat?post=583501"},{"taxonomy":"product_tag","embeddable":true,"href":"https:\/\/aukinkochile.com\/web\/wp-json\/wp\/v2\/product_tag?post=583501"}],"curies":[{"name":"wp","href":"https:\/\/api.w.org\/{rel}","templated":true}]}}